{"id":29190,"date":"2025-02-20T23:30:08","date_gmt":"2025-02-20T22:30:08","guid":{"rendered":"https:\/\/olemosaic.orbitalia.org\/producto\/bol-de-coco-con-flores-flor\/"},"modified":"2025-07-25T18:43:49","modified_gmt":"2025-07-25T16:43:49","slug":"taca-de-coco-com-flores-flor","status":"publish","type":"product","link":"https:\/\/olemosaic.orbitalia.org\/pt-pt\/produto\/taca-de-coco-com-flores-flor\/","title":{"rendered":"Ta\u00e7a de coco com flores. Flor."},"content":{"rendered":"<p>Esta ta\u00e7a de coco decorada com flores \u00e9 uma aut\u00eantica joia artesanal, ideal para quem deseja conferir um toque ex\u00f3tico e vibrante ao seu lar. Elaborada a partir de coco natural, a sua base apresenta uma fascinante pintura \u00e0 m\u00e3o que real\u00e7a motivos florais numa paleta de cores quentes, como o amarelo, o rosa e o azul. A flor central, de grande beleza, \u00e9 acompanhada por pequenos elementos em tons contrastantes, criando um efeito visual cativante e harmonioso que atrai o olhar.<\/p>\n<p>Os detalhes de n\u00e1car finamente incrustados acrescentam um brilho distintivo \u00e0 superf\u00edcie da ta\u00e7a, conferindo um extra de eleg\u00e2ncia que a torna o centro das aten\u00e7\u00f5es de qualquer espa\u00e7o. Esta ta\u00e7a n\u00e3o s\u00f3 \u00e9 ideal como centro de mesa, mas tamb\u00e9m oferece uma funcionalidade pr\u00e1tica para guardar pequenos objetos, combinando beleza e utilidade.<\/p>\n<p>Com ra\u00edzes na tradi\u00e7\u00e3o artesanal, este souvenir evoca a riqueza cultural de regi\u00f5es onde a criatividade e a destreza manual foram transmitidas de gera\u00e7\u00e3o em gera\u00e7\u00e3o. Esta ta\u00e7a de coco \u00e9 um excelente presente para turistas que procuram recorda\u00e7\u00f5es aut\u00eanticas que representem a ess\u00eancia do lugar visitado. Na Ol\u00e9 Mosaic, comprometemo-nos a oferecer souvenirs de alta qualidade por grosso, perfeitos para lojas de presentes tur\u00edsticos que valorizam a autenticidade cultural e a beleza art\u00edstica em cada pe\u00e7a.<\/p>\n","protected":false},"excerpt":{"rendered":"<p>Ta\u00e7a de coco decorada com flores, ideal para adicionar um toque ex\u00f3tico ao seu lar. Esta preciosa ta\u00e7a, com base de coco artesanal e design pintado \u00e0 m\u00e3o, est\u00e1 adornada com motivos florais em tons quentes como amarelo, rosa e azul. Os detalhes de n\u00e1car acrescentam um brilho distintivo, criando um contraste fascinante com o fundo claro da ta\u00e7a. Perfeita como centro de mesa ou para guardar pequenos objetos, esta recorda\u00e7\u00e3o evoca a riqueza cultural da tradi\u00e7\u00e3o artesanal.<\/p>\n","protected":false},"featured_media":10300,"template":"","meta":{"_acf_changed":false},"product_brand":[],"product_cat":[513],"product_tag":[],"class_list":{"0":"post-29190","1":"product","2":"type-product","3":"status-publish","4":"has-post-thumbnail","6":"product_cat-bols","7":"pa_motivo-flores","9":"first","10":"instock","11":"shipping-taxable","12":"product-type-simple"},"acf":[],"_links":{"self":[{"href":"https:\/\/olemosaic.orbitalia.org\/pt-pt\/wp-json\/wp\/v2\/product\/29190","targetHints":{"allow":["GET"]}}],"collection":[{"href":"https:\/\/olemosaic.orbitalia.org\/pt-pt\/wp-json\/wp\/v2\/product"}],"about":[{"href":"https:\/\/olemosaic.orbitalia.org\/pt-pt\/wp-json\/wp\/v2\/types\/product"}],"wp:featuredmedia":[{"embeddable":true,"href":"https:\/\/olemosaic.orbitalia.org\/pt-pt\/wp-json\/wp\/v2\/media\/10300"}],"wp:attachment":[{"href":"https:\/\/olemosaic.orbitalia.org\/pt-pt\/wp-json\/wp\/v2\/media?parent=29190"}],"wp:term":[{"taxonomy":"product_brand","embeddable":true,"href":"https:\/\/olemosaic.orbitalia.org\/pt-pt\/wp-json\/wp\/v2\/product_brand?post=29190"},{"taxonomy":"product_cat","embeddable":true,"href":"https:\/\/olemosaic.orbitalia.org\/pt-pt\/wp-json\/wp\/v2\/product_cat?post=29190"},{"taxonomy":"product_tag","embeddable":true,"href":"https:\/\/olemosaic.orbitalia.org\/pt-pt\/wp-json\/wp\/v2\/product_tag?post=29190"}],"curies":[{"name":"wp","href":"https:\/\/api.w.org\/{rel}","templated":true}]}}