{"id":29176,"date":"2025-02-20T22:30:07","date_gmt":"2025-02-20T22:30:07","guid":{"rendered":"https:\/\/olemosaic.orbitalia.org\/producto\/bol-de-coco-de-corazones-delfin-mallorca\/"},"modified":"2025-07-25T18:50:14","modified_gmt":"2025-07-25T16:50:14","slug":"taca-de-coco-de-coracoes-golfinho-maiorca","status":"publish","type":"product","link":"https:\/\/olemosaic.orbitalia.org\/pt-pt\/produto\/taca-de-coco-de-coracoes-golfinho-maiorca\/","title":{"rendered":"Ta\u00e7a de coco de cora\u00e7\u00f5es. Golfinho. Maiorca."},"content":{"rendered":"<p>Esta ta\u00e7a de coco decorada com cora\u00e7\u00f5es e um golfinho \u00e9 um souvenir atraente que capta a ess\u00eancia da beleza de Maiorca. Com um design fascinante em mosaico, a ta\u00e7a apresenta uma vibrante variedade de cores em forma de cora\u00e7\u00f5es, que oscilam entre tons azuis profundos, laranjas quentes e castanhos terrosos, transmitindo a alegria e a vitalidade que caracterizam a ilha. No centro, destaca-se uma encantadora ilustra\u00e7\u00e3o de um golfinho, que n\u00e3o s\u00f3 complementa a tem\u00e1tica marinha do produto, como tamb\u00e9m simboliza a rica fauna que habita as \u00e1guas do Mediterr\u00e2neo.<\/p>\n<p>Esta ta\u00e7a \u00e9 uma pe\u00e7a vers\u00e1til, ideal tanto como elemento decorativo para real\u00e7ar qualquer espa\u00e7o, como para servir aperitivos em reuni\u00f5es familiares ou eventos especiais. A superf\u00edcie polida da ta\u00e7a reflete a luz de maneira cativante, fazendo de cada refei\u00e7\u00e3o uma experi\u00eancia visual e sensorial. A autenticidade deste souvenir de Maiorca reside n\u00e3o s\u00f3 no seu design atraente, mas tamb\u00e9m no meticuloso artesanato local que o sustenta, fazendo de cada ta\u00e7a uma obra \u00fanica.<\/p>\n<p>Como parte da gama de produtos da Ol\u00e9 Mosaic, esta ta\u00e7a de cora\u00e7\u00f5es e golfinho \u00e9 uma excelente op\u00e7\u00e3o para lojas de presentes tur\u00edsticos que procuram oferecer recorda\u00e7\u00f5es aut\u00eanticas e elementos decorativos com significado cultural. Com o seu estilo distintivo, \u00e9 uma recorda\u00e7\u00e3o perfeita que celebra a vida na ilha, tornando-se uma op\u00e7\u00e3o favorita entre os turistas que desejam levar um pedacinho do encanto mediterr\u00e2nico para casa.<\/p>\n","protected":false},"excerpt":{"rendered":"<p>Ta\u00e7a de coco decorada com cora\u00e7\u00f5es e um golfinho, inspirada na beleza de Maiorca. Esta atraente ta\u00e7a apresenta um design de mosaico com cores vibrantes em forma de cora\u00e7\u00f5es, em tons azuis, laranjas e castanhos. No centro, destaca-se a ilustra\u00e7\u00e3o de um golfinho, em harmonia com a tem\u00e1tica marinha da ilha. Ideal como elemento decorativo ou para servir aperitivos, esta ta\u00e7a real\u00e7a o artesanato local e o encanto do Mediterr\u00e2neo.<\/p>\n","protected":false},"featured_media":10357,"template":"","meta":{"_acf_changed":false},"product_brand":[],"product_cat":[513],"product_tag":[516],"class_list":{"0":"post-29176","1":"product","2":"type-product","3":"status-publish","4":"has-post-thumbnail","6":"product_cat-bols","7":"product_tag-animais","8":"pa_ciudad-mallorca","9":"pa_motivo-golfinhos","10":"pa_pais-espana","12":"first","13":"instock","14":"shipping-taxable","15":"product-type-simple"},"acf":[],"_links":{"self":[{"href":"https:\/\/olemosaic.orbitalia.org\/pt-pt\/wp-json\/wp\/v2\/product\/29176","targetHints":{"allow":["GET"]}}],"collection":[{"href":"https:\/\/olemosaic.orbitalia.org\/pt-pt\/wp-json\/wp\/v2\/product"}],"about":[{"href":"https:\/\/olemosaic.orbitalia.org\/pt-pt\/wp-json\/wp\/v2\/types\/product"}],"wp:featuredmedia":[{"embeddable":true,"href":"https:\/\/olemosaic.orbitalia.org\/pt-pt\/wp-json\/wp\/v2\/media\/10357"}],"wp:attachment":[{"href":"https:\/\/olemosaic.orbitalia.org\/pt-pt\/wp-json\/wp\/v2\/media?parent=29176"}],"wp:term":[{"taxonomy":"product_brand","embeddable":true,"href":"https:\/\/olemosaic.orbitalia.org\/pt-pt\/wp-json\/wp\/v2\/product_brand?post=29176"},{"taxonomy":"product_cat","embeddable":true,"href":"https:\/\/olemosaic.orbitalia.org\/pt-pt\/wp-json\/wp\/v2\/product_cat?post=29176"},{"taxonomy":"product_tag","embeddable":true,"href":"https:\/\/olemosaic.orbitalia.org\/pt-pt\/wp-json\/wp\/v2\/product_tag?post=29176"}],"curies":[{"name":"wp","href":"https:\/\/api.w.org\/{rel}","templated":true}]}}