{"id":29175,"date":"2025-02-20T23:30:07","date_gmt":"2025-02-20T22:30:07","guid":{"rendered":"https:\/\/olemosaic.orbitalia.org\/producto\/bol-de-coco-de-corazones-delfin\/"},"modified":"2025-07-25T18:57:46","modified_gmt":"2025-07-25T16:57:46","slug":"taca-de-coco-de-coracoes-golfinho","status":"publish","type":"product","link":"https:\/\/olemosaic.orbitalia.org\/pt-pt\/produto\/taca-de-coco-de-coracoes-golfinho\/","title":{"rendered":"Ta\u00e7a de coco de cora\u00e7\u00f5es. Golfinho."},"content":{"rendered":"<p>Esta ta\u00e7a de coco, decorada com cora\u00e7\u00f5es e golfinhos, \u00e9 uma bela representa\u00e7\u00e3o da arte tradicional que encapsula a ess\u00eancia do ambiente marinho e festivo. Fabricada com casca de coco, esta ta\u00e7a n\u00e3o s\u00f3 \u00e9 funcional, como tamb\u00e9m se torna um atraente elemento decorativo para qualquer casa. O seu design intrincado apresenta um fundo claro que real\u00e7a uma variedade de cora\u00e7\u00f5es em tons vibrantes de azul, cor-de-laranja e terracota, criando um efeito visual din\u00e2mico e alegre. No centro, dois delicados golfinhos, modelados em relevo, parecem brincar e nadar num ambiente marinho, simbolizando a alegria e a liberdade.<\/p>\n<p>Esta pe\u00e7a \u00fanica n\u00e3o s\u00f3 reflete a criatividade do artes\u00e3o local, como tamb\u00e9m se destaca pela sua pintura \u00e0 m\u00e3o, o que garante que cada ta\u00e7a seja uma obra \u00fanica cheia de car\u00e1ter aut\u00eantico. Esta ta\u00e7a de coco \u00e9 perfeita para servir aperitivos, saladas ou simplesmente como um adorno decorativo que trar\u00e1 um toque especial a qualquer divis\u00e3o.<\/p>\n<p>Como um dos souvenirs mais representativos da tradi\u00e7\u00e3o artesanal, esta ta\u00e7a torna-se uma excelente recorda\u00e7\u00e3o para turistas que procuram levar para casa um peda\u00e7o da cultura local. Na Ol\u00e9 Mosaic, somos distribuidores de souvenirs aut\u00eanticos e relevantes, e esta ta\u00e7a \u00e9 uma excelente op\u00e7\u00e3o para lojas de presentes tur\u00edsticos que desejam oferecer produtos de qualidade que realcem a rica heran\u00e7a cultural da sua regi\u00e3o.<\/p>\n","protected":false},"excerpt":{"rendered":"<p>Ta\u00e7a de coco decorada com cora\u00e7\u00f5es e golfinhos, ideal para dar um toque \u00fanico \u00e0 sua casa. Esta atraente ta\u00e7a apresenta um design intrincado, com um fundo claro adornado com cora\u00e7\u00f5es coloridos em tons azuis, laranjas e terracota, e dois golfinhos em relevo no centro. Fabricada a partir de casca de coco, combina elementos naturais com um acabamento art\u00edstico, destacando o seu design artesanal, pintado \u00e0 m\u00e3o, que lhe confere um car\u00e1ter aut\u00eantico. Perfeita como elemento decorativo ou para servir.<\/p>\n","protected":false},"featured_media":10293,"template":"","meta":{"_acf_changed":false},"product_brand":[],"product_cat":[513],"product_tag":[516],"class_list":{"0":"post-29175","1":"product","2":"type-product","3":"status-publish","4":"has-post-thumbnail","6":"product_cat-bols","7":"product_tag-animais","8":"pa_motivo-golfinhos","10":"first","11":"instock","12":"shipping-taxable","13":"product-type-simple"},"acf":[],"_links":{"self":[{"href":"https:\/\/olemosaic.orbitalia.org\/pt-pt\/wp-json\/wp\/v2\/product\/29175","targetHints":{"allow":["GET"]}}],"collection":[{"href":"https:\/\/olemosaic.orbitalia.org\/pt-pt\/wp-json\/wp\/v2\/product"}],"about":[{"href":"https:\/\/olemosaic.orbitalia.org\/pt-pt\/wp-json\/wp\/v2\/types\/product"}],"wp:featuredmedia":[{"embeddable":true,"href":"https:\/\/olemosaic.orbitalia.org\/pt-pt\/wp-json\/wp\/v2\/media\/10293"}],"wp:attachment":[{"href":"https:\/\/olemosaic.orbitalia.org\/pt-pt\/wp-json\/wp\/v2\/media?parent=29175"}],"wp:term":[{"taxonomy":"product_brand","embeddable":true,"href":"https:\/\/olemosaic.orbitalia.org\/pt-pt\/wp-json\/wp\/v2\/product_brand?post=29175"},{"taxonomy":"product_cat","embeddable":true,"href":"https:\/\/olemosaic.orbitalia.org\/pt-pt\/wp-json\/wp\/v2\/product_cat?post=29175"},{"taxonomy":"product_tag","embeddable":true,"href":"https:\/\/olemosaic.orbitalia.org\/pt-pt\/wp-json\/wp\/v2\/product_tag?post=29175"}],"curies":[{"name":"wp","href":"https:\/\/api.w.org\/{rel}","templated":true}]}}