{"id":29174,"date":"2025-02-20T23:30:07","date_gmt":"2025-02-20T22:30:07","guid":{"rendered":"https:\/\/olemosaic.orbitalia.org\/producto\/bol-de-coco-de-corazones-ibiscus\/"},"modified":"2025-07-25T20:19:52","modified_gmt":"2025-07-25T18:19:52","slug":"taca-de-coco-de-coracoes-hibisco","status":"publish","type":"product","link":"https:\/\/olemosaic.orbitalia.org\/pt-pt\/produto\/taca-de-coco-de-coracoes-hibisco\/","title":{"rendered":"Ta\u00e7a de coco de cora\u00e7\u00f5es. Hibisco."},"content":{"rendered":"<p>Esta ta\u00e7a de coco decorada com cora\u00e7\u00f5es \u00e9 uma pe\u00e7a \u00fanica que trar\u00e1 um toque tropical a qualquer canto da sua casa. Fabricada artesanalmente, esta elegante ta\u00e7a apresenta um design de mosaico pintado \u00e0 m\u00e3o, onde um motivo central de flor de hibisco se destaca com gra\u00e7a sobre o fundo claro, simbolizando a riqueza natural das paisagens costeiras. Os vibrantes cora\u00e7\u00f5es em tons azul e cor-de-laranja rodeiam meticulosamente a flor, criando um contraste visual atraente que evoca o calor e a luminosidade do ver\u00e3o. Esta ta\u00e7a n\u00e3o s\u00f3 \u00e9 perfeita como centro de mesa, mas tamb\u00e9m ideal para servir aperitivos e real\u00e7ar qualquer celebra\u00e7\u00e3o com o seu encanto tropical.<\/p>\n<p>O uso de materiais sustent\u00e1veis no seu fabrico reflete um compromisso com o ambiente, como se aprecia na produ\u00e7\u00e3o tradicional desta regi\u00e3o. Esta ta\u00e7a de coco representa a ess\u00eancia da arte decorativa e \u00e9 o souvenir perfeito para turistas que procuram uma recorda\u00e7\u00e3o aut\u00eantica das suas viagens. Na Ol\u00e9 Mosaic, especializamo-nos na distribui\u00e7\u00e3o de souvenirs, oferecendo produtos que celebram a cultura e o patrim\u00f3nio das regi\u00f5es. Esta ta\u00e7a \u00e9 uma excelente op\u00e7\u00e3o para lojas de presentes tur\u00edsticos, garantindo qualidade e um design exclusivo que ressoar\u00e1 com os visitantes que desejam recordar a sua experi\u00eancia neste espl\u00eandido destino.<\/p>\n","protected":false},"excerpt":{"rendered":"<p>Ta\u00e7a de coco decorada com cora\u00e7\u00f5es em tons azul e cor-de-laranja, ideal para dar um toque tropical a qualquer canto da sua casa. Esta elegante ta\u00e7a apresenta um design de mosaico artesanal, pintado \u00e0 m\u00e3o, com um motivo central de flor de hibisco. Os vibrantes cora\u00e7\u00f5es coloridos contrastam com o fundo claro, criando uma pe\u00e7a visualmente atraente que evoca o calor e a beleza das paisagens costeiras. Perfeita para usar como centro de mesa ou para servir aperitivos.<\/p>\n","protected":false},"featured_media":13480,"template":"","meta":{"_acf_changed":false},"product_brand":[],"product_cat":[513],"product_tag":[],"class_list":{"0":"post-29174","1":"product","2":"type-product","3":"status-publish","4":"has-post-thumbnail","6":"product_cat-bols","7":"pa_motivo-hibisco","9":"first","10":"instock","11":"shipping-taxable","12":"product-type-simple"},"acf":[],"_links":{"self":[{"href":"https:\/\/olemosaic.orbitalia.org\/pt-pt\/wp-json\/wp\/v2\/product\/29174","targetHints":{"allow":["GET"]}}],"collection":[{"href":"https:\/\/olemosaic.orbitalia.org\/pt-pt\/wp-json\/wp\/v2\/product"}],"about":[{"href":"https:\/\/olemosaic.orbitalia.org\/pt-pt\/wp-json\/wp\/v2\/types\/product"}],"wp:featuredmedia":[{"embeddable":true,"href":"https:\/\/olemosaic.orbitalia.org\/pt-pt\/wp-json\/wp\/v2\/media\/13480"}],"wp:attachment":[{"href":"https:\/\/olemosaic.orbitalia.org\/pt-pt\/wp-json\/wp\/v2\/media?parent=29174"}],"wp:term":[{"taxonomy":"product_brand","embeddable":true,"href":"https:\/\/olemosaic.orbitalia.org\/pt-pt\/wp-json\/wp\/v2\/product_brand?post=29174"},{"taxonomy":"product_cat","embeddable":true,"href":"https:\/\/olemosaic.orbitalia.org\/pt-pt\/wp-json\/wp\/v2\/product_cat?post=29174"},{"taxonomy":"product_tag","embeddable":true,"href":"https:\/\/olemosaic.orbitalia.org\/pt-pt\/wp-json\/wp\/v2\/product_tag?post=29174"}],"curies":[{"name":"wp","href":"https:\/\/api.w.org\/{rel}","templated":true}]}}