{"id":29165,"date":"2025-02-20T23:30:07","date_gmt":"2025-02-20T22:30:07","guid":{"rendered":"https:\/\/olemosaic.orbitalia.org\/producto\/bol-de-coco-de-corazones-sardina-lisboa\/"},"modified":"2025-07-25T18:38:02","modified_gmt":"2025-07-25T16:38:02","slug":"taca-de-coco-de-coracoes-sardinha-lisboa","status":"publish","type":"product","link":"https:\/\/olemosaic.orbitalia.org\/pt-pt\/produto\/taca-de-coco-de-coracoes-sardinha-lisboa\/","title":{"rendered":"Ta\u00e7a de coco de cora\u00e7\u00f5es. Sardinha. Lisboa."},"content":{"rendered":"<p>Esta ta\u00e7a de coco, decorada com cora\u00e7\u00f5es coloridos e uma ilustra\u00e7\u00e3o de sardinha, \u00e9 uma aut\u00eantica joia da cultura portuguesa, inspirada concretamente na vibrante cidade de Lisboa. Elaborada em cer\u00e2mica de alta qualidade, esta atraente ta\u00e7a apresenta um design pintado \u00e0 m\u00e3o que se destaca pela sua paleta de cores suaves, com tons azulados, dourados e terracota. A disposi\u00e7\u00e3o dos cora\u00e7\u00f5es, meticulosamente ilustrados ao redor da borda, confere um efeito visual encantador e alegre, perfeito para qualquer canto da casa.<\/p>\n<p>No centro da ta\u00e7a, est\u00e1 representada uma sardinha, s\u00edmbolo gastron\u00f3mico de Lisboa, que presta homenagem \u00e0 rica tradi\u00e7\u00e3o culin\u00e1ria da regi\u00e3o, onde este peixe \u00e9 um elemento essencial em muitos pratos t\u00edpicos. A inscri\u00e7\u00e3o da palavra &#8220;Lisboa&#8221; real\u00e7a ainda mais a liga\u00e7\u00e3o cultural presente nesta pe\u00e7a, tornando-a uma recorda\u00e7\u00e3o memor\u00e1vel da cidade.<\/p>\n<p>Como souvenir de Lisboa, esta ta\u00e7a de cora\u00e7\u00f5es n\u00e3o \u00e9 apenas funcional, mas tamb\u00e9m decorativa, ideal para os turistas que procuram levar um peda\u00e7o da autenticidade lusa para casa. Na Ol\u00e9 Mosaic, orgulhamo-nos de oferecer produtos aut\u00eanticos e significativos por grosso, perfeitos para lojas de presentes tur\u00edsticos que desejam proporcionar aos seus clientes uma recorda\u00e7\u00e3o cultural cheia de hist\u00f3ria e arte. Esta ta\u00e7a \u00e9 uma excelente op\u00e7\u00e3o para os comerciantes que procuram artigos \u00fanicos, real\u00e7ando a beleza e a diversidade das tradi\u00e7\u00f5es portuguesas.<\/p>\n","protected":false},"excerpt":{"rendered":"<p>Ta\u00e7a de coco decorada com cora\u00e7\u00f5es coloridos e uma ilustra\u00e7\u00e3o de uma sardinha, inspirada na cultura lisboeta. Esta atraente ta\u00e7a, elaborada em cer\u00e2mica, apresenta um design artesanal, pintado \u00e0 m\u00e3o, com uma paleta de cores suaves que inclui azuis, dourados e terracota, criando um efeito visual encantador. O detalhe da sardinha, s\u00edmbolo gastron\u00f3mico da cidade, confere-lhe um toque distintivo, tornando-a um objeto decorativo ideal para qualquer lar.<\/p>\n","protected":false},"featured_media":10325,"template":"","meta":{"_acf_changed":false},"product_brand":[],"product_cat":[513],"product_tag":[516],"class_list":{"0":"post-29165","1":"product","2":"type-product","3":"status-publish","4":"has-post-thumbnail","6":"product_cat-bols","7":"product_tag-animais","8":"pa_ciudad-lisboa","9":"pa_motivo-sardinhas","10":"pa_pais-portugal","12":"first","13":"instock","14":"shipping-taxable","15":"product-type-simple"},"acf":[],"_links":{"self":[{"href":"https:\/\/olemosaic.orbitalia.org\/pt-pt\/wp-json\/wp\/v2\/product\/29165","targetHints":{"allow":["GET"]}}],"collection":[{"href":"https:\/\/olemosaic.orbitalia.org\/pt-pt\/wp-json\/wp\/v2\/product"}],"about":[{"href":"https:\/\/olemosaic.orbitalia.org\/pt-pt\/wp-json\/wp\/v2\/types\/product"}],"wp:featuredmedia":[{"embeddable":true,"href":"https:\/\/olemosaic.orbitalia.org\/pt-pt\/wp-json\/wp\/v2\/media\/10325"}],"wp:attachment":[{"href":"https:\/\/olemosaic.orbitalia.org\/pt-pt\/wp-json\/wp\/v2\/media?parent=29165"}],"wp:term":[{"taxonomy":"product_brand","embeddable":true,"href":"https:\/\/olemosaic.orbitalia.org\/pt-pt\/wp-json\/wp\/v2\/product_brand?post=29165"},{"taxonomy":"product_cat","embeddable":true,"href":"https:\/\/olemosaic.orbitalia.org\/pt-pt\/wp-json\/wp\/v2\/product_cat?post=29165"},{"taxonomy":"product_tag","embeddable":true,"href":"https:\/\/olemosaic.orbitalia.org\/pt-pt\/wp-json\/wp\/v2\/product_tag?post=29165"}],"curies":[{"name":"wp","href":"https:\/\/api.w.org\/{rel}","templated":true}]}}