{"id":29163,"date":"2025-02-20T23:30:06","date_gmt":"2025-02-20T22:30:06","guid":{"rendered":"https:\/\/olemosaic.orbitalia.org\/producto\/bol-de-coco-de-corazones-camino-de-santiago\/"},"modified":"2025-07-25T18:45:37","modified_gmt":"2025-07-25T16:45:37","slug":"taca-de-coco-de-coracoes-caminho-de-santiago","status":"publish","type":"product","link":"https:\/\/olemosaic.orbitalia.org\/pt-pt\/produto\/taca-de-coco-de-coracoes-caminho-de-santiago\/","title":{"rendered":"Ta\u00e7a de coco de cora\u00e7\u00f5es. Caminho de Santiago."},"content":{"rendered":"<p>Esta ta\u00e7a de coco, decorada com cora\u00e7\u00f5es coloridos, \u00e9 uma obra-prima que evoca a magia do Caminho de Santiago. O seu design de mosaico pintado \u00e0 m\u00e3o exibe uma vibrante paleta de azuis, laranjas e tons naturais, criando um ambiente alegre e acolhedor. No centro, destaca-se a emblem\u00e1tica concha do peregrino, s\u00edmbolo do famoso percurso, acompanhada da inscri\u00e7\u00e3o &#8220;CAMINHO DE SANTIAGO&#8221;, o que converte esta ta\u00e7a numa pe\u00e7a n\u00e3o s\u00f3 decorativa, mas tamb\u00e9m carregada de significado hist\u00f3rico e cultural. A forma ovalada e o acabamento suave da ta\u00e7a real\u00e7am a sua eleg\u00e2ncia, enquanto os cora\u00e7\u00f5es coloridos que adornam o exterior conferem um toque de ternura e autenticidade.<\/p>\n<p>Ideal para o uso di\u00e1rio ou como elemento decorativo, esta ta\u00e7a captura a ess\u00eancia da peregrina\u00e7\u00e3o e o esp\u00edrito de comunidade associado \u00e0 rota jacobeia. Torna-se, sem d\u00favida, uma excelente recorda\u00e7\u00e3o para quem transitou por este caminho ou deseja levar consigo um peda\u00e7o da rica tradi\u00e7\u00e3o espanhola. Na Ol\u00e9 Mosaic, l\u00edderes na distribui\u00e7\u00e3o de souvenirs por grosso, oferecemos produtos como esta ta\u00e7a de coco que n\u00e3o s\u00f3 deleitam a vista, mas tamb\u00e9m contam hist\u00f3rias. Perfeito para lojas de presentes tur\u00edsticos que procuram oferecer aos seus clientes recorda\u00e7\u00f5es aut\u00eanticas e memor\u00e1veis do Caminho de Santiago.<\/p>\n","protected":false},"excerpt":{"rendered":"<p>Ta\u00e7a de coco decorada com cora\u00e7\u00f5es coloridos, inspirada no Caminho de Santiago. Esta atraente ta\u00e7a apresenta um design de mosaico artesanal, pintado \u00e0 m\u00e3o, em tons azuis, laranjas e naturais, com um motivo central da concha do peregrino e a inscri\u00e7\u00e3o &#8220;CAMINHO DE SANTIAGO&#8221;. A sua elegante forma ovalada e o seu acabamento em tons suaves tornam-na uma pe\u00e7a \u00fanica, ideal para decora\u00e7\u00e3o ou uso di\u00e1rio, evocando a tradi\u00e7\u00e3o e o simbolismo desta famosa rota.<\/p>\n","protected":false},"featured_media":10321,"template":"","meta":{"_acf_changed":false},"product_brand":[],"product_cat":[513],"product_tag":[],"class_list":{"0":"post-29163","1":"product","2":"type-product","3":"status-publish","4":"has-post-thumbnail","6":"product_cat-bols","7":"pa_motivo-caminho-de-santiago","9":"first","10":"instock","11":"shipping-taxable","12":"product-type-simple"},"acf":[],"_links":{"self":[{"href":"https:\/\/olemosaic.orbitalia.org\/pt-pt\/wp-json\/wp\/v2\/product\/29163","targetHints":{"allow":["GET"]}}],"collection":[{"href":"https:\/\/olemosaic.orbitalia.org\/pt-pt\/wp-json\/wp\/v2\/product"}],"about":[{"href":"https:\/\/olemosaic.orbitalia.org\/pt-pt\/wp-json\/wp\/v2\/types\/product"}],"wp:featuredmedia":[{"embeddable":true,"href":"https:\/\/olemosaic.orbitalia.org\/pt-pt\/wp-json\/wp\/v2\/media\/10321"}],"wp:attachment":[{"href":"https:\/\/olemosaic.orbitalia.org\/pt-pt\/wp-json\/wp\/v2\/media?parent=29163"}],"wp:term":[{"taxonomy":"product_brand","embeddable":true,"href":"https:\/\/olemosaic.orbitalia.org\/pt-pt\/wp-json\/wp\/v2\/product_brand?post=29163"},{"taxonomy":"product_cat","embeddable":true,"href":"https:\/\/olemosaic.orbitalia.org\/pt-pt\/wp-json\/wp\/v2\/product_cat?post=29163"},{"taxonomy":"product_tag","embeddable":true,"href":"https:\/\/olemosaic.orbitalia.org\/pt-pt\/wp-json\/wp\/v2\/product_tag?post=29163"}],"curies":[{"name":"wp","href":"https:\/\/api.w.org\/{rel}","templated":true}]}}