{"id":29134,"date":"2025-02-20T23:30:06","date_gmt":"2025-02-20T22:30:06","guid":{"rendered":"https:\/\/olemosaic.orbitalia.org\/producto\/bol-de-coco-naranja-abanico\/"},"modified":"2025-07-25T18:33:29","modified_gmt":"2025-07-25T16:33:29","slug":"taca-de-coco-laranja-leque","status":"publish","type":"product","link":"https:\/\/olemosaic.orbitalia.org\/pt-pt\/produto\/taca-de-coco-laranja-leque\/","title":{"rendered":"Ta\u00e7a de coco laranja. Leque."},"content":{"rendered":"<p>Esta ta\u00e7a de coco de uma cor laranja vibrante \u00e9 uma pe\u00e7a \u00fanica e artesanal, ideal tanto para decorar como para servir. O seu design muito especial apresenta um elegante motivo de leque em branco, que evoca a cultura espanhola e a sua rica tradi\u00e7\u00e3o na cer\u00e2mica. O acabamento texturizado da sua superf\u00edcie real\u00e7a as caracter\u00edsticas naturais do material, conferindo um toque org\u00e2nico e aut\u00eantico a qualquer ambiente. Com uma cor brilhante que capta a aten\u00e7\u00e3o, esta ta\u00e7a n\u00e3o serve apenas como elemento decorativo, mas tamb\u00e9m \u00e9 funcional e vers\u00e1til, perfeita para apresentar aperitivos ou saladas numa reuni\u00e3o familiar ou numa festa.<\/p>\n<p>A liga\u00e7\u00e3o cultural desta ta\u00e7a com a tradi\u00e7\u00e3o espanhola \u00e9 palp\u00e1vel, especialmente em regi\u00f5es onde os leques s\u00e3o um s\u00edmbolo da arte e da \u00e9poca estival. Esta recorda\u00e7\u00e3o torna-se um lembrete do calor e da alegria do estilo de vida mediterr\u00e2nico. Na Ol\u00e9 Mosaic, orgulhamo-nos de oferecer produtos que se destacam pela sua autenticidade e pela sua capacidade de transportar a ess\u00eancia de Espanha para qualquer canto do mundo. Esta ta\u00e7a de coco \u00e9, sem d\u00favida, uma excelente op\u00e7\u00e3o para lojas de presentes tur\u00edsticos que procuram recorda\u00e7\u00f5es de qualidade e aut\u00eanticas, ideais para turistas que desejem levar um peda\u00e7o da tradi\u00e7\u00e3o espanhola. Como grossista de produtos decorativos por grosso, garantimos a exclusividade e o acabamento em cada uma das nossas pe\u00e7as.<\/p>\n","protected":false},"excerpt":{"rendered":"<p>Ta\u00e7a de coco de uma cor laranja vibrante, ideal para decorar ou servir. Fabricada de forma artesanal, esta ta\u00e7a apresenta um design muito especial com um elegante motivo de leque em branco, rodeada de um acabamento texturizado que real\u00e7a o seu aspeto natural. Perfeita para real\u00e7ar qualquer ambiente com um toque espanhol, a sua cor brilhante e a sua forma org\u00e2nica tornam-na um elemento decorativo e funcional ao mesmo tempo.<\/p>\n","protected":false},"featured_media":11741,"template":"","meta":{"_acf_changed":false},"product_brand":[],"product_cat":[513],"product_tag":[],"class_list":{"0":"post-29134","1":"product","2":"type-product","3":"status-publish","4":"has-post-thumbnail","6":"product_cat-bols","7":"pa_motivo-leques","9":"first","10":"instock","11":"shipping-taxable","12":"product-type-simple"},"acf":[],"_links":{"self":[{"href":"https:\/\/olemosaic.orbitalia.org\/pt-pt\/wp-json\/wp\/v2\/product\/29134","targetHints":{"allow":["GET"]}}],"collection":[{"href":"https:\/\/olemosaic.orbitalia.org\/pt-pt\/wp-json\/wp\/v2\/product"}],"about":[{"href":"https:\/\/olemosaic.orbitalia.org\/pt-pt\/wp-json\/wp\/v2\/types\/product"}],"wp:featuredmedia":[{"embeddable":true,"href":"https:\/\/olemosaic.orbitalia.org\/pt-pt\/wp-json\/wp\/v2\/media\/11741"}],"wp:attachment":[{"href":"https:\/\/olemosaic.orbitalia.org\/pt-pt\/wp-json\/wp\/v2\/media?parent=29134"}],"wp:term":[{"taxonomy":"product_brand","embeddable":true,"href":"https:\/\/olemosaic.orbitalia.org\/pt-pt\/wp-json\/wp\/v2\/product_brand?post=29134"},{"taxonomy":"product_cat","embeddable":true,"href":"https:\/\/olemosaic.orbitalia.org\/pt-pt\/wp-json\/wp\/v2\/product_cat?post=29134"},{"taxonomy":"product_tag","embeddable":true,"href":"https:\/\/olemosaic.orbitalia.org\/pt-pt\/wp-json\/wp\/v2\/product_tag?post=29134"}],"curies":[{"name":"wp","href":"https:\/\/api.w.org\/{rel}","templated":true}]}}