{"id":29113,"date":"2025-02-20T22:30:05","date_gmt":"2025-02-20T22:30:05","guid":{"rendered":"https:\/\/olemosaic.orbitalia.org\/producto\/bol-de-coco-flamenco\/"},"modified":"2025-07-25T20:30:42","modified_gmt":"2025-07-25T18:30:42","slug":"taca-de-coco-flamingo","status":"publish","type":"product","link":"https:\/\/olemosaic.orbitalia.org\/pt-pt\/produto\/taca-de-coco-flamingo\/","title":{"rendered":"Ta\u00e7a de coco. Flamingo."},"content":{"rendered":"<p>Esta ta\u00e7a de coco com design de flamingos \u00e9 uma pe\u00e7a de destaque que evoca a rica heran\u00e7a cultural andaluza. Elaborada com coco aut\u00eantico, a sua superf\u00edcie destaca-se por um vibrante mosaico de cores que abrange tons de rosa, azul e amarelo, criando uma explos\u00e3o de cor que ilumina qualquer ambiente. No centro, dois flamingos requintadamente entrela\u00e7ados representam um delicado s\u00edmbolo de amor e liga\u00e7\u00e3o, capturando a ess\u00eancia do folclore espanhol.<\/p>\n<p>A t\u00e9cnica de aplica\u00e7\u00e3o do mosaico n\u00e3o s\u00f3 real\u00e7a a habilidade artesanal tradicional, como tamb\u00e9m transforma esta ta\u00e7a numa lembran\u00e7a excecional que evoca a beleza natural da regi\u00e3o. As pe\u00e7as do mosaico est\u00e3o meticulosamente dispostas, conferindo um car\u00e1ter \u00fanico e pitoresco a esta obra de arte funcional. Perfeita para servir aperitivos ou como acess\u00f3rio decorativo, esta ta\u00e7a \u00e9 um reflexo do estilo de vida andaluz.<\/p>\n<p>Na Ol\u00e9 Mosaic, dedicamo-nos \u00e0 distribui\u00e7\u00e3o de lembran\u00e7as culturais de alta qualidade; esta ta\u00e7a de flamingos n\u00e3o \u00e9 apenas uma recorda\u00e7\u00e3o da sua viagem a Espanha, mas tamb\u00e9m um elegante elemento decorativo que trar\u00e1 um toque de tradi\u00e7\u00e3o a qualquer lar. Ideal para lojas de presentes tur\u00edsticos que procuram produtos aut\u00eanticos, esta ta\u00e7a posiciona-se como uma op\u00e7\u00e3o de destaque na categoria de lembran\u00e7as de coco e elementos decorativos.<\/p>\n","protected":false},"excerpt":{"rendered":"<p>Ta\u00e7a de coco com design de flamingos. Esta elegante ta\u00e7a, feita de coco, apresenta um vibrante mosaico de cores em tons de rosa, azul e amarelo, que captura a ess\u00eancia do folclore espanhol. No centro, dois flamingos entrela\u00e7am os seus pesco\u00e7os num delicado s\u00edmbolo de amor. A t\u00e9cnica de aplica\u00e7\u00e3o do mosaico reflete o artesanato tradicional, tornando-a uma lembran\u00e7a perfeita que traz um toque da Andaluzia a qualquer espa\u00e7o.<\/p>\n","protected":false},"featured_media":13521,"template":"","meta":{"_acf_changed":false},"product_brand":[],"product_cat":[513],"product_tag":[516],"class_list":{"0":"post-29113","1":"product","2":"type-product","3":"status-publish","4":"has-post-thumbnail","6":"product_cat-bols","7":"product_tag-animais","8":"pa_motivo-flamingos","10":"first","11":"instock","12":"shipping-taxable","13":"product-type-simple"},"acf":[],"_links":{"self":[{"href":"https:\/\/olemosaic.orbitalia.org\/pt-pt\/wp-json\/wp\/v2\/product\/29113","targetHints":{"allow":["GET"]}}],"collection":[{"href":"https:\/\/olemosaic.orbitalia.org\/pt-pt\/wp-json\/wp\/v2\/product"}],"about":[{"href":"https:\/\/olemosaic.orbitalia.org\/pt-pt\/wp-json\/wp\/v2\/types\/product"}],"wp:featuredmedia":[{"embeddable":true,"href":"https:\/\/olemosaic.orbitalia.org\/pt-pt\/wp-json\/wp\/v2\/media\/13521"}],"wp:attachment":[{"href":"https:\/\/olemosaic.orbitalia.org\/pt-pt\/wp-json\/wp\/v2\/media?parent=29113"}],"wp:term":[{"taxonomy":"product_brand","embeddable":true,"href":"https:\/\/olemosaic.orbitalia.org\/pt-pt\/wp-json\/wp\/v2\/product_brand?post=29113"},{"taxonomy":"product_cat","embeddable":true,"href":"https:\/\/olemosaic.orbitalia.org\/pt-pt\/wp-json\/wp\/v2\/product_cat?post=29113"},{"taxonomy":"product_tag","embeddable":true,"href":"https:\/\/olemosaic.orbitalia.org\/pt-pt\/wp-json\/wp\/v2\/product_tag?post=29113"}],"curies":[{"name":"wp","href":"https:\/\/api.w.org\/{rel}","templated":true}]}}