{"id":29105,"date":"2025-02-20T22:30:05","date_gmt":"2025-02-20T22:30:05","guid":{"rendered":"https:\/\/olemosaic.orbitalia.org\/producto\/bol-de-coco-beige-delfin-barcelona\/"},"modified":"2025-07-25T20:10:42","modified_gmt":"2025-07-25T18:10:42","slug":"taca-de-coco-bege-golfinho-barcelona","status":"publish","type":"product","link":"https:\/\/olemosaic.orbitalia.org\/pt-pt\/produto\/taca-de-coco-bege-golfinho-barcelona\/","title":{"rendered":"Ta\u00e7a de coco bege. Golfinho. Barcelona."},"content":{"rendered":"<p>Esta ta\u00e7a de coco bege, decorada com um encantador golfinho, \u00e9 uma representa\u00e7\u00e3o perfeita da beleza e do esp\u00edrito mediterr\u00e2nico de Barcelona. Elaborada cuidadosamente com coco, esta ta\u00e7a apresenta um acabamento suave e brilhante que real\u00e7a a sua eleg\u00e2ncia natural. No centro, a ilustra\u00e7\u00e3o de um golfinho em tons terracota destaca-se com gra\u00e7a, simbolizando a vitalidade da vida marinha que banha as costas catal\u00e3s. O fundo claro, adornado com detalhes bege que evocam as suaves ondas do mar, complementa a imagem do golfinho e acrescenta um toque decorativo que recorda as praias tranquilas de Barcelona.<\/p>\n<p>Esta ta\u00e7a n\u00e3o \u00e9 apenas um artigo funcional para o lar, mas torna-se tamb\u00e9m uma recorda\u00e7\u00e3o significativa que captura a ess\u00eancia das f\u00e9rias na costa catal\u00e3. Perfeita para conferir um toque mediterr\u00e2nico a qualquer ambiente, esta recorda\u00e7\u00e3o de Barcelona \u00e9 ideal tanto para uso di\u00e1rio como para exposi\u00e7\u00e3o decorativa. Na Ol\u00e9 Mosaic, somos especialistas na distribui\u00e7\u00e3o de recorda\u00e7\u00f5es por grosso, e esta ta\u00e7a de coco \u00e9 uma excelente op\u00e7\u00e3o para lojas de presentes tur\u00edsticos que procuram produtos aut\u00eanticos e representativos. \u00c9 importante salientar que cada ta\u00e7a \u00e9 uma pe\u00e7a \u00fanica, o que real\u00e7a o seu valor como recorda\u00e7\u00e3o especial e significativa desta cidade vibrante.<\/p>\n","protected":false},"excerpt":{"rendered":"<p>Ta\u00e7a de coco bege com um design de golfinho que evoca o encanto de Barcelona. Esta original ta\u00e7a, elaborada em coco, apresenta um acabamento suave e brilhante. Decorada com uma ilustra\u00e7\u00e3o de um golfinho em tons terracota, destaca-se sobre um fundo claro com detalhes bege que imitam as ondas do mar. Ideal para conferir um toque mediterr\u00e2nico a qualquer ambiente, \u00e9 uma excelente recorda\u00e7\u00e3o para evocar a beleza da costa catal\u00e3.<\/p>\n","protected":false},"featured_media":11871,"template":"","meta":{"_acf_changed":false},"product_brand":[],"product_cat":[513],"product_tag":[516],"class_list":{"0":"post-29105","1":"product","2":"type-product","3":"status-publish","4":"has-post-thumbnail","6":"product_cat-bols","7":"product_tag-animais","8":"pa_ciudad-barcelona","9":"pa_motivo-golfinhos","10":"pa_pais-espana","12":"first","13":"instock","14":"shipping-taxable","15":"product-type-simple"},"acf":[],"_links":{"self":[{"href":"https:\/\/olemosaic.orbitalia.org\/pt-pt\/wp-json\/wp\/v2\/product\/29105","targetHints":{"allow":["GET"]}}],"collection":[{"href":"https:\/\/olemosaic.orbitalia.org\/pt-pt\/wp-json\/wp\/v2\/product"}],"about":[{"href":"https:\/\/olemosaic.orbitalia.org\/pt-pt\/wp-json\/wp\/v2\/types\/product"}],"wp:featuredmedia":[{"embeddable":true,"href":"https:\/\/olemosaic.orbitalia.org\/pt-pt\/wp-json\/wp\/v2\/media\/11871"}],"wp:attachment":[{"href":"https:\/\/olemosaic.orbitalia.org\/pt-pt\/wp-json\/wp\/v2\/media?parent=29105"}],"wp:term":[{"taxonomy":"product_brand","embeddable":true,"href":"https:\/\/olemosaic.orbitalia.org\/pt-pt\/wp-json\/wp\/v2\/product_brand?post=29105"},{"taxonomy":"product_cat","embeddable":true,"href":"https:\/\/olemosaic.orbitalia.org\/pt-pt\/wp-json\/wp\/v2\/product_cat?post=29105"},{"taxonomy":"product_tag","embeddable":true,"href":"https:\/\/olemosaic.orbitalia.org\/pt-pt\/wp-json\/wp\/v2\/product_tag?post=29105"}],"curies":[{"name":"wp","href":"https:\/\/api.w.org\/{rel}","templated":true}]}}