{"id":29102,"date":"2025-02-20T23:30:04","date_gmt":"2025-02-20T22:30:04","guid":{"rendered":"https:\/\/olemosaic.orbitalia.org\/producto\/bol-de-coco-beige-mano\/"},"modified":"2025-07-25T18:45:37","modified_gmt":"2025-07-25T16:45:37","slug":"taca-de-coco-bege-mao","status":"publish","type":"product","link":"https:\/\/olemosaic.orbitalia.org\/pt-pt\/produto\/taca-de-coco-bege-mao\/","title":{"rendered":"Ta\u00e7a de coco bege. M\u00e3o."},"content":{"rendered":"<p>Esta ta\u00e7a de coco bege, decorada \u00e0 m\u00e3o, \u00e9 uma bela representa\u00e7\u00e3o da rica cultura mediterr\u00e2nica, ideal para quem procura uma recorda\u00e7\u00e3o aut\u00eantica e significativa. O seu design org\u00e2nico caracteriza-se por formas irregulares que evocam a naturalidade e o dinamismo do artesanato mediterr\u00e2nico. A ta\u00e7a apresenta um delicado acabamento brilhante que atrai a luz, enquanto os tons bege e dourado se combinam harmoniosamente, conferindo uma est\u00e9tica sofisticada e elegante que complementa qualquer estilo de decora\u00e7\u00e3o.<\/p>\n<p>No centro, um distintivo s\u00edmbolo da m\u00e3o acrescenta um profundo significado cultural, evocando tradi\u00e7\u00f5es folcl\u00f3ricas que perduraram atrav\u00e9s dos s\u00e9culos. Este s\u00edmbolo, conhecido como &#8220;Hamsa&#8221; ou &#8220;M\u00e3o de F\u00e1tima&#8221;, \u00e9 um amuleto de prote\u00e7\u00e3o e boa sorte, que representa o desejo de bem-estar. Perfeita tanto para adornar mesas como para servir de elemento decorativo, esta ta\u00e7a n\u00e3o \u00e9 apenas funcional, mas tamb\u00e9m um testemunho da rica heran\u00e7a art\u00edstica do Mediterr\u00e2neo.<\/p>\n<p>Na Ol\u00e9 Mosaic, especializamo-nos na distribui\u00e7\u00e3o de recorda\u00e7\u00f5es por grosso, oferecendo produtos \u00fanicos como esta ta\u00e7a de coco bege, que celebra a autenticidade das nossas tradi\u00e7\u00f5es. \u00c9 uma op\u00e7\u00e3o inigual\u00e1vel para lojas de presentes tur\u00edsticos que desejam oferecer artigos distintivos e culturalmente relevantes. Uma recorda\u00e7\u00e3o que encarna a ess\u00eancia do Mediterr\u00e2neo, ideal para quem procura algo mais do que uma simples lembran\u00e7a.<\/p>\n","protected":false},"excerpt":{"rendered":"<p>Ta\u00e7a de coco bege decorada com estilo artesanal, inspirada na rica cultura mediterr\u00e2nica. Esta elegante ta\u00e7a apresenta um design de formas irregulares em tons bege e dourado, com um distintivo s\u00edmbolo da m\u00e3o no centro, evocando tradi\u00e7\u00f5es folcl\u00f3ricas. O seu acabamento brilhante e suave confere um toque sofisticado, ideal para adornar mesas ou ser utilizada como elemento decorativo no lar. Perfeita para quem aprecia o artesanato e os detalhes \u00fanicos.<\/p>\n","protected":false},"featured_media":13512,"template":"","meta":{"_acf_changed":false},"product_brand":[],"product_cat":[513],"product_tag":[],"class_list":{"0":"post-29102","1":"product","2":"type-product","3":"status-publish","4":"has-post-thumbnail","6":"product_cat-bols","7":"pa_motivo-maos","9":"first","10":"instock","11":"shipping-taxable","12":"product-type-simple"},"acf":[],"_links":{"self":[{"href":"https:\/\/olemosaic.orbitalia.org\/pt-pt\/wp-json\/wp\/v2\/product\/29102","targetHints":{"allow":["GET"]}}],"collection":[{"href":"https:\/\/olemosaic.orbitalia.org\/pt-pt\/wp-json\/wp\/v2\/product"}],"about":[{"href":"https:\/\/olemosaic.orbitalia.org\/pt-pt\/wp-json\/wp\/v2\/types\/product"}],"wp:featuredmedia":[{"embeddable":true,"href":"https:\/\/olemosaic.orbitalia.org\/pt-pt\/wp-json\/wp\/v2\/media\/13512"}],"wp:attachment":[{"href":"https:\/\/olemosaic.orbitalia.org\/pt-pt\/wp-json\/wp\/v2\/media?parent=29102"}],"wp:term":[{"taxonomy":"product_brand","embeddable":true,"href":"https:\/\/olemosaic.orbitalia.org\/pt-pt\/wp-json\/wp\/v2\/product_brand?post=29102"},{"taxonomy":"product_cat","embeddable":true,"href":"https:\/\/olemosaic.orbitalia.org\/pt-pt\/wp-json\/wp\/v2\/product_cat?post=29102"},{"taxonomy":"product_tag","embeddable":true,"href":"https:\/\/olemosaic.orbitalia.org\/pt-pt\/wp-json\/wp\/v2\/product_tag?post=29102"}],"curies":[{"name":"wp","href":"https:\/\/api.w.org\/{rel}","templated":true}]}}