{"id":29075,"date":"2025-02-20T23:30:03","date_gmt":"2025-02-20T22:30:03","guid":{"rendered":"https:\/\/olemosaic.orbitalia.org\/producto\/bol-de-coco-beige-bailaora\/"},"modified":"2025-07-25T19:55:01","modified_gmt":"2025-07-25T17:55:01","slug":"taca-de-coco-bege-bailarina-flamenco","status":"publish","type":"product","link":"https:\/\/olemosaic.orbitalia.org\/pt-pt\/produto\/taca-de-coco-bege-bailarina-flamenco\/","title":{"rendered":"Ta\u00e7a de coco bege. Bailarina de Flamenco."},"content":{"rendered":"<p>Esta ta\u00e7a de coco bege, com um design elegante de uma bailarina de flamenco, \u00e9 uma representa\u00e7\u00e3o perfeita da rica cultura flamenca de Espanha. Decorada artesanalmente em fibra de coco, esta bela ta\u00e7a apresenta um acabamento suave e brilhante que real\u00e7a os tons naturais em tonalidades bege e douradas, conferindo um toque acolhedor a qualquer espa\u00e7o. No interior, destaca-se um motivo art\u00edstico que representa uma bailarina em movimento, captando a ess\u00eancia da arte flamenca com a sua postura din\u00e2mica e eleg\u00e2ncia inata. Este design n\u00e3o s\u00f3 \u00e9 visualmente impactante, como tamb\u00e9m reflete a paix\u00e3o e a hist\u00f3ria do flamenco, uma dan\u00e7a tradicional profundamente enraizada no folclore espanhol.<\/p>\n<p>Ideal tanto como pe\u00e7a decorativa como para uso quotidiano, esta ta\u00e7a pode ser utilizada para servir tapas ou como centro de mesa estilizado. A sua autenticidade e liga\u00e7\u00e3o cultural tornam-na numa recorda\u00e7\u00e3o representativa de Espanha, perfeita para turistas que procuram levar para casa um peda\u00e7o da alma espanhola. Na Ol\u00e9 Mosaic, lideramos a distribui\u00e7\u00e3o de recorda\u00e7\u00f5es por grosso, e esta ta\u00e7a de coco \u00e9 uma excelente op\u00e7\u00e3o para lojas de presentes tur\u00edsticos que procuram oferecer produtos de qualidade que realcem a heran\u00e7a cultural espanhola. Apostamos no artesanato e no design \u00fanico, assegurando que cada artigo seja uma celebra\u00e7\u00e3o da tradi\u00e7\u00e3o.<\/p>\n","protected":false},"excerpt":{"rendered":"<p>Ta\u00e7a de coco bege decorada com um design elegante de uma bailarina de flamenco. Esta atraente ta\u00e7a, elaborada em fibra de coco, apresenta um acabamento suave e brilhante que real\u00e7a os tons bege e dourados naturais. No interior, exibe um motivo que representa uma bailarina em movimento, evocando a arte e a paix\u00e3o do flamenco. Ideal como pe\u00e7a decorativa ou para uso quotidiano, reflete a rica cultura espanhola.<\/p>\n","protected":false},"featured_media":11963,"template":"","meta":{"_acf_changed":false},"product_brand":[],"product_cat":[513],"product_tag":[],"class_list":{"0":"post-29075","1":"product","2":"type-product","3":"status-publish","4":"has-post-thumbnail","6":"product_cat-bols","7":"pa_motivo-dancarinos","9":"first","10":"instock","11":"shipping-taxable","12":"product-type-simple"},"acf":[],"_links":{"self":[{"href":"https:\/\/olemosaic.orbitalia.org\/pt-pt\/wp-json\/wp\/v2\/product\/29075","targetHints":{"allow":["GET"]}}],"collection":[{"href":"https:\/\/olemosaic.orbitalia.org\/pt-pt\/wp-json\/wp\/v2\/product"}],"about":[{"href":"https:\/\/olemosaic.orbitalia.org\/pt-pt\/wp-json\/wp\/v2\/types\/product"}],"wp:featuredmedia":[{"embeddable":true,"href":"https:\/\/olemosaic.orbitalia.org\/pt-pt\/wp-json\/wp\/v2\/media\/11963"}],"wp:attachment":[{"href":"https:\/\/olemosaic.orbitalia.org\/pt-pt\/wp-json\/wp\/v2\/media?parent=29075"}],"wp:term":[{"taxonomy":"product_brand","embeddable":true,"href":"https:\/\/olemosaic.orbitalia.org\/pt-pt\/wp-json\/wp\/v2\/product_brand?post=29075"},{"taxonomy":"product_cat","embeddable":true,"href":"https:\/\/olemosaic.orbitalia.org\/pt-pt\/wp-json\/wp\/v2\/product_cat?post=29075"},{"taxonomy":"product_tag","embeddable":true,"href":"https:\/\/olemosaic.orbitalia.org\/pt-pt\/wp-json\/wp\/v2\/product_tag?post=29075"}],"curies":[{"name":"wp","href":"https:\/\/api.w.org\/{rel}","templated":true}]}}