{"id":29074,"date":"2025-02-20T22:30:03","date_gmt":"2025-02-20T22:30:03","guid":{"rendered":"https:\/\/olemosaic.orbitalia.org\/producto\/bol-de-coco-beige-concha-camino-de-santiago\/"},"modified":"2025-07-25T19:32:04","modified_gmt":"2025-07-25T17:32:04","slug":"taca-de-coco-bege-concha-caminho-de-santiago","status":"publish","type":"product","link":"https:\/\/olemosaic.orbitalia.org\/pt-pt\/produto\/taca-de-coco-bege-concha-caminho-de-santiago\/","title":{"rendered":"Ta\u00e7a de coco bege. Concha. Caminho de Santiago."},"content":{"rendered":"<p>Esta ta\u00e7a de coco bege, inspirada na tradi\u00e7\u00e3o do Caminho de Santiago, \u00e9 uma pe\u00e7a \u00fanica que combina a eleg\u00e2ncia natural com um profundo significado cultural. Fabricada com materiais sustent\u00e1veis, o seu acabamento polido real\u00e7a a textura da casca, conferindo um toque de calor e rusticidade. O design da ta\u00e7a \u00e9 arredondado, com um padr\u00e3o cativante de tons bege que evoca a paleta crom\u00e1tica da paisagem que os peregrinos descobrem ao longo deste emblem\u00e1tico caminho espanhol.<\/p>\n<p>A ta\u00e7a est\u00e1 decorada com o emblema do Caminho de Santiago num atraente acabamento met\u00e1lico que n\u00e3o s\u00f3 embeleza o objeto, como tamb\u00e9m simboliza a espiritualidade e a travessia vivida por quem percorreu esta rota hist\u00f3rica. O escudo, reconhecido mundialmente, \u00e9 reproduzido com precis\u00e3o, tornando esta ta\u00e7a numa aut\u00eantica recorda\u00e7\u00e3o da peregrina\u00e7\u00e3o.<\/p>\n<p>Ideal para uso decorativo ou como recipiente no lar, esta ta\u00e7a n\u00e3o s\u00f3 evoca a m\u00edstica do Caminho de Santiago, como tamb\u00e9m \u00e9 uma excelente recorda\u00e7\u00e3o para aqueles que desejam levar consigo um peda\u00e7o da cultura espanhola. Na Ol\u00e9 Mosaic, especializamo-nos na distribui\u00e7\u00e3o de recorda\u00e7\u00f5es que representam a rica heran\u00e7a cultural de Espanha, e esta ta\u00e7a de coco bege \u00e9 uma magn\u00edfica op\u00e7\u00e3o para lojas de presentes tur\u00edsticos que procuram oferecer produtos aut\u00eanticos e com significado. Com uma forte conota\u00e7\u00e3o hist\u00f3rica e est\u00e9tica, torna-se um artigo perfeito para turistas e peregrinos que procuram recorda\u00e7\u00f5es do Caminho de Santiago.<\/p>\n","protected":false},"excerpt":{"rendered":"<p>Ta\u00e7a de coco bege inspirada na tradi\u00e7\u00e3o do Caminho de Santiago. Esta elegante ta\u00e7a apresenta um acabamento polido que real\u00e7a a beleza natural da concha. Decorada com o emblema do Caminho de Santiago num acabamento met\u00e1lico, acrescenta um toque distintivo. A sua forma arredondada e os seus tons bege tornam-na num artigo vers\u00e1til e decorativo, ideal para qualquer espa\u00e7o e para evocar a m\u00edstica da peregrina\u00e7\u00e3o.<\/p>\n","protected":false},"featured_media":11943,"template":"","meta":{"_acf_changed":false},"product_brand":[],"product_cat":[513],"product_tag":[],"class_list":{"0":"post-29074","1":"product","2":"type-product","3":"status-publish","4":"has-post-thumbnail","6":"product_cat-bols","7":"pa_ciudad-santiago","8":"pa_motivo-conchas","9":"pa_pais-espana","11":"first","12":"instock","13":"shipping-taxable","14":"product-type-simple"},"acf":[],"_links":{"self":[{"href":"https:\/\/olemosaic.orbitalia.org\/pt-pt\/wp-json\/wp\/v2\/product\/29074","targetHints":{"allow":["GET"]}}],"collection":[{"href":"https:\/\/olemosaic.orbitalia.org\/pt-pt\/wp-json\/wp\/v2\/product"}],"about":[{"href":"https:\/\/olemosaic.orbitalia.org\/pt-pt\/wp-json\/wp\/v2\/types\/product"}],"wp:featuredmedia":[{"embeddable":true,"href":"https:\/\/olemosaic.orbitalia.org\/pt-pt\/wp-json\/wp\/v2\/media\/11943"}],"wp:attachment":[{"href":"https:\/\/olemosaic.orbitalia.org\/pt-pt\/wp-json\/wp\/v2\/media?parent=29074"}],"wp:term":[{"taxonomy":"product_brand","embeddable":true,"href":"https:\/\/olemosaic.orbitalia.org\/pt-pt\/wp-json\/wp\/v2\/product_brand?post=29074"},{"taxonomy":"product_cat","embeddable":true,"href":"https:\/\/olemosaic.orbitalia.org\/pt-pt\/wp-json\/wp\/v2\/product_cat?post=29074"},{"taxonomy":"product_tag","embeddable":true,"href":"https:\/\/olemosaic.orbitalia.org\/pt-pt\/wp-json\/wp\/v2\/product_tag?post=29074"}],"curies":[{"name":"wp","href":"https:\/\/api.w.org\/{rel}","templated":true}]}}