{"id":29072,"date":"2025-02-20T23:30:03","date_gmt":"2025-02-20T22:30:03","guid":{"rendered":"https:\/\/olemosaic.orbitalia.org\/producto\/bol-de-coco-beige-isla-mallorca\/"},"modified":"2025-07-25T18:52:31","modified_gmt":"2025-07-25T16:52:31","slug":"taca-de-coco-bege-ilha-maiorca","status":"publish","type":"product","link":"https:\/\/olemosaic.orbitalia.org\/pt-pt\/produto\/taca-de-coco-bege-ilha-maiorca\/","title":{"rendered":"Ta\u00e7a de coco bege. Ilha. Maiorca."},"content":{"rendered":"<p>Esta ta\u00e7a de coco bege \u00e9 uma aut\u00eantica representa\u00e7\u00e3o da beleza de Maiorca, concebida para conferir um toque de eleg\u00e2ncia e calor a qualquer espa\u00e7o. Com um requintado design de mosaico em tons bege suaves que evoca as paisagens naturais e ensolaradas da ilha, esta ta\u00e7a destaca-se pela sua superf\u00edcie brilhante que real\u00e7a a textura \u00fanica do coco, criando um apelo visual cativante. No centro, um mapa de Maiorca apresenta-se de forma distintiva, acrescentando um elemento pessoal e exclusivo que liga os utilizadores ao esp\u00edrito do Mediterr\u00e2neo. Ideal tanto para a decora\u00e7\u00e3o de interiores como para servir aperitivos em ocasi\u00f5es especiais, esta ta\u00e7a combina arte e funcionalidade na perfei\u00e7\u00e3o. Cada pe\u00e7a \u00e9 uma homenagem ao artesanato local, refletindo a rica cultura da ilha e a sua tradi\u00e7\u00e3o artesanal. Na Ol\u00e9 Mosaic, especializamo-nos na distribui\u00e7\u00e3o de recorda\u00e7\u00f5es por grosso, e esta ta\u00e7a \u00e9 uma excelente op\u00e7\u00e3o para lojas de presentes tur\u00edsticos que procuram oferecer produtos aut\u00eanticos e significativos. Uma recorda\u00e7\u00e3o de Maiorca que n\u00e3o s\u00f3 traz beleza est\u00e9tica, mas tamb\u00e9m uma liga\u00e7\u00e3o emocional com a ilha.<\/p>\n","protected":false},"excerpt":{"rendered":"<p>Ta\u00e7a de coco bege feita \u00e0 m\u00e3o, inspirada na beleza de Maiorca. Esta encantadora ta\u00e7a apresenta um requintado design de mosaico em tons bege, com detalhes luminosos que evocam calor e eleg\u00e2ncia. A superf\u00edcie brilhante real\u00e7a a textura natural do coco, enquanto no centro se desenha um mapa da ilha, que acrescenta um toque distintivo. Ideal para decora\u00e7\u00e3o ou para servir aperitivos, esta ta\u00e7a combina arte e funcionalidade, capturando o esp\u00edrito mediterr\u00e2nico.<\/p>\n","protected":false},"featured_media":11879,"template":"","meta":{"_acf_changed":false},"product_brand":[],"product_cat":[513],"product_tag":[],"class_list":{"0":"post-29072","1":"product","2":"type-product","3":"status-publish","4":"has-post-thumbnail","6":"product_cat-bols","7":"pa_ciudad-mallorca","8":"pa_motivo-ilhas","9":"pa_pais-espana","11":"first","12":"instock","13":"shipping-taxable","14":"product-type-simple"},"acf":[],"_links":{"self":[{"href":"https:\/\/olemosaic.orbitalia.org\/pt-pt\/wp-json\/wp\/v2\/product\/29072","targetHints":{"allow":["GET"]}}],"collection":[{"href":"https:\/\/olemosaic.orbitalia.org\/pt-pt\/wp-json\/wp\/v2\/product"}],"about":[{"href":"https:\/\/olemosaic.orbitalia.org\/pt-pt\/wp-json\/wp\/v2\/types\/product"}],"wp:featuredmedia":[{"embeddable":true,"href":"https:\/\/olemosaic.orbitalia.org\/pt-pt\/wp-json\/wp\/v2\/media\/11879"}],"wp:attachment":[{"href":"https:\/\/olemosaic.orbitalia.org\/pt-pt\/wp-json\/wp\/v2\/media?parent=29072"}],"wp:term":[{"taxonomy":"product_brand","embeddable":true,"href":"https:\/\/olemosaic.orbitalia.org\/pt-pt\/wp-json\/wp\/v2\/product_brand?post=29072"},{"taxonomy":"product_cat","embeddable":true,"href":"https:\/\/olemosaic.orbitalia.org\/pt-pt\/wp-json\/wp\/v2\/product_cat?post=29072"},{"taxonomy":"product_tag","embeddable":true,"href":"https:\/\/olemosaic.orbitalia.org\/pt-pt\/wp-json\/wp\/v2\/product_tag?post=29072"}],"curies":[{"name":"wp","href":"https:\/\/api.w.org\/{rel}","templated":true}]}}