{"id":29056,"date":"2025-02-20T22:30:03","date_gmt":"2025-02-20T22:30:03","guid":{"rendered":"https:\/\/olemosaic.orbitalia.org\/producto\/bol-de-coco-beige-isla-tenerife\/"},"modified":"2025-07-25T19:51:53","modified_gmt":"2025-07-25T17:51:53","slug":"taca-de-coco-bege-ilha-tenerife","status":"publish","type":"product","link":"https:\/\/olemosaic.orbitalia.org\/pt-pt\/produto\/taca-de-coco-bege-ilha-tenerife\/","title":{"rendered":"Ta\u00e7a de coco bege. Ilha. Tenerife."},"content":{"rendered":"<p>Esta ta\u00e7a de coco bege \u00e9 uma pe\u00e7a elegante e funcional, inspirada na beleza natural de Tenerife, uma das joias das Ilhas Can\u00e1rias. Com um design curvo e suave, esta ta\u00e7a destaca-se pelo seu acabamento em tons bege e branco, que evocam a ess\u00eancia serena e relaxante da ilha, ideal para quem procura uma recorda\u00e7\u00e3o aut\u00eantica da cultura can\u00e1ria. A sua superf\u00edcie exterior, texturizada e com um acabamento brilhante, captura a luz de uma forma que recorda as areias e as \u00e1guas cristalinas das praias de Tenerife.<\/p>\n<p>No interior da ta\u00e7a, encontra-se a silhueta de Tenerife impressa, uma caracter\u00edstica distintiva que real\u00e7a a sua autenticidade como recorda\u00e7\u00e3o. Este detalhe n\u00e3o s\u00f3 acrescenta um toque art\u00edstico, como tamb\u00e9m atua como um lembrete tang\u00edvel da paisagem vulc\u00e2nica e da rica biodiversidade da ilha. Esta ta\u00e7a n\u00e3o \u00e9 apenas um elemento decorativo, mas tamb\u00e9m pode ser utilizada como um utens\u00edlio funcional em casa, perfeita para servir aperitivos ou como centro de mesa.<\/p>\n<p>Adquirir esta ta\u00e7a de coco bege n\u00e3o significa apenas levar uma pe\u00e7a \u00fanica e artesanal, mas tamb\u00e9m um s\u00edmbolo representativo da cultura de Tenerife. Na Ol\u00e9 Mosaic, como especialistas na distribui\u00e7\u00e3o de recorda\u00e7\u00f5es por grosso, oferecemos produtos aut\u00eanticos e de qualidade que encarnam o esp\u00edrito das Ilhas Can\u00e1rias. Esta ta\u00e7a \u00e9 uma excelente op\u00e7\u00e3o para lojas de presentes tur\u00edsticos que desejam oferecer artigos significativos e relevantes aos seus clientes.<\/p>\n","protected":false},"excerpt":{"rendered":"<p>Ta\u00e7a de coco bege, inspirada na beleza natural de Tenerife. Esta elegante ta\u00e7a, elaborada com material de coco, apresenta um design curvo e suave, complementado com elementos decorativos em tons bege e branco que evocam a ess\u00eancia da ilha. No seu interior, destaca-se a silhueta de Tenerife impressa, acrescentando um toque distintivo. Perfeita como pe\u00e7a decorativa ou utens\u00edlio funcional, esta ta\u00e7a \u00e9 uma recorda\u00e7\u00e3o ideal da cultura can\u00e1ria.<\/p>\n","protected":false},"featured_media":11919,"template":"","meta":{"_acf_changed":false},"product_brand":[],"product_cat":[513],"product_tag":[],"class_list":{"0":"post-29056","1":"product","2":"type-product","3":"status-publish","4":"has-post-thumbnail","6":"product_cat-bols","7":"pa_ciudad-tenerife","8":"pa_motivo-ilhas","9":"pa_pais-espana","11":"first","12":"instock","13":"shipping-taxable","14":"product-type-simple"},"acf":[],"_links":{"self":[{"href":"https:\/\/olemosaic.orbitalia.org\/pt-pt\/wp-json\/wp\/v2\/product\/29056","targetHints":{"allow":["GET"]}}],"collection":[{"href":"https:\/\/olemosaic.orbitalia.org\/pt-pt\/wp-json\/wp\/v2\/product"}],"about":[{"href":"https:\/\/olemosaic.orbitalia.org\/pt-pt\/wp-json\/wp\/v2\/types\/product"}],"wp:featuredmedia":[{"embeddable":true,"href":"https:\/\/olemosaic.orbitalia.org\/pt-pt\/wp-json\/wp\/v2\/media\/11919"}],"wp:attachment":[{"href":"https:\/\/olemosaic.orbitalia.org\/pt-pt\/wp-json\/wp\/v2\/media?parent=29056"}],"wp:term":[{"taxonomy":"product_brand","embeddable":true,"href":"https:\/\/olemosaic.orbitalia.org\/pt-pt\/wp-json\/wp\/v2\/product_brand?post=29056"},{"taxonomy":"product_cat","embeddable":true,"href":"https:\/\/olemosaic.orbitalia.org\/pt-pt\/wp-json\/wp\/v2\/product_cat?post=29056"},{"taxonomy":"product_tag","embeddable":true,"href":"https:\/\/olemosaic.orbitalia.org\/pt-pt\/wp-json\/wp\/v2\/product_tag?post=29056"}],"curies":[{"name":"wp","href":"https:\/\/api.w.org\/{rel}","templated":true}]}}