{"id":29039,"date":"2025-02-20T23:30:02","date_gmt":"2025-02-20T22:30:02","guid":{"rendered":"https:\/\/olemosaic.orbitalia.org\/producto\/bol-de-coco-beige-tortuga\/"},"modified":"2025-07-25T20:06:01","modified_gmt":"2025-07-25T18:06:01","slug":"taca-de-coco-bege-tartaruga","status":"publish","type":"product","link":"https:\/\/olemosaic.orbitalia.org\/pt-pt\/produto\/taca-de-coco-bege-tartaruga\/","title":{"rendered":"Ta\u00e7a de coco bege. Tartaruga."},"content":{"rendered":"<p>Esta ta\u00e7a de coco bege \u00e9 uma recorda\u00e7\u00e3o preciosa que evoca a ess\u00eancia do mar e da natureza. Concebida a partir de cascas de coco recicladas, este artigo artesanal funde sustentabilidade e est\u00e9tica, tornando-o uma op\u00e7\u00e3o ideal para quem procura um toque natural na sua casa. O seu acabamento brilhante real\u00e7a as diferentes nuances do material, enquanto o fundo em tons bege \u00e9 complementado por um delicado design de tartaruga no centro, simbolizando a riqueza e a biodiversidade marinha. A ilustra\u00e7\u00e3o da tartaruga, cuidadosamente elaborada, adiciona um elemento l\u00fadico e encantador, tornando esta ta\u00e7a num acess\u00f3rio visualmente atraente.<\/p>\n<p>Perfeita para servir aperitivos, esta ta\u00e7a n\u00e3o s\u00f3 \u00e9 funcional, como tamb\u00e9m atua como um elemento decorativo chamativo que pode embelezar qualquer espa\u00e7o. Esta recorda\u00e7\u00e3o captura a liga\u00e7\u00e3o cultural com o folclore marinho, representando a tradi\u00e7\u00e3o de utilizar materiais naturais para criar objetos art\u00edsticos e funcionais. Na Ol\u00e9 Mosaic, dedicamo-nos \u00e0 distribui\u00e7\u00e3o de recorda\u00e7\u00f5es por grosso, fornecendo artigos \u00fanicos e aut\u00eanticos como esta ta\u00e7a de coco. Ideal para lojas de presentes tur\u00edsticos, esta ta\u00e7a \u00e9 um excelente presente, ideal para quem procura uma recorda\u00e7\u00e3o representativa da sua viagem \u00e0 costa.<\/p>\n","protected":false},"excerpt":{"rendered":"<p>Ta\u00e7a de coco bege decorada com uma tartaruga, ideal para dar um toque natural \u00e0 sua casa. Este artigo artesanal, elaborado a partir de cascas de coco, apresenta um design muito especial com um fundo em tons bege e detalhes de tartaruga no centro. O seu acabamento brilhante real\u00e7a as nuances do material, enquanto as formas e cores evocam a riqueza do folclore marinho. Perfeita para servir aperitivos ou como elemento decorativo.<\/p>\n","protected":false},"featured_media":11847,"template":"","meta":{"_acf_changed":false},"product_brand":[],"product_cat":[513],"product_tag":[516],"class_list":{"0":"post-29039","1":"product","2":"type-product","3":"status-publish","4":"has-post-thumbnail","6":"product_cat-bols","7":"product_tag-animais","8":"pa_motivo-tartarugas","10":"first","11":"instock","12":"shipping-taxable","13":"product-type-simple"},"acf":[],"_links":{"self":[{"href":"https:\/\/olemosaic.orbitalia.org\/pt-pt\/wp-json\/wp\/v2\/product\/29039","targetHints":{"allow":["GET"]}}],"collection":[{"href":"https:\/\/olemosaic.orbitalia.org\/pt-pt\/wp-json\/wp\/v2\/product"}],"about":[{"href":"https:\/\/olemosaic.orbitalia.org\/pt-pt\/wp-json\/wp\/v2\/types\/product"}],"wp:featuredmedia":[{"embeddable":true,"href":"https:\/\/olemosaic.orbitalia.org\/pt-pt\/wp-json\/wp\/v2\/media\/11847"}],"wp:attachment":[{"href":"https:\/\/olemosaic.orbitalia.org\/pt-pt\/wp-json\/wp\/v2\/media?parent=29039"}],"wp:term":[{"taxonomy":"product_brand","embeddable":true,"href":"https:\/\/olemosaic.orbitalia.org\/pt-pt\/wp-json\/wp\/v2\/product_brand?post=29039"},{"taxonomy":"product_cat","embeddable":true,"href":"https:\/\/olemosaic.orbitalia.org\/pt-pt\/wp-json\/wp\/v2\/product_cat?post=29039"},{"taxonomy":"product_tag","embeddable":true,"href":"https:\/\/olemosaic.orbitalia.org\/pt-pt\/wp-json\/wp\/v2\/product_tag?post=29039"}],"curies":[{"name":"wp","href":"https:\/\/api.w.org\/{rel}","templated":true}]}}