{"id":29037,"date":"2025-02-20T22:30:01","date_gmt":"2025-02-20T22:30:01","guid":{"rendered":"https:\/\/olemosaic.orbitalia.org\/producto\/bol-de-coco-beige-ibiscus\/"},"modified":"2025-07-25T20:35:27","modified_gmt":"2025-07-25T18:35:27","slug":"taca-de-coco-bege-hibisco","status":"publish","type":"product","link":"https:\/\/olemosaic.orbitalia.org\/pt-pt\/produto\/taca-de-coco-bege-hibisco\/","title":{"rendered":"Ta\u00e7a de coco bege. Hibisco."},"content":{"rendered":"<p>Esta ta\u00e7a de coco bege \u00e9 um aut\u00eantico expoente do artesanato insular, concebida para adicionar um toque natural e elegante a qualquer casa. Elaborada de forma artesanal, esta ta\u00e7a destaca-se pelo seu acabamento texturizado que real\u00e7a a beleza do material natural, evocando a ess\u00eancia tropical das ilhas. No centro, uma delicada ilustra\u00e7\u00e3o estilizada de hibisco, s\u00edmbolo de beleza e frescura, confere um apelo visual inconfund\u00edvel que torna a ta\u00e7a numa pe\u00e7a decorativa ideal. A paleta de cores suaves da ta\u00e7a complementa a ilustra\u00e7\u00e3o, criando um contraste perfeito que capta a aten\u00e7\u00e3o e real\u00e7a o ambiente. Esta ta\u00e7a n\u00e3o s\u00f3 \u00e9 perfeita para servir aperitivos em reuni\u00f5es, como tamb\u00e9m se apresenta como um artigo decorativo vers\u00e1til que se adapta a diferentes estilos de interiores. A liga\u00e7\u00e3o cultural do hibisco e a sua representa\u00e7\u00e3o como s\u00edmbolo de hospitalidade em diversas culturas tornam-na uma recorda\u00e7\u00e3o significativa dos locais que a inspiram. Na Ol\u00e9 Mosaic, especialistas em recorda\u00e7\u00f5es por grosso, oferecemos produtos aut\u00eanticos que refletem a rica tradi\u00e7\u00e3o artesanal, fazendo desta ta\u00e7a de coco uma excelente op\u00e7\u00e3o para lojas de presentes tur\u00edsticos que procuram oferecer uma recorda\u00e7\u00e3o distintiva e culturalmente relevante.<\/p>\n","protected":false},"excerpt":{"rendered":"<p>Ta\u00e7a de coco bege decorada com um atraente motivo de hibisco. Esta elegante ta\u00e7a, fabricada artesanalmente, apresenta um acabamento texturizado que combina elementos naturais e cores suaves, ideal para real\u00e7ar qualquer casa. O seu design inclui uma ilustra\u00e7\u00e3o estilizada de hibisco no centro, o que lhe confere um toque distintivo e tropical. Perfeita como elemento decorativo ou para servir aperitivos em reuni\u00f5es.<\/p>\n","protected":false},"featured_media":13508,"template":"","meta":{"_acf_changed":false},"product_brand":[],"product_cat":[513],"product_tag":[],"class_list":{"0":"post-29037","1":"product","2":"type-product","3":"status-publish","4":"has-post-thumbnail","6":"product_cat-bols","7":"pa_motivo-hibisco","9":"first","10":"instock","11":"shipping-taxable","12":"product-type-simple"},"acf":[],"_links":{"self":[{"href":"https:\/\/olemosaic.orbitalia.org\/pt-pt\/wp-json\/wp\/v2\/product\/29037","targetHints":{"allow":["GET"]}}],"collection":[{"href":"https:\/\/olemosaic.orbitalia.org\/pt-pt\/wp-json\/wp\/v2\/product"}],"about":[{"href":"https:\/\/olemosaic.orbitalia.org\/pt-pt\/wp-json\/wp\/v2\/types\/product"}],"wp:featuredmedia":[{"embeddable":true,"href":"https:\/\/olemosaic.orbitalia.org\/pt-pt\/wp-json\/wp\/v2\/media\/13508"}],"wp:attachment":[{"href":"https:\/\/olemosaic.orbitalia.org\/pt-pt\/wp-json\/wp\/v2\/media?parent=29037"}],"wp:term":[{"taxonomy":"product_brand","embeddable":true,"href":"https:\/\/olemosaic.orbitalia.org\/pt-pt\/wp-json\/wp\/v2\/product_brand?post=29037"},{"taxonomy":"product_cat","embeddable":true,"href":"https:\/\/olemosaic.orbitalia.org\/pt-pt\/wp-json\/wp\/v2\/product_cat?post=29037"},{"taxonomy":"product_tag","embeddable":true,"href":"https:\/\/olemosaic.orbitalia.org\/pt-pt\/wp-json\/wp\/v2\/product_tag?post=29037"}],"curies":[{"name":"wp","href":"https:\/\/api.w.org\/{rel}","templated":true}]}}