{"id":29016,"date":"2025-02-20T22:30:01","date_gmt":"2025-02-20T22:30:01","guid":{"rendered":"https:\/\/olemosaic.orbitalia.org\/producto\/bol-de-coco-beige-delfin\/"},"modified":"2025-07-25T19:09:20","modified_gmt":"2025-07-25T17:09:20","slug":"taca-de-coco-bege-golfinho","status":"publish","type":"product","link":"https:\/\/olemosaic.orbitalia.org\/pt-pt\/produto\/taca-de-coco-bege-golfinho\/","title":{"rendered":"Ta\u00e7a de coco bege. Golfinho."},"content":{"rendered":"<p>Esta ta\u00e7a de coco bege, decorada com um desenho de um golfinho, \u00e9 uma pe\u00e7a encantadora que trar\u00e1 um toque costeiro a qualquer espa\u00e7o. Fabricada com material de coco, este recipiente apresenta um design natural e suave, com um acabamento brilhante que real\u00e7a os tons bege e lhe confere um ar elegante. No centro, um golfinho desenhado num suave tom alaranjado atrai o olhar, rodeado de padr\u00f5es org\u00e2nicos que evocam a beleza do ambiente marinho. Esta ta\u00e7a n\u00e3o s\u00f3 \u00e9 visualmente atraente, como tamb\u00e9m \u00e9 funcional, ideal para utilizar na cozinha ou como elemento decorativo em qualquer canto da casa.<\/p>\n<p>O design da ta\u00e7a \u00e9 uma representa\u00e7\u00e3o perfeita da vida mar\u00edtima, prestando homenagem \u00e0 fauna costeira das regi\u00f5es onde o golfinho \u00e9 um s\u00edmbolo de alegria e liberdade. Este tipo de artesanato \u00e9 uma recorda\u00e7\u00e3o excelente para quem procura levar uma parte do encanto do mar. Na Ol\u00e9 Mosaic, estamos orgulhosos de oferecer recorda\u00e7\u00f5es aut\u00eanticas que capturam a ess\u00eancia cultural dos destinos tur\u00edsticos. Esta ta\u00e7a \u00e9 uma op\u00e7\u00e3o ideal para lojas de presentes tur\u00edsticos que desejem oferecer produtos \u00fanicos e representativos. Adicionar esta ta\u00e7a de coco decorada com um golfinho ao seu invent\u00e1rio n\u00e3o s\u00f3 enriquecer\u00e1 a sua oferta, como tamb\u00e9m proporcionar\u00e1 aos seus clientes uma recorda\u00e7\u00e3o significativa da sua experi\u00eancia costeira.<\/p>\n","protected":false},"excerpt":{"rendered":"<p>Ta\u00e7a de coco bege decorada com uma ilustra\u00e7\u00e3o de golfinho, perfeita para conferir um toque costeiro a qualquer espa\u00e7o. Este recipiente apresenta um design suave e natural, gra\u00e7as ao seu material de coco e ao seu acabamento lustroso que real\u00e7a os tons bege. O golfinho, desenhado num suave tom alaranjado, encontra-se no centro, rodeado de padr\u00f5es org\u00e2nicos, criando uma pe\u00e7a decorativa que evoca o encanto da vida marinha. Ideal como objeto decorativo ou para usar na cozinha.<\/p>\n","protected":false},"featured_media":11843,"template":"","meta":{"_acf_changed":false},"product_brand":[],"product_cat":[513],"product_tag":[516],"class_list":{"0":"post-29016","1":"product","2":"type-product","3":"status-publish","4":"has-post-thumbnail","6":"product_cat-bols","7":"product_tag-animais","8":"pa_motivo-golfinhos","10":"first","11":"instock","12":"shipping-taxable","13":"product-type-simple"},"acf":[],"_links":{"self":[{"href":"https:\/\/olemosaic.orbitalia.org\/pt-pt\/wp-json\/wp\/v2\/product\/29016","targetHints":{"allow":["GET"]}}],"collection":[{"href":"https:\/\/olemosaic.orbitalia.org\/pt-pt\/wp-json\/wp\/v2\/product"}],"about":[{"href":"https:\/\/olemosaic.orbitalia.org\/pt-pt\/wp-json\/wp\/v2\/types\/product"}],"wp:featuredmedia":[{"embeddable":true,"href":"https:\/\/olemosaic.orbitalia.org\/pt-pt\/wp-json\/wp\/v2\/media\/11843"}],"wp:attachment":[{"href":"https:\/\/olemosaic.orbitalia.org\/pt-pt\/wp-json\/wp\/v2\/media?parent=29016"}],"wp:term":[{"taxonomy":"product_brand","embeddable":true,"href":"https:\/\/olemosaic.orbitalia.org\/pt-pt\/wp-json\/wp\/v2\/product_brand?post=29016"},{"taxonomy":"product_cat","embeddable":true,"href":"https:\/\/olemosaic.orbitalia.org\/pt-pt\/wp-json\/wp\/v2\/product_cat?post=29016"},{"taxonomy":"product_tag","embeddable":true,"href":"https:\/\/olemosaic.orbitalia.org\/pt-pt\/wp-json\/wp\/v2\/product_tag?post=29016"}],"curies":[{"name":"wp","href":"https:\/\/api.w.org\/{rel}","templated":true}]}}