{"id":29012,"date":"2025-02-20T22:30:00","date_gmt":"2025-02-20T22:30:00","guid":{"rendered":"https:\/\/olemosaic.orbitalia.org\/producto\/bol-de-coco-beige-caballito-de-mar-mallorca\/"},"modified":"2025-07-25T20:22:01","modified_gmt":"2025-07-25T18:22:01","slug":"taca-de-coco-bege-cavalo-marinho-maiorca","status":"publish","type":"product","link":"https:\/\/olemosaic.orbitalia.org\/pt-pt\/produto\/taca-de-coco-bege-cavalo-marinho-maiorca\/","title":{"rendered":"Ta\u00e7a de coco bege. Cavalo-marinho. Maiorca."},"content":{"rendered":"<p>Esta ta\u00e7a de coco bege, decorada com um elegante cavalo-marinho, \u00e9 um aut\u00eantico s\u00edmbolo da beleza marinha de Maiorca. Elaborada a partir de casca de coco natural, este artigo destaca-se pelo seu design art\u00edstico que combina harmoniosamente tons bege e dourados, imitando as formas das conchas marinhas e evocando a tranquilidade das praias da ilha. O cavalo-marinho, meticulosamente representado no centro da ta\u00e7a, simboliza a vida marinha e a riqueza do ambiente mediterr\u00e2nico, criando uma liga\u00e7\u00e3o direta com a cultura e a natureza de Maiorca.<\/p>\n<p>A subtil luminosidade que reveste a ta\u00e7a n\u00e3o s\u00f3 real\u00e7a as suas formas, mas tamb\u00e9m lhe confere um toque de eleg\u00e2ncia, tornando-a num objeto decorativo que se adapta a qualquer espa\u00e7o. Esta ta\u00e7a n\u00e3o \u00e9 apenas um souvenir de Maiorca, mas tamb\u00e9m uma recorda\u00e7\u00e3o da beleza do oceano, ideal para quem deseja levar um pedacinho da ilha para as suas casas.<\/p>\n<p>Na Ol\u00e9 Mosaic, especializamo-nos na distribui\u00e7\u00e3o de souvenirs por grosso, oferecendo produtos aut\u00eanticos e de qualidade que representam a diversidade cultural de Espanha. Esta ta\u00e7a de coco \u00e9 uma excelente op\u00e7\u00e3o para lojas de presentes tur\u00edsticos que procuram artigos distintivos e significativos que captem a ess\u00eancia de Maiorca. Com o seu design \u00fanico e a sua relev\u00e2ncia cultural, esta ta\u00e7a torna-se uma escolha perfeita para quem procura souvenirs da ilha.<\/p>\n","protected":false},"excerpt":{"rendered":"<p>Ta\u00e7a de coco bege decorada com um elegante cavalo-marinho, s\u00edmbolo da beleza marinha de Maiorca. Este atraente artigo, elaborado a partir de casca de coco, apresenta um design art\u00edstico com motivos em tons bege e dourados que imitam as formas de conchas marinhas. A imagem do cavalo-marinho, com um subtil acabamento brilhante, real\u00e7a a liga\u00e7\u00e3o com o oceano, tornando-o uma excelente recorda\u00e7\u00e3o da ilha balear.<\/p>\n","protected":false},"featured_media":11887,"template":"","meta":{"_acf_changed":false},"product_brand":[],"product_cat":[513],"product_tag":[516],"class_list":{"0":"post-29012","1":"product","2":"type-product","3":"status-publish","4":"has-post-thumbnail","6":"product_cat-bols","7":"product_tag-animais","8":"pa_ciudad-mallorca","9":"pa_motivo-cavalos-marinhos","10":"pa_pais-espana","12":"first","13":"instock","14":"shipping-taxable","15":"product-type-simple"},"acf":[],"_links":{"self":[{"href":"https:\/\/olemosaic.orbitalia.org\/pt-pt\/wp-json\/wp\/v2\/product\/29012","targetHints":{"allow":["GET"]}}],"collection":[{"href":"https:\/\/olemosaic.orbitalia.org\/pt-pt\/wp-json\/wp\/v2\/product"}],"about":[{"href":"https:\/\/olemosaic.orbitalia.org\/pt-pt\/wp-json\/wp\/v2\/types\/product"}],"wp:featuredmedia":[{"embeddable":true,"href":"https:\/\/olemosaic.orbitalia.org\/pt-pt\/wp-json\/wp\/v2\/media\/11887"}],"wp:attachment":[{"href":"https:\/\/olemosaic.orbitalia.org\/pt-pt\/wp-json\/wp\/v2\/media?parent=29012"}],"wp:term":[{"taxonomy":"product_brand","embeddable":true,"href":"https:\/\/olemosaic.orbitalia.org\/pt-pt\/wp-json\/wp\/v2\/product_brand?post=29012"},{"taxonomy":"product_cat","embeddable":true,"href":"https:\/\/olemosaic.orbitalia.org\/pt-pt\/wp-json\/wp\/v2\/product_cat?post=29012"},{"taxonomy":"product_tag","embeddable":true,"href":"https:\/\/olemosaic.orbitalia.org\/pt-pt\/wp-json\/wp\/v2\/product_tag?post=29012"}],"curies":[{"name":"wp","href":"https:\/\/api.w.org\/{rel}","templated":true}]}}