{"id":28996,"date":"2025-02-20T23:30:00","date_gmt":"2025-02-20T22:30:00","guid":{"rendered":"https:\/\/olemosaic.orbitalia.org\/producto\/bol-de-coco-beige-sardina\/"},"modified":"2025-07-25T19:05:27","modified_gmt":"2025-07-25T17:05:27","slug":"taca-de-coco-bege-sardinha","status":"publish","type":"product","link":"https:\/\/olemosaic.orbitalia.org\/pt-pt\/produto\/taca-de-coco-bege-sardinha\/","title":{"rendered":"Ta\u00e7a de coco bege. Sardinha."},"content":{"rendered":"<p>Esta ta\u00e7a de coco bege, decorada com motivos de sardinhas, \u00e9 uma pe\u00e7a excecional que celebra a rica tradi\u00e7\u00e3o piscat\u00f3ria de Portugal. Fabricada com materiais naturais, o seu design apresenta um acabamento suave e brilhante, com formas arredondadas que acrescentam um toque elegante e moderno. Os coloridos motivos de sardinhas s\u00e3o cuidadosamente pintados \u00e0 m\u00e3o, o que torna cada ta\u00e7a uma obra \u00fanica que presta homenagem \u00e0 gastronomia portuguesa e ao seu estreito v\u00ednculo com o mar.<\/p>\n<p>A representa\u00e7\u00e3o das sardinhas, um s\u00edmbolo ic\u00f3nico da cultura portuguesa, evoca imagens de festivais e celebra\u00e7\u00f5es de ver\u00e3o, onde este peixe \u00e9 o protagonista de refei\u00e7\u00f5es familiares e festividades populares, como as famosas Festas de Lisboa. Esta ta\u00e7a n\u00e3o \u00e9 apenas ideal para servir aperitivos, mas tamb\u00e9m pode funcionar como uma pe\u00e7a decorativa chamativa que trar\u00e1 um ar aut\u00eantico a qualquer lar.<\/p>\n<p>Na Ol\u00e9 Mosaic, compreendemos a import\u00e2ncia de oferecer recorda\u00e7\u00f5es aut\u00eanticas que contem uma hist\u00f3ria cultural. Esta ta\u00e7a de coco bege \u00e9 uma excelente op\u00e7\u00e3o para lojas de presentes tur\u00edsticos que procuram produtos representativos da tradi\u00e7\u00e3o portuguesa. Como grossistas de recorda\u00e7\u00f5es, garantimos que cada pe\u00e7a reflete o artesanato e o legado cultural que a distingue, tornando-se uma recorda\u00e7\u00e3o inesquec\u00edvel para os visitantes.<\/p>\n","protected":false},"excerpt":{"rendered":"<p>Ta\u00e7a de coco bege decorada com motivos de sardinhas, que representa a cultura piscat\u00f3ria de Portugal. Esta elegante ta\u00e7a, fabricada com material natural, apresenta um acabamento liso e brilhante, com formas arredondadas. Os detalhes em cor bege e os motivos de sardinhas s\u00e3o pintados \u00e0 m\u00e3o, criando um design \u00fanico e atraente. Ideal para servir aperitivos ou como pe\u00e7a decorativa, esta ta\u00e7a \u00e9 uma homenagem \u00e0 tradi\u00e7\u00e3o culin\u00e1ria portuguesa.<\/p>\n","protected":false},"featured_media":11986,"template":"","meta":{"_acf_changed":false},"product_brand":[],"product_cat":[513],"product_tag":[516],"class_list":{"0":"post-28996","1":"product","2":"type-product","3":"status-publish","4":"has-post-thumbnail","6":"product_cat-bols","7":"product_tag-animais","8":"pa_motivo-sardinhas","9":"pa_pais-portugal","11":"first","12":"instock","13":"shipping-taxable","14":"product-type-simple"},"acf":[],"_links":{"self":[{"href":"https:\/\/olemosaic.orbitalia.org\/pt-pt\/wp-json\/wp\/v2\/product\/28996","targetHints":{"allow":["GET"]}}],"collection":[{"href":"https:\/\/olemosaic.orbitalia.org\/pt-pt\/wp-json\/wp\/v2\/product"}],"about":[{"href":"https:\/\/olemosaic.orbitalia.org\/pt-pt\/wp-json\/wp\/v2\/types\/product"}],"wp:featuredmedia":[{"embeddable":true,"href":"https:\/\/olemosaic.orbitalia.org\/pt-pt\/wp-json\/wp\/v2\/media\/11986"}],"wp:attachment":[{"href":"https:\/\/olemosaic.orbitalia.org\/pt-pt\/wp-json\/wp\/v2\/media?parent=28996"}],"wp:term":[{"taxonomy":"product_brand","embeddable":true,"href":"https:\/\/olemosaic.orbitalia.org\/pt-pt\/wp-json\/wp\/v2\/product_brand?post=28996"},{"taxonomy":"product_cat","embeddable":true,"href":"https:\/\/olemosaic.orbitalia.org\/pt-pt\/wp-json\/wp\/v2\/product_cat?post=28996"},{"taxonomy":"product_tag","embeddable":true,"href":"https:\/\/olemosaic.orbitalia.org\/pt-pt\/wp-json\/wp\/v2\/product_tag?post=28996"}],"curies":[{"name":"wp","href":"https:\/\/api.w.org\/{rel}","templated":true}]}}