{"id":28995,"date":"2025-02-20T23:30:00","date_gmt":"2025-02-20T22:30:00","guid":{"rendered":"https:\/\/olemosaic.orbitalia.org\/producto\/bol-de-coco-beige-sardina-lisboa\/"},"modified":"2025-07-25T18:42:17","modified_gmt":"2025-07-25T16:42:17","slug":"taca-de-coco-bege-sardinha-lisboa","status":"publish","type":"product","link":"https:\/\/olemosaic.orbitalia.org\/pt-pt\/produto\/taca-de-coco-bege-sardinha-lisboa\/","title":{"rendered":"Ta\u00e7a de coco bege. Sardinha. Lisboa."},"content":{"rendered":"<p>Esta ta\u00e7a de coco bege, decorada com motivos de sardinha, \u00e9 uma pe\u00e7a excecional que reflete a rica tradi\u00e7\u00e3o piscat\u00f3ria de Lisboa. Fabricada com coco de alta qualidade, apresenta um design muito especial em tons de bege que simula a textura suave e brilhante da casca, criando um apelo visual perfeito para qualquer mesa. No centro, destaca-se um elegante desenho de sardinha, que simboliza a heran\u00e7a gastron\u00f3mica da cidade e a sua \u00edntima rela\u00e7\u00e3o com o oceano Atl\u00e2ntico. Al\u00e9m disso, o texto &#8220;Lisboa&#8221; gravado com precis\u00e3o real\u00e7a a sua autenticidade como recorda\u00e7\u00e3o representativa da capital portuguesa.<\/p>\n<p>Ideal tanto como pe\u00e7a decorativa como para servir aperitivos, a sua forma curvil\u00ednea e quente acrescenta um toque cultural \u00fanico a qualquer ambiente. Esta ta\u00e7a n\u00e3o se torna apenas um objeto funcional, mas tamb\u00e9m uma recorda\u00e7\u00e3o inesquec\u00edvel da vibrante cultura e tradi\u00e7\u00e3o lisboetas, perfeita para os turistas que procuram recorda\u00e7\u00f5es aut\u00eanticas. Na Ol\u00e9 Mosaic, somos especialistas na distribui\u00e7\u00e3o de recorda\u00e7\u00f5es por grosso, e esta ta\u00e7a de coco \u00e9 uma excelente op\u00e7\u00e3o para as lojas de presentes tur\u00edsticos que desejem oferecer produtos com um significado cultural. Como grossista de recorda\u00e7\u00f5es de Lisboa, garantimos qualidade e autenticidade em cada artigo, assegurando que cada cliente leva um peda\u00e7o da alma lisboeta.<\/p>\n","protected":false},"excerpt":{"rendered":"<p>Ta\u00e7a de coco bege decorada com motivos de sardinhas, que representa a rica tradi\u00e7\u00e3o piscat\u00f3ria de Lisboa. Esta bonita ta\u00e7a apresenta um design muito especial com detalhes em tons de bege e um acabamento brilhante, ideal para adicionar um toque cultural \u00e0 sua mesa. Perfeita como pe\u00e7a decorativa ou para servir aperitivos, a sua elegante forma e a inscri\u00e7\u00e3o &#8220;Lisboa&#8221; no centro tornam-na uma recorda\u00e7\u00e3o inesquec\u00edvel desta vibrante cidade.<\/p>\n","protected":false},"featured_media":12034,"template":"","meta":{"_acf_changed":false},"product_brand":[],"product_cat":[513],"product_tag":[516],"class_list":{"0":"post-28995","1":"product","2":"type-product","3":"status-publish","4":"has-post-thumbnail","6":"product_cat-bols","7":"product_tag-animais","8":"pa_ciudad-lisboa","9":"pa_motivo-sardinhas","10":"pa_pais-portugal","12":"first","13":"instock","14":"shipping-taxable","15":"product-type-simple"},"acf":[],"_links":{"self":[{"href":"https:\/\/olemosaic.orbitalia.org\/pt-pt\/wp-json\/wp\/v2\/product\/28995","targetHints":{"allow":["GET"]}}],"collection":[{"href":"https:\/\/olemosaic.orbitalia.org\/pt-pt\/wp-json\/wp\/v2\/product"}],"about":[{"href":"https:\/\/olemosaic.orbitalia.org\/pt-pt\/wp-json\/wp\/v2\/types\/product"}],"wp:featuredmedia":[{"embeddable":true,"href":"https:\/\/olemosaic.orbitalia.org\/pt-pt\/wp-json\/wp\/v2\/media\/12034"}],"wp:attachment":[{"href":"https:\/\/olemosaic.orbitalia.org\/pt-pt\/wp-json\/wp\/v2\/media?parent=28995"}],"wp:term":[{"taxonomy":"product_brand","embeddable":true,"href":"https:\/\/olemosaic.orbitalia.org\/pt-pt\/wp-json\/wp\/v2\/product_brand?post=28995"},{"taxonomy":"product_cat","embeddable":true,"href":"https:\/\/olemosaic.orbitalia.org\/pt-pt\/wp-json\/wp\/v2\/product_cat?post=28995"},{"taxonomy":"product_tag","embeddable":true,"href":"https:\/\/olemosaic.orbitalia.org\/pt-pt\/wp-json\/wp\/v2\/product_tag?post=28995"}],"curies":[{"name":"wp","href":"https:\/\/api.w.org\/{rel}","templated":true}]}}