{"id":28992,"date":"2025-02-20T22:30:00","date_gmt":"2025-02-20T22:30:00","guid":{"rendered":"https:\/\/olemosaic.orbitalia.org\/producto\/bol-de-coco-beige-caballito-de-mar-menorca\/"},"modified":"2025-07-25T18:56:31","modified_gmt":"2025-07-25T16:56:31","slug":"taca-de-coco-bege-cavalo-marinho-menorca","status":"publish","type":"product","link":"https:\/\/olemosaic.orbitalia.org\/pt-pt\/produto\/taca-de-coco-bege-cavalo-marinho-menorca\/","title":{"rendered":"Ta\u00e7a de coco bege. Cavalo-marinho. Menorca."},"content":{"rendered":"<p>Esta ta\u00e7a de coco bege com design de cavalo-marinho \u00e9 uma requintada pe\u00e7a artesanal que captura a ess\u00eancia da beleza mediterr\u00e2nica de Menorca. Com um acabamento liso e polido, esta ta\u00e7a destaca-se pelos seus delicados motivos de cavalos-marinhos, cuidadosamente elaborados para evocar a rica vida marinha que rodeia a ilha. As suas tonalidades bege e douradas conferem-lhe um toque de eleg\u00e2ncia, enquanto a sua forma redonda a torna um elemento decorativo ideal para qualquer divis\u00e3o, seja numa casa ou num espa\u00e7o gastron\u00f3mico.<\/p>\n<p>Esta ta\u00e7a \u00e9 mais do que um simples recipiente; \u00e9 uma homenagem \u00e0 cultura menorquina e \u00e0 sua liga\u00e7\u00e3o com o mar, um lugar que tem inspirado artistas e artes\u00e3os durante gera\u00e7\u00f5es. Al\u00e9m da sua funcionalidade, torna-se um atrativo decorativo que acrescenta um ar costeiro e fresco \u00e0 decora\u00e7\u00e3o de interiores, ideal para quem procura recorda\u00e7\u00f5es aut\u00eanticas que representem a sua experi\u00eancia na ilha.<\/p>\n<p>Na Ol\u00e9 Mosaic, como grossista de recorda\u00e7\u00f5es, orgulhamo-nos de oferecer produtos que simbolizam a tradi\u00e7\u00e3o e a arte de Menorca. Esta ta\u00e7a de coco n\u00e3o \u00e9 apenas uma excelente op\u00e7\u00e3o para turistas em busca de recorda\u00e7\u00f5es genu\u00ednas, mas tamb\u00e9m \u00e9 um produto valioso que as lojas de presentes tur\u00edsticos podem incluir na sua oferta, destacando a autenticidade e a relev\u00e2ncia cultural da arte menorquina.<\/p>\n","protected":false},"excerpt":{"rendered":"<p>Ta\u00e7a de coco bege com design de cavalo-marinho, inspirada na beleza de Menorca. Este recipiente artesanal apresenta um acabamento liso e polido, com delicados motivos de cavalos-marinhos que evocam a rica vida marinha da ilha. As suas tonalidades bege e douradas acrescentam um toque de eleg\u00e2ncia, enquanto a sua forma arredondada a torna um elemento decorativo ideal para qualquer divis\u00e3o. Perfeita para dar um toque mediterr\u00e2nico ao seu lar.<\/p>\n","protected":false},"featured_media":11907,"template":"","meta":{"_acf_changed":false},"product_brand":[],"product_cat":[513],"product_tag":[516],"class_list":{"0":"post-28992","1":"product","2":"type-product","3":"status-publish","4":"has-post-thumbnail","6":"product_cat-bols","7":"product_tag-animais","8":"pa_ciudad-menorca","9":"pa_motivo-cavalos-marinhos","10":"pa_pais-espana","12":"first","13":"instock","14":"shipping-taxable","15":"product-type-simple"},"acf":[],"_links":{"self":[{"href":"https:\/\/olemosaic.orbitalia.org\/pt-pt\/wp-json\/wp\/v2\/product\/28992","targetHints":{"allow":["GET"]}}],"collection":[{"href":"https:\/\/olemosaic.orbitalia.org\/pt-pt\/wp-json\/wp\/v2\/product"}],"about":[{"href":"https:\/\/olemosaic.orbitalia.org\/pt-pt\/wp-json\/wp\/v2\/types\/product"}],"wp:featuredmedia":[{"embeddable":true,"href":"https:\/\/olemosaic.orbitalia.org\/pt-pt\/wp-json\/wp\/v2\/media\/11907"}],"wp:attachment":[{"href":"https:\/\/olemosaic.orbitalia.org\/pt-pt\/wp-json\/wp\/v2\/media?parent=28992"}],"wp:term":[{"taxonomy":"product_brand","embeddable":true,"href":"https:\/\/olemosaic.orbitalia.org\/pt-pt\/wp-json\/wp\/v2\/product_brand?post=28992"},{"taxonomy":"product_cat","embeddable":true,"href":"https:\/\/olemosaic.orbitalia.org\/pt-pt\/wp-json\/wp\/v2\/product_cat?post=28992"},{"taxonomy":"product_tag","embeddable":true,"href":"https:\/\/olemosaic.orbitalia.org\/pt-pt\/wp-json\/wp\/v2\/product_tag?post=28992"}],"curies":[{"name":"wp","href":"https:\/\/api.w.org\/{rel}","templated":true}]}}