{"id":28971,"date":"2025-02-20T23:29:59","date_gmt":"2025-02-20T22:29:59","guid":{"rendered":"https:\/\/olemosaic.orbitalia.org\/producto\/bol-de-coco-azul-salamandra-5\/"},"modified":"2025-07-25T20:33:35","modified_gmt":"2025-07-25T18:33:35","slug":"taca-de-coco-azul-salamandra-estilo-mediterranico","status":"publish","type":"product","link":"https:\/\/olemosaic.orbitalia.org\/pt-pt\/produto\/taca-de-coco-azul-salamandra-estilo-mediterranico\/","title":{"rendered":"Ta\u00e7a de coco azul. Salamandra. Estilo mediterr\u00e2nico."},"content":{"rendered":"<p>Esta ta\u00e7a de coco azul, adornada com uma encantadora salamandra, \u00e9 um exemplo excecional de artesanato tradicional que enaltece a biodiversidade da regi\u00e3o. Elaborada a partir de cascas de coco, a ta\u00e7a destaca-se pelo seu design \u00fanico, pintado \u00e0 m\u00e3o com tons azulados que evocam a frescura da natureza. Ao redor da borda, coloridos motivos em forma de cora\u00e7\u00f5es acrescentam um ar l\u00fadico e vibrante, fazendo de cada pe\u00e7a um objeto exclusivo e atraente. No centro, a salamandra, finamente representada, n\u00e3o s\u00f3 serve como elemento decorativo, como tamb\u00e9m simboliza a rica fauna local, ancorando a ta\u00e7a num contexto cultural significativo.<\/p>\n<p>Esta ta\u00e7a \u00e9 ideal para servir aperitivos, como pe\u00e7a decorativa ou como presente que captura a ess\u00eancia da tradi\u00e7\u00e3o artesanal. O seu design n\u00e3o \u00e9 apenas funcional, mas tamb\u00e9m atua como um lembrete tang\u00edvel da cultura e da biodiversidade da regi\u00e3o. Na Ol\u00e9 Mosaic, oferecemos souvenirs aut\u00eanticos que celebram a heran\u00e7a cultural de Espanha e Portugal. Esta ta\u00e7a de coco azul \u00e9 uma excelente op\u00e7\u00e3o para lojas de presentes tur\u00edsticos que procuram artigos \u00fanicos e representativos. Como grossistas de produtos artesanais, garantimos qualidade e autenticidade em cada pe\u00e7a, tornando esta ta\u00e7a uma recorda\u00e7\u00e3o inesquec\u00edvel para qualquer turista.<\/p>\n","protected":false},"excerpt":{"rendered":"<p>Ta\u00e7a de coco azul decorada com uma simp\u00e1tica salamandra que representa a biodiversidade. Esta ta\u00e7a exclusiva \u00e9 elaborada com cascas de coco e destaca-se pelo seu design artesanal, pintado \u00e0 m\u00e3o, com tons azulados e coloridos motivos em forma de cora\u00e7\u00f5es ao redor da borda. A salamandra, finamente representada no centro, acrescenta um toque art\u00edstico que real\u00e7a a riqueza cultural e natural da regi\u00e3o. Ideal para servir, decorar ou como presente representativo da tradi\u00e7\u00e3o artesanal.<\/p>\n","protected":false},"featured_media":10279,"template":"","meta":{"_acf_changed":false},"product_brand":[],"product_cat":[513],"product_tag":[516],"class_list":{"0":"post-28971","1":"product","2":"type-product","3":"status-publish","4":"has-post-thumbnail","6":"product_cat-bols","7":"product_tag-animais","8":"pa_motivo-salamandras","10":"first","11":"instock","12":"shipping-taxable","13":"product-type-simple"},"acf":[],"_links":{"self":[{"href":"https:\/\/olemosaic.orbitalia.org\/pt-pt\/wp-json\/wp\/v2\/product\/28971","targetHints":{"allow":["GET"]}}],"collection":[{"href":"https:\/\/olemosaic.orbitalia.org\/pt-pt\/wp-json\/wp\/v2\/product"}],"about":[{"href":"https:\/\/olemosaic.orbitalia.org\/pt-pt\/wp-json\/wp\/v2\/types\/product"}],"wp:featuredmedia":[{"embeddable":true,"href":"https:\/\/olemosaic.orbitalia.org\/pt-pt\/wp-json\/wp\/v2\/media\/10279"}],"wp:attachment":[{"href":"https:\/\/olemosaic.orbitalia.org\/pt-pt\/wp-json\/wp\/v2\/media?parent=28971"}],"wp:term":[{"taxonomy":"product_brand","embeddable":true,"href":"https:\/\/olemosaic.orbitalia.org\/pt-pt\/wp-json\/wp\/v2\/product_brand?post=28971"},{"taxonomy":"product_cat","embeddable":true,"href":"https:\/\/olemosaic.orbitalia.org\/pt-pt\/wp-json\/wp\/v2\/product_cat?post=28971"},{"taxonomy":"product_tag","embeddable":true,"href":"https:\/\/olemosaic.orbitalia.org\/pt-pt\/wp-json\/wp\/v2\/product_tag?post=28971"}],"curies":[{"name":"wp","href":"https:\/\/api.w.org\/{rel}","templated":true}]}}