{"id":28969,"date":"2025-02-20T23:29:58","date_gmt":"2025-02-20T22:29:58","guid":{"rendered":"https:\/\/olemosaic.orbitalia.org\/producto\/bol-de-coco-azul-tortuga-barcelona-4\/"},"modified":"2025-07-25T20:12:42","modified_gmt":"2025-07-25T18:12:42","slug":"taca-de-coco-azul-tartaruga-estilo-mediterranico-barcelona","status":"publish","type":"product","link":"https:\/\/olemosaic.orbitalia.org\/pt-pt\/produto\/taca-de-coco-azul-tartaruga-estilo-mediterranico-barcelona\/","title":{"rendered":"Ta\u00e7a de coco azul. Tartaruga. Estilo mediterr\u00e2nico. Barcelona."},"content":{"rendered":"<p>Esta ta\u00e7a de coco azul, decorada com uma encantadora ilustra\u00e7\u00e3o de uma tartaruga e motivos marinhos, evoca a ess\u00eancia do Mediterr\u00e2neo em Barcelona. Decorada artesanalmente com um design de mosaico em cores vibrantes, esta ta\u00e7a torna-se uma pe\u00e7a \u00fanica que captura a rica biodiversidade e o ambiente costeiro da regi\u00e3o. No seu interior, uma tartaruga a nadar junto a golfinhos reflete a serenidade e a beleza do mundo marinho, enquanto o fundo branco real\u00e7a os delicados detalhes em n\u00e1car que adornam o objeto.<\/p>\n<p>Os cora\u00e7\u00f5es de v\u00e1rias cores que rodeiam a cena central conferem um toque art\u00edstico e distintivo, tornando esta ta\u00e7a um souvenir ideal tanto para decorar como para utilizar no lar. O seu design n\u00e3o \u00e9 apenas atraente visualmente, mas tamb\u00e9m real\u00e7a a liga\u00e7\u00e3o cultural de Barcelona com o mar Mediterr\u00e2neo, tornando-a um presente representativo da regi\u00e3o.<\/p>\n<p>Esta ta\u00e7a de coco \u00e9 uma excelente op\u00e7\u00e3o para quem procura souvenirs aut\u00eanticos e significativos de Barcelona. Na Ol\u00e9 Mosaic, como grossistas de artigos artesanais, oferecemos produtos de qualidade que celebram a cultura local e s\u00e3o perfeitos para lojas de presentes tur\u00edsticos. Al\u00e9m disso, a sua relev\u00e2ncia cultural faz desta ta\u00e7a de coco uma escolha de destaque para recordar momentos na vibrante cidade de Barcelona.<\/p>\n","protected":false},"excerpt":{"rendered":"<p>Ta\u00e7a de coco azul decorada com uma ilustra\u00e7\u00e3o de uma tartaruga e motivos marinhos, que evoca a ess\u00eancia do Mediterr\u00e2neo em Barcelona. Esta elegante ta\u00e7a, elaborada \u00e0 m\u00e3o, destaca-se pelo seu design de mosaico em cores vibrantes que rodeiam a cena central. Os detalhes em n\u00e1car e os cora\u00e7\u00f5es de diversas cores conferem um toque art\u00edstico e distintivo, tornando-a uma pe\u00e7a ideal para decorar ou como recorda\u00e7\u00e3o.<\/p>\n","protected":false},"featured_media":10375,"template":"","meta":{"_acf_changed":false},"product_brand":[],"product_cat":[513],"product_tag":[516],"class_list":{"0":"post-28969","1":"product","2":"type-product","3":"status-publish","4":"has-post-thumbnail","6":"product_cat-bols","7":"product_tag-animais","8":"pa_ciudad-barcelona","9":"pa_motivo-tartarugas","10":"pa_pais-espana","12":"first","13":"instock","14":"shipping-taxable","15":"product-type-simple"},"acf":[],"_links":{"self":[{"href":"https:\/\/olemosaic.orbitalia.org\/pt-pt\/wp-json\/wp\/v2\/product\/28969","targetHints":{"allow":["GET"]}}],"collection":[{"href":"https:\/\/olemosaic.orbitalia.org\/pt-pt\/wp-json\/wp\/v2\/product"}],"about":[{"href":"https:\/\/olemosaic.orbitalia.org\/pt-pt\/wp-json\/wp\/v2\/types\/product"}],"wp:featuredmedia":[{"embeddable":true,"href":"https:\/\/olemosaic.orbitalia.org\/pt-pt\/wp-json\/wp\/v2\/media\/10375"}],"wp:attachment":[{"href":"https:\/\/olemosaic.orbitalia.org\/pt-pt\/wp-json\/wp\/v2\/media?parent=28969"}],"wp:term":[{"taxonomy":"product_brand","embeddable":true,"href":"https:\/\/olemosaic.orbitalia.org\/pt-pt\/wp-json\/wp\/v2\/product_brand?post=28969"},{"taxonomy":"product_cat","embeddable":true,"href":"https:\/\/olemosaic.orbitalia.org\/pt-pt\/wp-json\/wp\/v2\/product_cat?post=28969"},{"taxonomy":"product_tag","embeddable":true,"href":"https:\/\/olemosaic.orbitalia.org\/pt-pt\/wp-json\/wp\/v2\/product_tag?post=28969"}],"curies":[{"name":"wp","href":"https:\/\/api.w.org\/{rel}","templated":true}]}}