{"id":28918,"date":"2025-02-20T23:29:57","date_gmt":"2025-02-20T22:29:57","guid":{"rendered":"https:\/\/olemosaic.orbitalia.org\/producto\/bol-de-coco-azul-flamenco-4\/"},"modified":"2025-07-25T20:11:01","modified_gmt":"2025-07-25T18:11:01","slug":"taca-de-coco-azul-flamingo-4","status":"publish","type":"product","link":"https:\/\/olemosaic.orbitalia.org\/pt-pt\/produto\/taca-de-coco-azul-flamingo-4\/","title":{"rendered":"Ta\u00e7a de coco azul. Flamingo. Andaluzia."},"content":{"rendered":"<p>Esta ta\u00e7a de coco azul pintada \u00e0 m\u00e3o \u00e9 uma aut\u00eantica joia do artesanato mediterr\u00e2nico, desenhada para conferir um toque de frescura e estilo a qualquer espa\u00e7o. O seu vibrante interior azul destaca-se por um delicado motivo de flamingos com pareo, elegantemente emoldurado por detalhes em branco que refletem a beleza da natureza. Os flamingos, s\u00edmbolos da vida selvagem espanhola, evocam a ess\u00eancia das costas banhadas pelo sol, representando a liga\u00e7\u00e3o deste produto com a rica biodiversidade da regi\u00e3o.<\/p>\n<p>O acabamento da ta\u00e7a real\u00e7a a textura \u00fanica do coco, enquanto os toques de cor e os detalhes ornamentais criam uma pe\u00e7a tanto decorativa como funcional. Esta ta\u00e7a de coco n\u00e3o s\u00f3 \u00e9 ideal para servir pequenos aperitivos ou cumprir uma fun\u00e7\u00e3o decorativa no lar, como tamb\u00e9m se torna um souvenir representativo da cultura mediterr\u00e2nica, perfeito para recordar umas f\u00e9rias ou partilhar um peda\u00e7o de Espanha com amigos e familiares.<\/p>\n<p>Na Ol\u00e9 Mosaic, somos distribuidores de souvenirs aut\u00eanticos por grosso, e esta ta\u00e7a de coco azul \u00e9 uma excelente op\u00e7\u00e3o para lojas de presentes tur\u00edsticos que procuram oferecer produtos que simbolizem a beleza e o folclore de Espanha. Como grossistas de acess\u00f3rios decorativos, orgulhamo-nos de apresentar artesanato de qualidade que real\u00e7a a identidade cultural das nossas regi\u00f5es.<\/p>\n","protected":false},"excerpt":{"rendered":"<p>Ta\u00e7a de coco azul de design artesanal, pintada \u00e0 m\u00e3o, decorada com um elegante motivo de flamingos. Esta preciosa ta\u00e7a apresenta uma cor azul vibrante no seu interior, rodeada de detalhes brancos que emolduram a encantadora ilustra\u00e7\u00e3o. A figura central mostra dois flamingos com pareo, conferindo um toque de natureza e folclore espanhol. Ideal para dar um toque decorativo a qualquer espa\u00e7o, esta ta\u00e7a \u00e9 uma representa\u00e7\u00e3o \u00fanica da cultura mediterr\u00e2nica.<\/p>\n","protected":false},"featured_media":13405,"template":"","meta":{"_acf_changed":false},"product_brand":[],"product_cat":[513],"product_tag":[516],"class_list":{"0":"post-28918","1":"product","2":"type-product","3":"status-publish","4":"has-post-thumbnail","6":"product_cat-bols","7":"product_tag-animais","8":"pa_motivo-flamingos","10":"first","11":"instock","12":"shipping-taxable","13":"product-type-simple"},"acf":[],"_links":{"self":[{"href":"https:\/\/olemosaic.orbitalia.org\/pt-pt\/wp-json\/wp\/v2\/product\/28918","targetHints":{"allow":["GET"]}}],"collection":[{"href":"https:\/\/olemosaic.orbitalia.org\/pt-pt\/wp-json\/wp\/v2\/product"}],"about":[{"href":"https:\/\/olemosaic.orbitalia.org\/pt-pt\/wp-json\/wp\/v2\/types\/product"}],"wp:featuredmedia":[{"embeddable":true,"href":"https:\/\/olemosaic.orbitalia.org\/pt-pt\/wp-json\/wp\/v2\/media\/13405"}],"wp:attachment":[{"href":"https:\/\/olemosaic.orbitalia.org\/pt-pt\/wp-json\/wp\/v2\/media?parent=28918"}],"wp:term":[{"taxonomy":"product_brand","embeddable":true,"href":"https:\/\/olemosaic.orbitalia.org\/pt-pt\/wp-json\/wp\/v2\/product_brand?post=28918"},{"taxonomy":"product_cat","embeddable":true,"href":"https:\/\/olemosaic.orbitalia.org\/pt-pt\/wp-json\/wp\/v2\/product_cat?post=28918"},{"taxonomy":"product_tag","embeddable":true,"href":"https:\/\/olemosaic.orbitalia.org\/pt-pt\/wp-json\/wp\/v2\/product_tag?post=28918"}],"curies":[{"name":"wp","href":"https:\/\/api.w.org\/{rel}","templated":true}]}}