{"id":28917,"date":"2025-02-20T23:29:57","date_gmt":"2025-02-20T22:29:57","guid":{"rendered":"https:\/\/olemosaic.orbitalia.org\/producto\/bol-de-coco-azul-sardina-lisboa-8\/"},"modified":"2025-07-25T19:08:20","modified_gmt":"2025-07-25T17:08:20","slug":"taca-de-coco-azul-sardinha-lisboa-8","status":"publish","type":"product","link":"https:\/\/olemosaic.orbitalia.org\/pt-pt\/produto\/taca-de-coco-azul-sardinha-lisboa-8\/","title":{"rendered":"Ta\u00e7a de coco azul. Sardinha. Lisboa. Fundo marinho."},"content":{"rendered":"<p>Esta ta\u00e7a de coco azul, inspirada na vida marinha de Lisboa, \u00e9 um aut\u00eantico exemplo de artesanato portugu\u00eas, ideal para quem procura um souvenir original e evocativo da sua viagem. Fabricada em cer\u00e2mica de alta qualidade, esta ta\u00e7a distingue-se pelo seu acabamento pintado \u00e0 m\u00e3o, que combina uma paleta de tonalidades azuis que lembram o profundo oceano Atl\u00e2ntico, com intrincados designs dourados que simulam a textura das ondas ao quebrar. No centro, uma elegante sardinha numa delicada cor rosa, adornada com detalhes dourados, atua como um encantador elemento decorativo, conferindo um toque de frescura e autenticidade.<\/p>\n<p>Esta ta\u00e7a n\u00e3o \u00e9 apenas um objeto decorativo, mas tamb\u00e9m representa a rica cultura costeira de Lisboa, onde a pesca tem sido uma parte fundamental da identidade local durante s\u00e9culos. Com uma est\u00e9tica que evoca a tradi\u00e7\u00e3o mar\u00edtima da capital portuguesa, este produto torna-se uma recorda\u00e7\u00e3o significativa que celebra a heran\u00e7a cultural da regi\u00e3o.<\/p>\n<p>Na Ol\u00e9 Mosaic, oferecemos esta ta\u00e7a de coco azul como uma excelente op\u00e7\u00e3o para lojas de presentes tur\u00edsticos que desejam oferecer artigos \u00fanicos e representativos de Portugal. Esta ta\u00e7a n\u00e3o \u00e9 apenas um souvenir atraente, mas tamb\u00e9m uma pe\u00e7a que reflete a arte e a cultura do lar, ideal para quem procura levar consigo um peda\u00e7o da beleza de Lisboa. Como distribuidor de souvenirs, garantimos a qualidade e autenticidade de cada produto que oferecemos, tornando-o um investimento seguro para o seu neg\u00f3cio.<\/p>\n","protected":false},"excerpt":{"rendered":"<p>Ta\u00e7a de coco azul inspirada na vida marinha lisboeta, com uma elegante sardinha no seu interior. Esta singular ta\u00e7a, fabricada em cer\u00e2mica, destaca-se pelo seu acabamento de design artesanal, pintado \u00e0 m\u00e3o, em tons azuis e um intrincado design dourado que simula a textura das ondas. A sardinha, de uma delicada cor rosada, adiciona um elemento decorativo encantador, tornando-a um atraente artigo para o lar que evoca a rica cultura costeira portuguesa.<\/p>\n","protected":false},"featured_media":10084,"template":"","meta":{"_acf_changed":false},"product_brand":[],"product_cat":[513],"product_tag":[516],"class_list":{"0":"post-28917","1":"product","2":"type-product","3":"status-publish","4":"has-post-thumbnail","6":"product_cat-bols","7":"product_tag-animais","8":"pa_ciudad-lisboa","9":"pa_motivo-sardinhas","10":"pa_pais-portugal","12":"first","13":"instock","14":"shipping-taxable","15":"product-type-simple"},"acf":[],"_links":{"self":[{"href":"https:\/\/olemosaic.orbitalia.org\/pt-pt\/wp-json\/wp\/v2\/product\/28917","targetHints":{"allow":["GET"]}}],"collection":[{"href":"https:\/\/olemosaic.orbitalia.org\/pt-pt\/wp-json\/wp\/v2\/product"}],"about":[{"href":"https:\/\/olemosaic.orbitalia.org\/pt-pt\/wp-json\/wp\/v2\/types\/product"}],"wp:featuredmedia":[{"embeddable":true,"href":"https:\/\/olemosaic.orbitalia.org\/pt-pt\/wp-json\/wp\/v2\/media\/10084"}],"wp:attachment":[{"href":"https:\/\/olemosaic.orbitalia.org\/pt-pt\/wp-json\/wp\/v2\/media?parent=28917"}],"wp:term":[{"taxonomy":"product_brand","embeddable":true,"href":"https:\/\/olemosaic.orbitalia.org\/pt-pt\/wp-json\/wp\/v2\/product_brand?post=28917"},{"taxonomy":"product_cat","embeddable":true,"href":"https:\/\/olemosaic.orbitalia.org\/pt-pt\/wp-json\/wp\/v2\/product_cat?post=28917"},{"taxonomy":"product_tag","embeddable":true,"href":"https:\/\/olemosaic.orbitalia.org\/pt-pt\/wp-json\/wp\/v2\/product_tag?post=28917"}],"curies":[{"name":"wp","href":"https:\/\/api.w.org\/{rel}","templated":true}]}}