{"id":28903,"date":"2025-02-20T23:29:56","date_gmt":"2025-02-20T22:29:56","guid":{"rendered":"https:\/\/olemosaic.orbitalia.org\/producto\/bol-de-coco-azul-mariposa-5\/"},"modified":"2025-07-25T19:25:05","modified_gmt":"2025-07-25T17:25:05","slug":"taca-de-coco-azul-borboleta-5","status":"publish","type":"product","link":"https:\/\/olemosaic.orbitalia.org\/pt-pt\/produto\/taca-de-coco-azul-borboleta-5\/","title":{"rendered":"Ta\u00e7a de coco azul. Borboleta. Estilo mediterr\u00e2nico."},"content":{"rendered":"<p>Esta ta\u00e7a de coco azul \u00e9 uma pe\u00e7a \u00fanica que funde funcionalidade e arte, ideal para embelezar qualquer casa. O seu design oval apresenta um acabamento pintado \u00e0 m\u00e3o em tons azuis e brancos, criado para real\u00e7ar os delicados padr\u00f5es que cobrem a sua superf\u00edcie. No centro, um elegante motivo de borboleta, estilizado e art\u00edstico, acrescenta um toque distintivo que transforma este acess\u00f3rio numa verdadeira obra de arte. As pequenas formas arredondadas nas bordas, num azul vibrante, evocam a beleza natural e a frescura das asas de uma borboleta em pleno voo.<\/p>\n<p>Esta ta\u00e7a n\u00e3o \u00e9 apenas visualmente atraente, mas tamb\u00e9m pr\u00e1tica, perfeita para servir aperitivos, frutas ou simplesmente como elemento decorativo em qualquer espa\u00e7o, seja moderno ou r\u00fastico. A sua liga\u00e7\u00e3o cultural reside na tradi\u00e7\u00e3o da cer\u00e2mica em regi\u00f5es de Espanha e Portugal, onde a criatividade e a mestria artesanal se fundem, oferecendo produtos aut\u00eanticos que contam hist\u00f3rias. Como lembran\u00e7a, esta ta\u00e7a de coco azul \u00e9 uma recorda\u00e7\u00e3o representativa que cativar\u00e1 a aten\u00e7\u00e3o dos turistas que procuram algo realmente especial na sua viagem.<\/p>\n<p>Na Ol\u00e9 Mosaic, orgulhamo-nos de ser distribuidores de lembran\u00e7as de qualidade, e esta ta\u00e7a \u00e9 uma excelente op\u00e7\u00e3o para lojas de presentes tur\u00edsticos que procuram oferecer produtos aut\u00eanticos e de relev\u00e2ncia cultural. Com as nossas ta\u00e7as de coco, garantimos artesanato, um design muito especial e autenticidade.<\/p>\n","protected":false},"excerpt":{"rendered":"<p>Ta\u00e7a de coco azul decorada com um elegante design de borboleta, ideal para dar um toque distintivo a qualquer casa. Esta ta\u00e7a apresenta um acabamento de design artesanal, pintado \u00e0 m\u00e3o, com tonalidades azuis e brancas, que real\u00e7am as delicadas formas da sua superf\u00edcie. O motivo central da borboleta confere um elemento art\u00edstico, enquanto a sua forma oval e o seu toque suave a tornam um acess\u00f3rio funcional e decorativo, perfeito para espa\u00e7os modernos ou r\u00fasticos.<\/p>\n","protected":false},"featured_media":13502,"template":"","meta":{"_acf_changed":false},"product_brand":[],"product_cat":[513],"product_tag":[516],"class_list":{"0":"post-28903","1":"product","2":"type-product","3":"status-publish","4":"has-post-thumbnail","6":"product_cat-bols","7":"product_tag-animais","8":"pa_motivo-borboletas","10":"first","11":"instock","12":"shipping-taxable","13":"product-type-simple"},"acf":[],"_links":{"self":[{"href":"https:\/\/olemosaic.orbitalia.org\/pt-pt\/wp-json\/wp\/v2\/product\/28903","targetHints":{"allow":["GET"]}}],"collection":[{"href":"https:\/\/olemosaic.orbitalia.org\/pt-pt\/wp-json\/wp\/v2\/product"}],"about":[{"href":"https:\/\/olemosaic.orbitalia.org\/pt-pt\/wp-json\/wp\/v2\/types\/product"}],"wp:featuredmedia":[{"embeddable":true,"href":"https:\/\/olemosaic.orbitalia.org\/pt-pt\/wp-json\/wp\/v2\/media\/13502"}],"wp:attachment":[{"href":"https:\/\/olemosaic.orbitalia.org\/pt-pt\/wp-json\/wp\/v2\/media?parent=28903"}],"wp:term":[{"taxonomy":"product_brand","embeddable":true,"href":"https:\/\/olemosaic.orbitalia.org\/pt-pt\/wp-json\/wp\/v2\/product_brand?post=28903"},{"taxonomy":"product_cat","embeddable":true,"href":"https:\/\/olemosaic.orbitalia.org\/pt-pt\/wp-json\/wp\/v2\/product_cat?post=28903"},{"taxonomy":"product_tag","embeddable":true,"href":"https:\/\/olemosaic.orbitalia.org\/pt-pt\/wp-json\/wp\/v2\/product_tag?post=28903"}],"curies":[{"name":"wp","href":"https:\/\/api.w.org\/{rel}","templated":true}]}}