{"id":28902,"date":"2025-02-20T23:29:56","date_gmt":"2025-02-20T22:29:56","guid":{"rendered":"https:\/\/olemosaic.orbitalia.org\/producto\/bol-de-coco-azul-salamandra-tenerife-5\/"},"modified":"2025-07-25T19:34:45","modified_gmt":"2025-07-25T17:34:45","slug":"taca-de-coco-azul-salamandra-tenerife-5","status":"publish","type":"product","link":"https:\/\/olemosaic.orbitalia.org\/pt-pt\/produto\/taca-de-coco-azul-salamandra-tenerife-5\/","title":{"rendered":"Ta\u00e7a de coco azul. Salamandra. Tenerife. Can\u00e1rias."},"content":{"rendered":"<p>Esta ta\u00e7a de coco azul \u00e9 uma pe\u00e7a \u00fanica que capta a ess\u00eancia vibrante de Tenerife, ideal para quem procura uma recorda\u00e7\u00e3o aut\u00eantica das Ilhas Can\u00e1rias. Com um fundo azul intenso impressionante, esta ta\u00e7a destaca-se visualmente gra\u00e7as ao seu design central, onde uma elegante salamandra, s\u00edmbolo da fauna local, \u00e9 a protagonista. As bordas s\u00e3o adornadas com delicados elementos ornamentais em tons claros que complementam o azul e acrescentam um toque de sofistica\u00e7\u00e3o.<\/p>\n<p>A palavra &#8220;TENERIFE&#8221; est\u00e1 cuidadosamente impressa no fundo, conferindo um toque pessoal e uma liga\u00e7\u00e3o \u00fanica com a ilha. Esta ta\u00e7a pintada \u00e0 m\u00e3o n\u00e3o \u00e9 apenas um objeto decorativo encantador, mas tamb\u00e9m pode ser usada diariamente, levando um peda\u00e7o das Can\u00e1rias para a mesa. A salamandra, que se associa \u00e0 riqueza natural de Tenerife, simboliza a adapta\u00e7\u00e3o e a diversidade da fauna insular, tornando esta ta\u00e7a uma recorda\u00e7\u00e3o que, al\u00e9m de ser esteticamente atraente, tem um profundo significado cultural.<\/p>\n<p>Na Ol\u00e9 Mosaic, somos distribuidores de lembran\u00e7as por grosso, e esta ta\u00e7a de coco azul \u00e9 uma excelente op\u00e7\u00e3o para lojas de presentes tur\u00edsticos que procuram oferecer aos seus clientes um peda\u00e7o aut\u00eantico de Tenerife. Com o seu design muito especial e a sua relev\u00e2ncia cultural, esta ta\u00e7a \u00e9 a lembran\u00e7a ideal para quem deseja levar um peda\u00e7o das belas Ilhas Can\u00e1rias.<\/p>\n","protected":false},"excerpt":{"rendered":"<p>Ta\u00e7a de coco azul decorada com um atraente design de salamandra, s\u00edmbolo de Tenerife. Esta encantadora ta\u00e7a apresenta um fundo azul vibrante e bordas adornadas com elementos ornamentais em tons claros, destacando a figura de uma salamandra no centro. O texto &#8220;TENERIFE&#8221; est\u00e1 impresso de forma clara, conferindo um toque pessoal a este artigo. Ideal como objeto decorativo ou para uso di\u00e1rio, \u00e9 uma pe\u00e7a de design artesanal, pintada \u00e0 m\u00e3o, que capta a ess\u00eancia das Ilhas Can\u00e1rias.<\/p>\n","protected":false},"featured_media":11791,"template":"","meta":{"_acf_changed":false},"product_brand":[],"product_cat":[513],"product_tag":[516],"class_list":{"0":"post-28902","1":"product","2":"type-product","3":"status-publish","4":"has-post-thumbnail","6":"product_cat-bols","7":"product_tag-animais","8":"pa_ciudad-tenerife","9":"pa_motivo-salamandras","10":"pa_pais-espana","12":"first","13":"instock","14":"shipping-taxable","15":"product-type-simple"},"acf":[],"_links":{"self":[{"href":"https:\/\/olemosaic.orbitalia.org\/pt-pt\/wp-json\/wp\/v2\/product\/28902","targetHints":{"allow":["GET"]}}],"collection":[{"href":"https:\/\/olemosaic.orbitalia.org\/pt-pt\/wp-json\/wp\/v2\/product"}],"about":[{"href":"https:\/\/olemosaic.orbitalia.org\/pt-pt\/wp-json\/wp\/v2\/types\/product"}],"wp:featuredmedia":[{"embeddable":true,"href":"https:\/\/olemosaic.orbitalia.org\/pt-pt\/wp-json\/wp\/v2\/media\/11791"}],"wp:attachment":[{"href":"https:\/\/olemosaic.orbitalia.org\/pt-pt\/wp-json\/wp\/v2\/media?parent=28902"}],"wp:term":[{"taxonomy":"product_brand","embeddable":true,"href":"https:\/\/olemosaic.orbitalia.org\/pt-pt\/wp-json\/wp\/v2\/product_brand?post=28902"},{"taxonomy":"product_cat","embeddable":true,"href":"https:\/\/olemosaic.orbitalia.org\/pt-pt\/wp-json\/wp\/v2\/product_cat?post=28902"},{"taxonomy":"product_tag","embeddable":true,"href":"https:\/\/olemosaic.orbitalia.org\/pt-pt\/wp-json\/wp\/v2\/product_tag?post=28902"}],"curies":[{"name":"wp","href":"https:\/\/api.w.org\/{rel}","templated":true}]}}