{"id":28901,"date":"2025-02-20T23:29:56","date_gmt":"2025-02-20T22:29:56","guid":{"rendered":"https:\/\/olemosaic.orbitalia.org\/producto\/bol-de-coco-azul-flor-3\/"},"modified":"2025-07-25T18:53:12","modified_gmt":"2025-07-25T16:53:12","slug":"taca-de-coco-azul-flor-3","status":"publish","type":"product","link":"https:\/\/olemosaic.orbitalia.org\/pt-pt\/produto\/taca-de-coco-azul-flor-3\/","title":{"rendered":"Ta\u00e7a de coco azul. Salamandra. Tenerife. Can\u00e1rias."},"content":{"rendered":"<p>Esta ta\u00e7a de coco azul \u00e9 uma pe\u00e7a \u00fanica que capta a ess\u00eancia do folclore mediterr\u00e2nico. Elaborada a partir de cascas de coco recicladas, esta ta\u00e7a destaca-se pelo seu design pintado \u00e0 m\u00e3o, que apresenta uma bela flor no centro, rodeada por uma vibrante borda de hex\u00e1gonos em tons azuis e verdes, com padr\u00f5es em forma de cora\u00e7\u00e3o. A combina\u00e7\u00e3o de cores vibrantes e o cuidado artesanato criam um objeto atraente que n\u00e3o \u00e9 apenas funcional, mas tamb\u00e9m uma obra de arte decorativa.<\/p>\n<p>Os detalhes do centro revelam a mestria dos artes\u00e3os, que utilizaram t\u00e9cnicas tradicionais para real\u00e7ar a beleza do coco, conferindo um car\u00e1ter aut\u00eantico e artesanal a esta lembran\u00e7a. Esta ta\u00e7a n\u00e3o serve apenas como recorda\u00e7\u00e3o das suas viagens, mas tamb\u00e9m reflete a rica cultura mediterr\u00e2nica e as suas tradi\u00e7\u00f5es art\u00edsticas.<\/p>\n<p>Na Ol\u00e9 Mosaic, oferecemos esta ta\u00e7a de coco como uma excelente op\u00e7\u00e3o para lojas de presentes tur\u00edsticos que procuram produtos aut\u00eanticos e \u00fanicos. Como grossistas de lembran\u00e7as de casca de coco, garantimos a qualidade e originalidade de cada pe\u00e7a, tornando-a a lembran\u00e7a ideal para aqueles que desejam levar um peda\u00e7o da cultura mediterr\u00e2nica para casa.<\/p>\n","protected":false},"excerpt":{"rendered":"<p>Ta\u00e7a de coco azul decorada com motivos florais e cores vibrantes. Esta atraente ta\u00e7a, elaborada a partir de cascas de coco, apresenta um design artesanal, pintado \u00e0 m\u00e3o, com uma bela flor no centro, rodeada por uma borda de hex\u00e1gonos em tons azuis e verdes, com detalhes em forma de cora\u00e7\u00e3o. A sua est\u00e9tica artesanal e originalidade tornam-na uma lembran\u00e7a ideal que reflete a ess\u00eancia do folclore mediterr\u00e2nico.<\/p>\n","protected":false},"featured_media":10299,"template":"","meta":{"_acf_changed":false},"product_brand":[],"product_cat":[513],"product_tag":[],"class_list":{"0":"post-28901","1":"product","2":"type-product","3":"status-publish","4":"has-post-thumbnail","6":"product_cat-bols","7":"pa_motivo-flores","9":"first","10":"instock","11":"shipping-taxable","12":"product-type-simple"},"acf":[],"_links":{"self":[{"href":"https:\/\/olemosaic.orbitalia.org\/pt-pt\/wp-json\/wp\/v2\/product\/28901","targetHints":{"allow":["GET"]}}],"collection":[{"href":"https:\/\/olemosaic.orbitalia.org\/pt-pt\/wp-json\/wp\/v2\/product"}],"about":[{"href":"https:\/\/olemosaic.orbitalia.org\/pt-pt\/wp-json\/wp\/v2\/types\/product"}],"wp:featuredmedia":[{"embeddable":true,"href":"https:\/\/olemosaic.orbitalia.org\/pt-pt\/wp-json\/wp\/v2\/media\/10299"}],"wp:attachment":[{"href":"https:\/\/olemosaic.orbitalia.org\/pt-pt\/wp-json\/wp\/v2\/media?parent=28901"}],"wp:term":[{"taxonomy":"product_brand","embeddable":true,"href":"https:\/\/olemosaic.orbitalia.org\/pt-pt\/wp-json\/wp\/v2\/product_brand?post=28901"},{"taxonomy":"product_cat","embeddable":true,"href":"https:\/\/olemosaic.orbitalia.org\/pt-pt\/wp-json\/wp\/v2\/product_cat?post=28901"},{"taxonomy":"product_tag","embeddable":true,"href":"https:\/\/olemosaic.orbitalia.org\/pt-pt\/wp-json\/wp\/v2\/product_tag?post=28901"}],"curies":[{"name":"wp","href":"https:\/\/api.w.org\/{rel}","templated":true}]}}