{"id":28900,"date":"2025-02-20T23:29:56","date_gmt":"2025-02-20T22:29:56","guid":{"rendered":"https:\/\/olemosaic.orbitalia.org\/producto\/bol-de-coco-azul-sardina-lisboa-7\/"},"modified":"2025-07-25T19:54:49","modified_gmt":"2025-07-25T17:54:49","slug":"taca-de-coco-azul-sardinha-lisboa-7","status":"publish","type":"product","link":"https:\/\/olemosaic.orbitalia.org\/pt-pt\/produto\/taca-de-coco-azul-sardinha-lisboa-7\/","title":{"rendered":"Ta\u00e7a de coco azul. Sardinha. Lisboa. Portugal."},"content":{"rendered":"<p>Esta ta\u00e7a de coco azul \u00e9 uma pe\u00e7a \u00fanica que capta a ess\u00eancia da cultura mar\u00edtima de Lisboa, tornando-se uma excelente recorda\u00e7\u00e3o que representa a rica tradi\u00e7\u00e3o portuguesa. O seu design muito especial apresenta um fundo preto que contrasta maravilhosamente com os vibrantes detalhes em azul, evocando as profundezas do mar. No centro, destaca-se uma sardinha, s\u00edmbolo emblem\u00e1tico da gastronomia lisboeta e do amor da cidade pelo mar e pelas suas riquezas.<\/p>\n<p>Al\u00e9m disso, a borda da ta\u00e7a \u00e9 adornada com motivos decorativos em forma de cora\u00e7\u00f5es, que acrescentam uma dimens\u00e3o l\u00fadica e alegre ao design. Esta ta\u00e7a n\u00e3o s\u00f3 pode ser utilizada como uma atraente pe\u00e7a decorativa, como tamb\u00e9m \u00e9 ideal para servir aperitivos ou frutos secos, combinando funcionalidade com arte. A sua elabora\u00e7\u00e3o real\u00e7a a autenticidade da arte popular portuguesa, capturando a ess\u00eancia das festividades e da vida costeira de Lisboa.<\/p>\n<p>Na Ol\u00e9 Mosaic, especializamo-nos na distribui\u00e7\u00e3o de lembran\u00e7as por grosso, oferecendo produtos que representam fielmente as culturas locais. Esta ta\u00e7a de sardinha \u00e9 uma op\u00e7\u00e3o ideal para lojas de presentes tur\u00edsticos que desejam oferecer aos seus clientes um pedacinho de Lisboa, destacando-se pela sua originalidade e liga\u00e7\u00e3o cultural.<\/p>\n","protected":false},"excerpt":{"rendered":"<p>Ta\u00e7a de coco azul com design de sardinha, inspirado na cultura mar\u00edtima de Lisboa. Esta singular ta\u00e7a, com fundo preto, \u00e9 adornada com brilhantes detalhes azuis e um motivo central de sardinha, caracter\u00edstico do folclore lisboeta. A t\u00e9cnica empregada inclui elementos decorativos em forma de cora\u00e7\u00f5es, criando um contraste vibrante e fresco. Ideal como pe\u00e7a decorativa ou para servir, esta ta\u00e7a reflete a ess\u00eancia do mar e a tradi\u00e7\u00e3o portuguesa.<\/p>\n","protected":false},"featured_media":10175,"template":"","meta":{"_acf_changed":false},"product_brand":[],"product_cat":[513],"product_tag":[516],"class_list":{"0":"post-28900","1":"product","2":"type-product","3":"status-publish","4":"has-post-thumbnail","6":"product_cat-bols","7":"product_tag-animais","8":"pa_ciudad-lisboa","9":"pa_motivo-sardinhas","10":"pa_pais-portugal","12":"first","13":"instock","14":"shipping-taxable","15":"product-type-simple"},"acf":[],"_links":{"self":[{"href":"https:\/\/olemosaic.orbitalia.org\/pt-pt\/wp-json\/wp\/v2\/product\/28900","targetHints":{"allow":["GET"]}}],"collection":[{"href":"https:\/\/olemosaic.orbitalia.org\/pt-pt\/wp-json\/wp\/v2\/product"}],"about":[{"href":"https:\/\/olemosaic.orbitalia.org\/pt-pt\/wp-json\/wp\/v2\/types\/product"}],"wp:featuredmedia":[{"embeddable":true,"href":"https:\/\/olemosaic.orbitalia.org\/pt-pt\/wp-json\/wp\/v2\/media\/10175"}],"wp:attachment":[{"href":"https:\/\/olemosaic.orbitalia.org\/pt-pt\/wp-json\/wp\/v2\/media?parent=28900"}],"wp:term":[{"taxonomy":"product_brand","embeddable":true,"href":"https:\/\/olemosaic.orbitalia.org\/pt-pt\/wp-json\/wp\/v2\/product_brand?post=28900"},{"taxonomy":"product_cat","embeddable":true,"href":"https:\/\/olemosaic.orbitalia.org\/pt-pt\/wp-json\/wp\/v2\/product_cat?post=28900"},{"taxonomy":"product_tag","embeddable":true,"href":"https:\/\/olemosaic.orbitalia.org\/pt-pt\/wp-json\/wp\/v2\/product_tag?post=28900"}],"curies":[{"name":"wp","href":"https:\/\/api.w.org\/{rel}","templated":true}]}}