{"id":28899,"date":"2025-02-20T22:29:56","date_gmt":"2025-02-20T22:29:56","guid":{"rendered":"https:\/\/olemosaic.orbitalia.org\/producto\/bol-de-coco-azul-rueda\/"},"modified":"2025-07-25T18:49:59","modified_gmt":"2025-07-25T16:49:59","slug":"taca-de-coco-azul-roda","status":"publish","type":"product","link":"https:\/\/olemosaic.orbitalia.org\/pt-pt\/produto\/taca-de-coco-azul-roda\/","title":{"rendered":"Ta\u00e7a de coco azul. Roda."},"content":{"rendered":"<p>Esta ta\u00e7a de coco azul \u00e9 uma pe\u00e7a singular que capta a ess\u00eancia da arte decorativa mediterr\u00e2nica. Fabricada a partir da casca de um coco, o seu design geom\u00e9trico recorda os belos mosaicos tradicionais espanh\u00f3is, evocando o esplendor arquitet\u00f3nico da regi\u00e3o. A ta\u00e7a apresenta um acabamento brilhante em tons azuis e brancos que cria um contraste visual atraente, destacando a sua eleg\u00e2ncia e originalidade. A decora\u00e7\u00e3o inclui padr\u00f5es intrincados que giram em torno de um motivo central, evocando a harmonia e o equil\u00edbrio pr\u00f3prios da arte musiv\u00e1ria.<\/p>\n<p>Esta ta\u00e7a n\u00e3o \u00e9 apenas decorativa, mas tamb\u00e9m funcional, ideal para servir aperitivos ou para adornar qualquer canto da sua casa. A casca natural do coco confere-lhe um toque r\u00fastico, tornando cada pe\u00e7a \u00fanica. Perfeita como recorda\u00e7\u00e3o de Espanha, esta ta\u00e7a de coco azul \u00e9 um lembrete da rica heran\u00e7a cultural e artesanal da regi\u00e3o mediterr\u00e2nica.<\/p>\n<p>Na Ol\u00e9 Mosaic, o nosso compromisso \u00e9 oferecer produtos aut\u00eanticos, e esta ta\u00e7a representa a tradi\u00e7\u00e3o e a criatividade da arte espanhola. \u00c9 uma excelente escolha para lojas de presentes tur\u00edsticos que desejam apresentar lembran\u00e7as de alta qualidade que conservem a magia da sua origem. Como grossista de lembran\u00e7as, garantimos a disponibilidade de produtos que se destacam pela sua autenticidade e beleza.<\/p>\n","protected":false},"excerpt":{"rendered":"<p>Ta\u00e7a de coco azul decorada com um design geom\u00e9trico que recorda os mosaicos tradicionais do Mediterr\u00e2neo. Elaborada a partir da casca de um coco, apresenta um acabamento brilhante em tons azuis e brancos, criando um contraste visual atraente. Esta elegante ta\u00e7a, inspirada na arte decorativa espanhola, \u00e9 perfeita tanto para o uso di\u00e1rio como para dar um toque distintivo \u00e0 decora\u00e7\u00e3o da sua casa.<\/p>\n","protected":false},"featured_media":11728,"template":"","meta":{"_acf_changed":false},"product_brand":[],"product_cat":[513],"product_tag":[],"class_list":{"0":"post-28899","1":"product","2":"type-product","3":"status-publish","4":"has-post-thumbnail","6":"product_cat-bols","7":"pa_ciudad-rueda","8":"pa_pais-espana","10":"first","11":"instock","12":"shipping-taxable","13":"product-type-simple"},"acf":[],"_links":{"self":[{"href":"https:\/\/olemosaic.orbitalia.org\/pt-pt\/wp-json\/wp\/v2\/product\/28899","targetHints":{"allow":["GET"]}}],"collection":[{"href":"https:\/\/olemosaic.orbitalia.org\/pt-pt\/wp-json\/wp\/v2\/product"}],"about":[{"href":"https:\/\/olemosaic.orbitalia.org\/pt-pt\/wp-json\/wp\/v2\/types\/product"}],"wp:featuredmedia":[{"embeddable":true,"href":"https:\/\/olemosaic.orbitalia.org\/pt-pt\/wp-json\/wp\/v2\/media\/11728"}],"wp:attachment":[{"href":"https:\/\/olemosaic.orbitalia.org\/pt-pt\/wp-json\/wp\/v2\/media?parent=28899"}],"wp:term":[{"taxonomy":"product_brand","embeddable":true,"href":"https:\/\/olemosaic.orbitalia.org\/pt-pt\/wp-json\/wp\/v2\/product_brand?post=28899"},{"taxonomy":"product_cat","embeddable":true,"href":"https:\/\/olemosaic.orbitalia.org\/pt-pt\/wp-json\/wp\/v2\/product_cat?post=28899"},{"taxonomy":"product_tag","embeddable":true,"href":"https:\/\/olemosaic.orbitalia.org\/pt-pt\/wp-json\/wp\/v2\/product_tag?post=28899"}],"curies":[{"name":"wp","href":"https:\/\/api.w.org\/{rel}","templated":true}]}}