{"id":28853,"date":"2025-02-20T23:29:55","date_gmt":"2025-02-20T22:29:55","guid":{"rendered":"https:\/\/olemosaic.orbitalia.org\/producto\/bol-de-coco-azul-isla-mallorca-4\/"},"modified":"2025-07-25T19:55:00","modified_gmt":"2025-07-25T17:55:00","slug":"taca-de-coco-azul-ilha-maiorca-4","status":"publish","type":"product","link":"https:\/\/olemosaic.orbitalia.org\/pt-pt\/produto\/taca-de-coco-azul-ilha-maiorca-4\/","title":{"rendered":"Ta\u00e7a de coco azul. Ilha. Maiorca. Balear."},"content":{"rendered":"<p>Esta ta\u00e7a de coco azul \u00e9 uma pe\u00e7a artesanal impressionante que capta a ess\u00eancia vibrante da ilha de Maiorca. O seu interior apresenta um belo tom azul profundo, adornado com a silhueta da ilha e o nome &#8220;MAIORCA&#8221; numa elegante moldura decorada com detalhes brancos. Fabricada a partir de cascas de coco, esta ta\u00e7a n\u00e3o s\u00f3 se destaca pela sua est\u00e9tica, mas tamb\u00e9m pelo seu car\u00e1ter ecol\u00f3gico e sustent\u00e1vel, o que a torna uma excelente op\u00e7\u00e3o para quem procura souvenirs \u00fanicos e respons\u00e1veis. A t\u00e9cnica artesanal utilizada na sua cria\u00e7\u00e3o garante que cada ta\u00e7a seja uma pe\u00e7a \u00fanica, com matizes e texturas que refletem a beleza natural da paisagem de Maiorca. Ideal tanto como pe\u00e7a decorativa no lar como para uso di\u00e1rio, esta ta\u00e7a evoca a brisa refrescante do mar balear e o calor da sua cultura. Al\u00e9m disso, representa uma aut\u00eantica recorda\u00e7\u00e3o de Maiorca, perfeita para turistas que desejam levar consigo um fragmento desta encantadora ilha. Na Ol\u00e9 Mosaic, especializamo-nos na distribui\u00e7\u00e3o de souvenirs por grosso, e esta ta\u00e7a de coco azul \u00e9 uma op\u00e7\u00e3o perfeita para lojas de presentes tur\u00edsticos que procuram produtos aut\u00eanticos e culturalmente significativos.<\/p>\n","protected":false},"excerpt":{"rendered":"<p>Ta\u00e7a de coco azul, inspirada na ilha de Maiorca. Esta atraente ta\u00e7a apresenta um design vibrante em tons azuis, com a silhueta da ilha e o nome &#8220;MAIORCA&#8221; numa moldura decorada com detalhes brancos. Fabricada artesanalmente a partir de casca de coco, a sua elabora\u00e7\u00e3o confere-lhe um car\u00e1ter \u00fanico e ecol\u00f3gico. Ideal como pe\u00e7a decorativa ou para uso di\u00e1rio, evoca a beleza da paisagem de Maiorca em cada utiliza\u00e7\u00e3o.<\/p>\n","protected":false},"featured_media":11767,"template":"","meta":{"_acf_changed":false},"product_brand":[],"product_cat":[513],"product_tag":[],"class_list":{"0":"post-28853","1":"product","2":"type-product","3":"status-publish","4":"has-post-thumbnail","6":"product_cat-bols","7":"pa_ciudad-mallorca","8":"pa_motivo-ilhas","9":"pa_pais-espana","11":"first","12":"instock","13":"shipping-taxable","14":"product-type-simple"},"acf":[],"_links":{"self":[{"href":"https:\/\/olemosaic.orbitalia.org\/pt-pt\/wp-json\/wp\/v2\/product\/28853","targetHints":{"allow":["GET"]}}],"collection":[{"href":"https:\/\/olemosaic.orbitalia.org\/pt-pt\/wp-json\/wp\/v2\/product"}],"about":[{"href":"https:\/\/olemosaic.orbitalia.org\/pt-pt\/wp-json\/wp\/v2\/types\/product"}],"wp:featuredmedia":[{"embeddable":true,"href":"https:\/\/olemosaic.orbitalia.org\/pt-pt\/wp-json\/wp\/v2\/media\/11767"}],"wp:attachment":[{"href":"https:\/\/olemosaic.orbitalia.org\/pt-pt\/wp-json\/wp\/v2\/media?parent=28853"}],"wp:term":[{"taxonomy":"product_brand","embeddable":true,"href":"https:\/\/olemosaic.orbitalia.org\/pt-pt\/wp-json\/wp\/v2\/product_brand?post=28853"},{"taxonomy":"product_cat","embeddable":true,"href":"https:\/\/olemosaic.orbitalia.org\/pt-pt\/wp-json\/wp\/v2\/product_cat?post=28853"},{"taxonomy":"product_tag","embeddable":true,"href":"https:\/\/olemosaic.orbitalia.org\/pt-pt\/wp-json\/wp\/v2\/product_tag?post=28853"}],"curies":[{"name":"wp","href":"https:\/\/api.w.org\/{rel}","templated":true}]}}