{"id":28849,"date":"2025-02-20T23:29:55","date_gmt":"2025-02-20T22:29:55","guid":{"rendered":"https:\/\/olemosaic.orbitalia.org\/producto\/bol-de-coco-azul-ibiscus-5\/"},"modified":"2025-07-25T20:38:35","modified_gmt":"2025-07-25T18:38:35","slug":"taca-de-coco-azul-hibisco-5","status":"publish","type":"product","link":"https:\/\/olemosaic.orbitalia.org\/pt-pt\/produto\/taca-de-coco-azul-hibisco-5\/","title":{"rendered":"Ta\u00e7a de coco azul. Hibisco."},"content":{"rendered":"<p>Esta ta\u00e7a de coco azul \u00e9 uma obra-prima artesanal que evoca a frescura da natureza tropical. Com o seu design \u00fanico, que apresenta um elegante motivo de hibisco no centro, \u00e9 ideal para servir aperitivos ou como elemento decorativo em qualquer ambiente. Fabricada em coco, o seu interior resplandece com tonalidades douradas e azuis, criando um contraste visual cativante. A t\u00e9cnica inovadora de pintura utilizada n\u00e3o s\u00f3 real\u00e7a a beleza natural do material, mas tamb\u00e9m proporciona uma textura visualmente atraente que cativa o olhar. Esta ta\u00e7a n\u00e3o s\u00f3 representa a rica heran\u00e7a cultural das ilhas, mas tamb\u00e9m \u00e9 uma recorda\u00e7\u00e3o aut\u00eantica que liga o comprador \u00e0 ess\u00eancia dos destinos tropicais. Al\u00e9m disso, a sua versatilidade torna-a uma excelente op\u00e7\u00e3o para turistas que procuram souvenirs representativos da sua experi\u00eancia. Na Ol\u00e9 Mosaic, dedicamo-nos \u00e0 distribui\u00e7\u00e3o por grosso destes encantadores souvenirs, assegurando que os nossos clientes tenham acesso a artigos aut\u00eanticos e de qualidade que realcem a cultura local. Esta ta\u00e7a de coco azul \u00e9, sem d\u00favida, uma pe\u00e7a imprescind\u00edvel para lojas de presentes tur\u00edsticos que procuram oferecer produtos \u00fanicos e aut\u00eanticos.<\/p>\n","protected":false},"excerpt":{"rendered":"<p>Ta\u00e7a de coco azul inspirada na natureza, com um design \u00fanico que apresenta motivos de hibisco no centro. Fabricada com coco, o seu interior resplandece com tons dourados e azuis, gra\u00e7as a uma t\u00e9cnica de pintura que cria uma textura visual atraente. Esta ta\u00e7a \u00e9 perfeita para servir aperitivos ou como elemento decorativo, evocando o encanto tropical das ilhas e ideal para adicionar um toque de frescura a qualquer ambiente.<\/p>\n","protected":false},"featured_media":13425,"template":"","meta":{"_acf_changed":false},"product_brand":[],"product_cat":[513],"product_tag":[],"class_list":{"0":"post-28849","1":"product","2":"type-product","3":"status-publish","4":"has-post-thumbnail","6":"product_cat-bols","7":"pa_motivo-hibisco","9":"first","10":"instock","11":"shipping-taxable","12":"product-type-simple"},"acf":[],"_links":{"self":[{"href":"https:\/\/olemosaic.orbitalia.org\/pt-pt\/wp-json\/wp\/v2\/product\/28849","targetHints":{"allow":["GET"]}}],"collection":[{"href":"https:\/\/olemosaic.orbitalia.org\/pt-pt\/wp-json\/wp\/v2\/product"}],"about":[{"href":"https:\/\/olemosaic.orbitalia.org\/pt-pt\/wp-json\/wp\/v2\/types\/product"}],"wp:featuredmedia":[{"embeddable":true,"href":"https:\/\/olemosaic.orbitalia.org\/pt-pt\/wp-json\/wp\/v2\/media\/13425"}],"wp:attachment":[{"href":"https:\/\/olemosaic.orbitalia.org\/pt-pt\/wp-json\/wp\/v2\/media?parent=28849"}],"wp:term":[{"taxonomy":"product_brand","embeddable":true,"href":"https:\/\/olemosaic.orbitalia.org\/pt-pt\/wp-json\/wp\/v2\/product_brand?post=28849"},{"taxonomy":"product_cat","embeddable":true,"href":"https:\/\/olemosaic.orbitalia.org\/pt-pt\/wp-json\/wp\/v2\/product_cat?post=28849"},{"taxonomy":"product_tag","embeddable":true,"href":"https:\/\/olemosaic.orbitalia.org\/pt-pt\/wp-json\/wp\/v2\/product_tag?post=28849"}],"curies":[{"name":"wp","href":"https:\/\/api.w.org\/{rel}","templated":true}]}}