{"id":28843,"date":"2025-02-20T23:29:54","date_gmt":"2025-02-20T22:29:54","guid":{"rendered":"https:\/\/olemosaic.orbitalia.org\/producto\/bol-de-coco-azul-mariposa-4\/"},"modified":"2025-07-25T19:46:40","modified_gmt":"2025-07-25T17:46:40","slug":"taca-de-coco-azul-borboleta-4","status":"publish","type":"product","link":"https:\/\/olemosaic.orbitalia.org\/pt-pt\/produto\/taca-de-coco-azul-borboleta-4\/","title":{"rendered":"Ta\u00e7a de coco azul. Borboleta."},"content":{"rendered":"<p>Esta ta\u00e7a de coco azul \u00e9 uma obra-prima artesanal que confere um toque de cor e eleg\u00e2ncia a qualquer canto da casa. O seu design encantador apresenta um fundo azul vibrante adornado com uma borboleta delicada no centro, que simboliza a transforma\u00e7\u00e3o e a beleza da natureza. As bordas da ta\u00e7a, em cor branca, criam um contraste quente que real\u00e7a a est\u00e9tica do objeto e o torna uma pe\u00e7a apelativa. Cada ta\u00e7a \u00e9 fabricada de forma artesanal com cascas de coco, o que garante que cada unidade seja \u00fanica, refletindo a beleza natural do material com as suas imperfei\u00e7\u00f5es e varia\u00e7\u00f5es.<\/p>\n<p>Esta ta\u00e7a n\u00e3o \u00e9 apenas decorativa, mas tamb\u00e9m funcional, ideal para servir aperitivos, guardar pequenos objetos ou simplesmente como elemento decorativo em qualquer superf\u00edcie. Al\u00e9m disso, o uso de materiais naturais refor\u00e7a a sua liga\u00e7\u00e3o com a cultura e a tradi\u00e7\u00e3o, tornando-a uma recorda\u00e7\u00e3o significativa da sua origem. Esta ta\u00e7a de coco azul representa a rica heran\u00e7a artesanal e \u00e9 um excelente souvenir para turistas que procuram pe\u00e7as aut\u00eanticas e exclusivas.<\/p>\n<p>Na Ol\u00e9 Mosaic, especializamo-nos na distribui\u00e7\u00e3o de souvenirs por grosso, oferecendo produtos aut\u00eanticos que capturam a ess\u00eancia da sua origem. Esta ta\u00e7a de coco \u00e9 uma op\u00e7\u00e3o ideal para lojas de presentes tur\u00edsticos que desejem oferecer recorda\u00e7\u00f5es \u00fanicas e culturalmente significativas. Como grossistas de artesanato, garantimos a qualidade e autenticidade de cada pe\u00e7a, destacando a sua relevante liga\u00e7\u00e3o cultural no \u00e2mbito dos souvenirs.<\/p>\n","protected":false},"excerpt":{"rendered":"<p>Ta\u00e7a de coco azul decorada com uma borboleta delicada no centro, ideal para dar um toque de cor a qualquer canto da sua casa. Esta ta\u00e7a atraente apresenta um acabamento em tons de azul, com detalhes brancos que bordam o seu per\u00edmetro, criando uma atmosfera harmoniosa e elegante. Fabricada a partir de casca de coco, cada pe\u00e7a \u00e9 \u00fanica, mostrando a beleza natural do material combinada com a arte da decora\u00e7\u00e3o de design artesanal, pintada \u00e0 m\u00e3o. Perfeita como elemento decorativo ou para um uso funcional.<\/p>\n","protected":false},"featured_media":13393,"template":"","meta":{"_acf_changed":false},"product_brand":[],"product_cat":[513],"product_tag":[516],"class_list":{"0":"post-28843","1":"product","2":"type-product","3":"status-publish","4":"has-post-thumbnail","6":"product_cat-bols","7":"product_tag-animais","8":"pa_motivo-borboletas","10":"first","11":"instock","12":"shipping-taxable","13":"product-type-simple"},"acf":[],"_links":{"self":[{"href":"https:\/\/olemosaic.orbitalia.org\/pt-pt\/wp-json\/wp\/v2\/product\/28843","targetHints":{"allow":["GET"]}}],"collection":[{"href":"https:\/\/olemosaic.orbitalia.org\/pt-pt\/wp-json\/wp\/v2\/product"}],"about":[{"href":"https:\/\/olemosaic.orbitalia.org\/pt-pt\/wp-json\/wp\/v2\/types\/product"}],"wp:featuredmedia":[{"embeddable":true,"href":"https:\/\/olemosaic.orbitalia.org\/pt-pt\/wp-json\/wp\/v2\/media\/13393"}],"wp:attachment":[{"href":"https:\/\/olemosaic.orbitalia.org\/pt-pt\/wp-json\/wp\/v2\/media?parent=28843"}],"wp:term":[{"taxonomy":"product_brand","embeddable":true,"href":"https:\/\/olemosaic.orbitalia.org\/pt-pt\/wp-json\/wp\/v2\/product_brand?post=28843"},{"taxonomy":"product_cat","embeddable":true,"href":"https:\/\/olemosaic.orbitalia.org\/pt-pt\/wp-json\/wp\/v2\/product_cat?post=28843"},{"taxonomy":"product_tag","embeddable":true,"href":"https:\/\/olemosaic.orbitalia.org\/pt-pt\/wp-json\/wp\/v2\/product_tag?post=28843"}],"curies":[{"name":"wp","href":"https:\/\/api.w.org\/{rel}","templated":true}]}}