{"id":28842,"date":"2025-02-20T23:29:54","date_gmt":"2025-02-20T22:29:54","guid":{"rendered":"https:\/\/olemosaic.orbitalia.org\/producto\/bol-de-coco-azul-abanico-2\/"},"modified":"2025-07-25T18:33:25","modified_gmt":"2025-07-25T16:33:25","slug":"taca-de-coco-azul-leque-2","status":"publish","type":"product","link":"https:\/\/olemosaic.orbitalia.org\/pt-pt\/produto\/taca-de-coco-azul-leque-2\/","title":{"rendered":"Ta\u00e7a de coco azul. Leque."},"content":{"rendered":"<p>Esta ta\u00e7a de coco azul \u00e9 uma obra-prima artesanal que captura a ess\u00eancia da arte tradicional espanhola. De design artesanal, apresenta um acabamento glamoroso em tons brilhantes que contrastam magistralmente com um fundo preto, acentuando a beleza dos detalhes azuis. No centro, um design encantador de um leque, rodeado por um padr\u00e3o de cora\u00e7\u00f5es azuis, confere-lhe um toque rom\u00e2ntico e vibrante, tornando-a uma pe\u00e7a perfeita tanto para a decora\u00e7\u00e3o da casa como para guardar pequenos objetos.<\/p>\n<p>A ta\u00e7a reflete a rica cultura espanhola e a sua tradi\u00e7\u00e3o art\u00edstica, sendo um acess\u00f3rio ideal para quem procura uma recorda\u00e7\u00e3o aut\u00eantica e representativa da sua viagem. A t\u00e9cnica de pintura \u00e0 m\u00e3o garante que cada ta\u00e7a de coco seja \u00fanica, cheia de car\u00e1ter e originalidade, o que a torna um souvenir valioso para os visitantes de Espanha. O seu uso vers\u00e1til torna-a ideal para m\u00faltiplas aplica\u00e7\u00f5es, desde um organizador pr\u00e1tico at\u00e9 um elemento decorativo atraente.<\/p>\n<p>Na Ol\u00e9 Mosaic, especializamo-nos na distribui\u00e7\u00e3o de souvenirs por grosso, oferecendo esta ta\u00e7a de coco azul como uma op\u00e7\u00e3o aut\u00eantica e significativa que real\u00e7a a heran\u00e7a cultural de Espanha. \u00c9 uma excelente escolha para lojas de presentes tur\u00edsticos que desejem oferecer produtos de alta qualidade e valor cultural.<\/p>\n","protected":false},"excerpt":{"rendered":"<p>Ta\u00e7a de coco azul decorada com um design encantador de cora\u00e7\u00f5es e um leque no seu interior. Este artigo artesanal, feito de coco, apresenta um acabamento brilhante que contrasta com o preto de fundo, real\u00e7ando os tons azuis e os detalhes intrincados do leque. Perfeita como elemento decorativo ou para guardar pequenos objetos, reflete a ess\u00eancia da arte tradicional e a vibrante cultura espanhola. A t\u00e9cnica de design artesanal, pintada \u00e0 m\u00e3o, garante que cada pe\u00e7a seja \u00fanica.<\/p>\n","protected":false},"featured_media":10191,"template":"","meta":{"_acf_changed":false},"product_brand":[],"product_cat":[513],"product_tag":[],"class_list":{"0":"post-28842","1":"product","2":"type-product","3":"status-publish","4":"has-post-thumbnail","6":"product_cat-bols","7":"pa_motivo-leques","9":"first","10":"instock","11":"shipping-taxable","12":"product-type-simple"},"acf":[],"_links":{"self":[{"href":"https:\/\/olemosaic.orbitalia.org\/pt-pt\/wp-json\/wp\/v2\/product\/28842","targetHints":{"allow":["GET"]}}],"collection":[{"href":"https:\/\/olemosaic.orbitalia.org\/pt-pt\/wp-json\/wp\/v2\/product"}],"about":[{"href":"https:\/\/olemosaic.orbitalia.org\/pt-pt\/wp-json\/wp\/v2\/types\/product"}],"wp:featuredmedia":[{"embeddable":true,"href":"https:\/\/olemosaic.orbitalia.org\/pt-pt\/wp-json\/wp\/v2\/media\/10191"}],"wp:attachment":[{"href":"https:\/\/olemosaic.orbitalia.org\/pt-pt\/wp-json\/wp\/v2\/media?parent=28842"}],"wp:term":[{"taxonomy":"product_brand","embeddable":true,"href":"https:\/\/olemosaic.orbitalia.org\/pt-pt\/wp-json\/wp\/v2\/product_brand?post=28842"},{"taxonomy":"product_cat","embeddable":true,"href":"https:\/\/olemosaic.orbitalia.org\/pt-pt\/wp-json\/wp\/v2\/product_cat?post=28842"},{"taxonomy":"product_tag","embeddable":true,"href":"https:\/\/olemosaic.orbitalia.org\/pt-pt\/wp-json\/wp\/v2\/product_tag?post=28842"}],"curies":[{"name":"wp","href":"https:\/\/api.w.org\/{rel}","templated":true}]}}