{"id":28841,"date":"2025-02-20T23:29:54","date_gmt":"2025-02-20T22:29:54","guid":{"rendered":"https:\/\/olemosaic.orbitalia.org\/producto\/bol-de-coco-azul-tortuga-3\/"},"modified":"2025-07-25T18:49:40","modified_gmt":"2025-07-25T16:49:40","slug":"taca-de-coco-azul-tartaruga-3","status":"publish","type":"product","link":"https:\/\/olemosaic.orbitalia.org\/pt-pt\/produto\/taca-de-coco-azul-tartaruga-3\/","title":{"rendered":"Ta\u00e7a de coco azul. Tartaruga."},"content":{"rendered":"<p>Esta ta\u00e7a de coco azul \u00e9 uma joia artesanal ideal para quem procura um souvenir aut\u00eantico e vibrante que capture a ess\u00eancia do Mediterr\u00e2neo. Cada ta\u00e7a \u00e9 meticulosamente elaborada de forma artesanal com coco natural, o que lhe confere um car\u00e1ter distintivo e sustent\u00e1vel. No interior, destaca-se um belo design com uma tartaruga no centro, s\u00edmbolo da vida marinha e das praias ensolaradas, rodeada por uma moldura alegre de cora\u00e7\u00f5es coloridos. Os tons azuis do fundo complementam perfeitamente as nuances dos cora\u00e7\u00f5es, criando uma explos\u00e3o de cor que evoca recorda\u00e7\u00f5es de f\u00e9rias na costa.<\/p>\n<p>A tartaruga, gravada com precis\u00e3o, acrescenta um toque de eleg\u00e2ncia e simbolismo, representando a liga\u00e7\u00e3o com a natureza e o amor pelo meio ambiente. Esta ta\u00e7a n\u00e3o \u00e9 apenas uma magn\u00edfica pe\u00e7a decorativa, mas tamb\u00e9m funcional, perfeita para adornar qualquer mesa ou para uso di\u00e1rio, seja para servir snacks ou para organizar pequenos objetos.<\/p>\n<p>Na Ol\u00e9 Mosaic, compreendemos a import\u00e2ncia de oferecer souvenirs que contem uma hist\u00f3ria e reflitam a cultura local. Esta ta\u00e7a de coco \u00e9 uma recorda\u00e7\u00e3o de qualidade, al\u00e9m de uma representa\u00e7\u00e3o da tradi\u00e7\u00e3o artesanal, ideal para lojas de presentes tur\u00edsticos que procuram produtos aut\u00eanticos e significativos. Sem d\u00favida, uma excelente escolha para quem deseja levar um peda\u00e7o da cultura mediterr\u00e2nea.<\/p>\n","protected":false},"excerpt":{"rendered":"<p>Ta\u00e7a de coco azul decorada com uma bela tartaruga no centro e uma moldura alegre de cora\u00e7\u00f5es coloridos. Elaborada \u00e0 m\u00e3o, esta ta\u00e7a combina o material natural do coco com um design vibrante que real\u00e7a os tons azuis e as nuances coloridas dos cora\u00e7\u00f5es. A tartaruga, gravada com carinho, acrescenta um toque marinho que evoca a ess\u00eancia das praias do Mediterr\u00e2neo. Perfeita como pe\u00e7a decorativa ou para o uso di\u00e1rio.<\/p>\n","protected":false},"featured_media":10295,"template":"","meta":{"_acf_changed":false},"product_brand":[],"product_cat":[513],"product_tag":[516],"class_list":{"0":"post-28841","1":"product","2":"type-product","3":"status-publish","4":"has-post-thumbnail","6":"product_cat-bols","7":"product_tag-animais","8":"pa_motivo-tartarugas","10":"first","11":"instock","12":"shipping-taxable","13":"product-type-simple"},"acf":[],"_links":{"self":[{"href":"https:\/\/olemosaic.orbitalia.org\/pt-pt\/wp-json\/wp\/v2\/product\/28841","targetHints":{"allow":["GET"]}}],"collection":[{"href":"https:\/\/olemosaic.orbitalia.org\/pt-pt\/wp-json\/wp\/v2\/product"}],"about":[{"href":"https:\/\/olemosaic.orbitalia.org\/pt-pt\/wp-json\/wp\/v2\/types\/product"}],"wp:featuredmedia":[{"embeddable":true,"href":"https:\/\/olemosaic.orbitalia.org\/pt-pt\/wp-json\/wp\/v2\/media\/10295"}],"wp:attachment":[{"href":"https:\/\/olemosaic.orbitalia.org\/pt-pt\/wp-json\/wp\/v2\/media?parent=28841"}],"wp:term":[{"taxonomy":"product_brand","embeddable":true,"href":"https:\/\/olemosaic.orbitalia.org\/pt-pt\/wp-json\/wp\/v2\/product_brand?post=28841"},{"taxonomy":"product_cat","embeddable":true,"href":"https:\/\/olemosaic.orbitalia.org\/pt-pt\/wp-json\/wp\/v2\/product_cat?post=28841"},{"taxonomy":"product_tag","embeddable":true,"href":"https:\/\/olemosaic.orbitalia.org\/pt-pt\/wp-json\/wp\/v2\/product_tag?post=28841"}],"curies":[{"name":"wp","href":"https:\/\/api.w.org\/{rel}","templated":true}]}}