{"id":28840,"date":"2025-02-20T22:29:54","date_gmt":"2025-02-20T22:29:54","guid":{"rendered":"https:\/\/olemosaic.orbitalia.org\/producto\/bol-de-coco-azul-isla-lanzarote\/"},"modified":"2025-07-25T20:25:46","modified_gmt":"2025-07-25T18:25:46","slug":"taca-de-coco-azul-ilha-lanzarote","status":"publish","type":"product","link":"https:\/\/olemosaic.orbitalia.org\/pt-pt\/produto\/taca-de-coco-azul-ilha-lanzarote\/","title":{"rendered":"Ta\u00e7a de coco azul. Ilha. Lanzarote."},"content":{"rendered":"<p>Esta ta\u00e7a de coco azul \u00e9 uma bela representa\u00e7\u00e3o da beleza natural de Lanzarote, ideal para quem procura um souvenir aut\u00eantico da ilha. Elaborada com mat\u00e9ria-prima de alta qualidade, esta ta\u00e7a elegante apresenta um design cativante em tons de azul que evocam a imensa paisagem marinha e os oceanos que rodeiam a ilha. O seu interior brilhante mostra um mapa delicadamente impresso de Lanzarote, real\u00e7ando a sua identidade insular e oferecendo um toque de cultura local em cada utiliza\u00e7\u00e3o.<\/p>\n<p>A superf\u00edcie da ta\u00e7a est\u00e1 decorada com uma s\u00e9rie de c\u00edrculos em diversas tonalidades de azul, inspirados na \u00e1gua cristalina que banha as suas costas. Este acabamento artesanal n\u00e3o s\u00f3 real\u00e7a os detalhes, como tamb\u00e9m confere calor e autenticidade \u00e0 pe\u00e7a, tornando-a perfeita tanto como objeto decorativo como para servir aperitivos em reuni\u00f5es familiares ou festas.<\/p>\n<p>Esta ta\u00e7a de coco azul \u00e9 um reflexo claro da tradi\u00e7\u00e3o artesanal de Lanzarote, tornando-se uma excelente recorda\u00e7\u00e3o representativa da ilha. Na Ol\u00e9 Mosaic, como grossista de souvenirs, oferecemos produtos que celebram a cultura e a beleza de Espanha, e esta ta\u00e7a \u00e9 uma op\u00e7\u00e3o ideal para lojas de presentes tur\u00edsticos que procuram artigos aut\u00eanticos e significativos.<\/p>\n","protected":false},"excerpt":{"rendered":"<p>Ta\u00e7a de coco azul, inspirada na beleza de Lanzarote. Esta ta\u00e7a elegante, elaborada com coco e decorada com um design em tons de azul, evoca a paisagem marinha da ilha. O seu interior brilhante apresenta um mapa de Lanzarote, destacando a sua identidade insular. Com um acabamento artesanal que real\u00e7a os detalhes, \u00e9 perfeita tanto como pe\u00e7a decorativa como para servir aperitivos, conferindo um toque distintivo a qualquer mesa.<\/p>\n","protected":false},"featured_media":11996,"template":"","meta":{"_acf_changed":false},"product_brand":[],"product_cat":[513],"product_tag":[],"class_list":{"0":"post-28840","1":"product","2":"type-product","3":"status-publish","4":"has-post-thumbnail","6":"product_cat-bols","7":"pa_ciudad-lanzarote","8":"pa_motivo-ilhas","9":"pa_pais-espana","11":"first","12":"instock","13":"shipping-taxable","14":"product-type-simple"},"acf":[],"_links":{"self":[{"href":"https:\/\/olemosaic.orbitalia.org\/pt-pt\/wp-json\/wp\/v2\/product\/28840","targetHints":{"allow":["GET"]}}],"collection":[{"href":"https:\/\/olemosaic.orbitalia.org\/pt-pt\/wp-json\/wp\/v2\/product"}],"about":[{"href":"https:\/\/olemosaic.orbitalia.org\/pt-pt\/wp-json\/wp\/v2\/types\/product"}],"wp:featuredmedia":[{"embeddable":true,"href":"https:\/\/olemosaic.orbitalia.org\/pt-pt\/wp-json\/wp\/v2\/media\/11996"}],"wp:attachment":[{"href":"https:\/\/olemosaic.orbitalia.org\/pt-pt\/wp-json\/wp\/v2\/media?parent=28840"}],"wp:term":[{"taxonomy":"product_brand","embeddable":true,"href":"https:\/\/olemosaic.orbitalia.org\/pt-pt\/wp-json\/wp\/v2\/product_brand?post=28840"},{"taxonomy":"product_cat","embeddable":true,"href":"https:\/\/olemosaic.orbitalia.org\/pt-pt\/wp-json\/wp\/v2\/product_cat?post=28840"},{"taxonomy":"product_tag","embeddable":true,"href":"https:\/\/olemosaic.orbitalia.org\/pt-pt\/wp-json\/wp\/v2\/product_tag?post=28840"}],"curies":[{"name":"wp","href":"https:\/\/api.w.org\/{rel}","templated":true}]}}