{"id":28796,"date":"2025-02-20T23:29:53","date_gmt":"2025-02-20T22:29:53","guid":{"rendered":"https:\/\/olemosaic.orbitalia.org\/producto\/bol-de-coco-azul-tortuga-menorca-2\/"},"modified":"2025-07-25T18:40:04","modified_gmt":"2025-07-25T16:40:04","slug":"taca-de-coco-azul-tartaruga-menorca-2","status":"publish","type":"product","link":"https:\/\/olemosaic.orbitalia.org\/pt-pt\/produto\/taca-de-coco-azul-tartaruga-menorca-2\/","title":{"rendered":"Ta\u00e7a de coco azul. Tartaruga. Menorca. Baleares."},"content":{"rendered":"<p>Esta ta\u00e7a de coco azul \u00e9 uma requintada pe\u00e7a decorativa que evoca a beleza natural de Menorca, uma das ilhas mais encantadoras do Mediterr\u00e2neo. A sua cor azul vibrante representa as \u00e1guas cristalinas que rodeiam a ilha, enquanto a delicada borda ornamentada real\u00e7a a sua eleg\u00e2ncia. No centro da ta\u00e7a, destaca-se uma elegante tartaruga, s\u00edmbolo da biodiversidade marinha de Menorca, cuidadosamente desenhada em branco, o que acrescenta um toque contrastante e sofisticado ao conjunto.<\/p>\n<p>Fabricada em coco natural, esta ta\u00e7a n\u00e3o \u00e9 apenas uma obra artesanal, mas tamb\u00e9m \u00e9 ideal para servir aperitivos ou como pe\u00e7a decorativa em qualquer casa. A combina\u00e7\u00e3o de design e utilidade torna-a uma lembran\u00e7a perfeita para quem deseja levar um peda\u00e7o de Menorca consigo. Esta ta\u00e7a contribui para que quem a adquira mergulhe na rica tradi\u00e7\u00e3o insular, celebrando o respeito pela natureza e pela cultura local.<\/p>\n<p>Na Ol\u00e9 Mosaic, somos distribuidores de lembran\u00e7as aut\u00eanticas e representativas, e esta ta\u00e7a de coco azul \u00e9 uma excelente op\u00e7\u00e3o para lojas de presentes tur\u00edsticos que procuram produtos de qualidade que contem uma hist\u00f3ria cultural. Ao escolher esta ta\u00e7a, os turistas obt\u00eam uma pe\u00e7a \u00fanica que simboliza a ess\u00eancia de Menorca, ideal como recorda\u00e7\u00e3o ou presente.<\/p>\n","protected":false},"excerpt":{"rendered":"<p>Ta\u00e7a de coco azul decorada com uma elegante tartaruga, inspirada na beleza de Menorca. Esta singular ta\u00e7a apresenta uma cor azul vibrante, com detalhes brancos que destacam a figura da tartaruga no centro e uma delicada borda ornamentada. Fabricada com coco natural, \u00e9 ideal para servir aperitivos ou como pe\u00e7a decorativa, evocando o encanto das tradi\u00e7\u00f5es insulares com um toque sofisticado.<\/p>\n","protected":false},"featured_media":11948,"template":"","meta":{"_acf_changed":false},"product_brand":[],"product_cat":[513],"product_tag":[516],"class_list":{"0":"post-28796","1":"product","2":"type-product","3":"status-publish","4":"has-post-thumbnail","6":"product_cat-bols","7":"product_tag-animais","8":"pa_ciudad-menorca","9":"pa_motivo-tartarugas","10":"pa_pais-espana","12":"first","13":"instock","14":"shipping-taxable","15":"product-type-simple"},"acf":[],"_links":{"self":[{"href":"https:\/\/olemosaic.orbitalia.org\/pt-pt\/wp-json\/wp\/v2\/product\/28796","targetHints":{"allow":["GET"]}}],"collection":[{"href":"https:\/\/olemosaic.orbitalia.org\/pt-pt\/wp-json\/wp\/v2\/product"}],"about":[{"href":"https:\/\/olemosaic.orbitalia.org\/pt-pt\/wp-json\/wp\/v2\/types\/product"}],"wp:featuredmedia":[{"embeddable":true,"href":"https:\/\/olemosaic.orbitalia.org\/pt-pt\/wp-json\/wp\/v2\/media\/11948"}],"wp:attachment":[{"href":"https:\/\/olemosaic.orbitalia.org\/pt-pt\/wp-json\/wp\/v2\/media?parent=28796"}],"wp:term":[{"taxonomy":"product_brand","embeddable":true,"href":"https:\/\/olemosaic.orbitalia.org\/pt-pt\/wp-json\/wp\/v2\/product_brand?post=28796"},{"taxonomy":"product_cat","embeddable":true,"href":"https:\/\/olemosaic.orbitalia.org\/pt-pt\/wp-json\/wp\/v2\/product_cat?post=28796"},{"taxonomy":"product_tag","embeddable":true,"href":"https:\/\/olemosaic.orbitalia.org\/pt-pt\/wp-json\/wp\/v2\/product_tag?post=28796"}],"curies":[{"name":"wp","href":"https:\/\/api.w.org\/{rel}","templated":true}]}}