{"id":28794,"date":"2025-02-20T23:29:53","date_gmt":"2025-02-20T22:29:53","guid":{"rendered":"https:\/\/olemosaic.orbitalia.org\/producto\/bol-de-coco-azul-mano-3\/"},"modified":"2025-07-25T18:44:39","modified_gmt":"2025-07-25T16:44:39","slug":"taca-de-coco-azul-mao-3","status":"publish","type":"product","link":"https:\/\/olemosaic.orbitalia.org\/pt-pt\/produto\/taca-de-coco-azul-mao-3\/","title":{"rendered":"Ta\u00e7a de coco azul. M\u00e3o de F\u00e1tima. Estilo mediterr\u00e2nico."},"content":{"rendered":"<p>Esta ta\u00e7a de coco azul \u00e9 uma requintada pe\u00e7a de artesanato mediterr\u00e2nico, concebida especificamente para real\u00e7ar a cultura e o simbolismo da regi\u00e3o. Decorada artesanalmente com esmero, apresenta um acabamento azul vibrante no seu interior que capta a luz de forma \u00fanica e transforma qualquer espa\u00e7o num ref\u00fagio de cor e vida. No centro, uma m\u00e3o estilizada, acompanhada por um olho, simboliza a prote\u00e7\u00e3o e a boa sorte, ressoando profundamente com as tradi\u00e7\u00f5es que valorizam estes elementos como guardi\u00f5es da fortuna.<\/p>\n<p>O design geom\u00e9trico que emoldura a m\u00e3o acrescenta uma dimens\u00e3o art\u00edstica que combina tons claros e escuros, criando um efeito visual cativante. Esta ta\u00e7a n\u00e3o \u00e9 apenas uma pe\u00e7a decorativa; a sua funcionalidade torna-a ideal para o uso quotidiano, seja para servir aperitivos ou como um delicado centro de mesa. A sua autenticidade e liga\u00e7\u00e3o cultural tornam-na uma recorda\u00e7\u00e3o representativa da rica heran\u00e7a mediterr\u00e2nica, perfeita para turistas e colecionadores que procuram levar um peda\u00e7o desta tradi\u00e7\u00e3o para casa.<\/p>\n<p>Na Ol\u00e9 Mosaic, dedicamo-nos \u00e0 distribui\u00e7\u00e3o de lembran\u00e7as por grosso, oferecendo produtos que captam a ess\u00eancia das suas regi\u00f5es de origem. Esta ta\u00e7a de coco azul \u00e9 uma excelente escolha para lojas de presentes tur\u00edsticos que procuram artigos aut\u00eanticos e visualmente atraentes, garantindo assim uma experi\u00eancia memor\u00e1vel para quem os escolhe.<\/p>\n","protected":false},"excerpt":{"rendered":"<p>Ta\u00e7a de coco azul elaborada \u00e0 m\u00e3o, decorada com um design apelativo que inclui uma m\u00e3o estilizada e um olho no centro, s\u00edmbolos de prote\u00e7\u00e3o e boa sorte. O interior da ta\u00e7a apresenta um acabamento azul vibrante, emoldurado por um padr\u00e3o geom\u00e9trico em tons mais claros e escuros, o que cria um efeito visual atraente. Ideal como pe\u00e7a decorativa ou para uso quotidiano, esta ta\u00e7a capta a ess\u00eancia da arte e da cultura mediterr\u00e2nica.<\/p>\n","protected":false},"featured_media":13401,"template":"","meta":{"_acf_changed":false},"product_brand":[],"product_cat":[513],"product_tag":[],"class_list":{"0":"post-28794","1":"product","2":"type-product","3":"status-publish","4":"has-post-thumbnail","6":"product_cat-bols","7":"pa_motivo-maos","9":"first","10":"instock","11":"shipping-taxable","12":"product-type-simple"},"acf":[],"_links":{"self":[{"href":"https:\/\/olemosaic.orbitalia.org\/pt-pt\/wp-json\/wp\/v2\/product\/28794","targetHints":{"allow":["GET"]}}],"collection":[{"href":"https:\/\/olemosaic.orbitalia.org\/pt-pt\/wp-json\/wp\/v2\/product"}],"about":[{"href":"https:\/\/olemosaic.orbitalia.org\/pt-pt\/wp-json\/wp\/v2\/types\/product"}],"wp:featuredmedia":[{"embeddable":true,"href":"https:\/\/olemosaic.orbitalia.org\/pt-pt\/wp-json\/wp\/v2\/media\/13401"}],"wp:attachment":[{"href":"https:\/\/olemosaic.orbitalia.org\/pt-pt\/wp-json\/wp\/v2\/media?parent=28794"}],"wp:term":[{"taxonomy":"product_brand","embeddable":true,"href":"https:\/\/olemosaic.orbitalia.org\/pt-pt\/wp-json\/wp\/v2\/product_brand?post=28794"},{"taxonomy":"product_cat","embeddable":true,"href":"https:\/\/olemosaic.orbitalia.org\/pt-pt\/wp-json\/wp\/v2\/product_cat?post=28794"},{"taxonomy":"product_tag","embeddable":true,"href":"https:\/\/olemosaic.orbitalia.org\/pt-pt\/wp-json\/wp\/v2\/product_tag?post=28794"}],"curies":[{"name":"wp","href":"https:\/\/api.w.org\/{rel}","templated":true}]}}