{"id":28681,"date":"2025-02-20T23:29:50","date_gmt":"2025-02-20T22:29:50","guid":{"rendered":"https:\/\/olemosaic.orbitalia.org\/producto\/bol-de-coco-azul-sardina-lisboa-5\/"},"modified":"2025-07-25T18:48:19","modified_gmt":"2025-07-25T16:48:19","slug":"taca-de-coco-azul-sardinha-lisboa-5","status":"publish","type":"product","link":"https:\/\/olemosaic.orbitalia.org\/pt-pt\/produto\/taca-de-coco-azul-sardinha-lisboa-5\/","title":{"rendered":"Ta\u00e7a de coco azul. Sardinha. Lisboa. Fundo dourado."},"content":{"rendered":"<p>Esta ta\u00e7a de coco azul \u00e9 uma recorda\u00e7\u00e3o encantadora, inspirada nas tradi\u00e7\u00f5es culturais de Lisboa, uma cidade rica em hist\u00f3ria e cor. Decorada com um design vibrante em tons azuis e dourados, a ta\u00e7a apresenta uma ilustra\u00e7\u00e3o em relevo de uma sardinha, que destaca a sua liga\u00e7\u00e3o \u00e0 gastronomia local, famosa pelas suas deliciosas conservas. A palavra &#8220;Lisboa&#8221;, inscrita elegantemente, refor\u00e7a o sentimento de perten\u00e7a a esta ic\u00f3nica cidade portuguesa. O acabamento esmaltado da ta\u00e7a proporciona um brilho e uma eleg\u00e2ncia que captam a luz de forma encantadora, enquanto a sua textura de mosaico evoca os caracter\u00edsticos azulejos que adornam muitas ruas lisboetas.<\/p>\n<p>Esta ta\u00e7a n\u00e3o \u00e9 apenas uma pe\u00e7a decorativa, mas uma aut\u00eantica representa\u00e7\u00e3o da cultura portuguesa. O seu design, que combina arte e funcionalidade, torna-a um presente ideal para turistas que procuram recorda\u00e7\u00f5es que encapsulem a ess\u00eancia de Lisboa. Na Ol\u00e9 Mosaic, somos especialistas na distribui\u00e7\u00e3o de recorda\u00e7\u00f5es por grosso, e esta ta\u00e7a de coco azul posiciona-se como uma pe\u00e7a essencial para lojas de presentes tur\u00edsticos que procuram oferecer produtos \u00fanicos e representativos. Com cada ta\u00e7a, oferece-se a oportunidade de levar uma recorda\u00e7\u00e3o significativa que evoca o esp\u00edrito vibrante de Lisboa.<\/p>\n","protected":false},"excerpt":{"rendered":"<p>Ta\u00e7a de coco azul inspirada nas tradi\u00e7\u00f5es lisboetas, decorada com um design vibrante em tons azuis e dourados. Esta preciosa ta\u00e7a apresenta uma ilustra\u00e7\u00e3o em relevo de uma sardinha, acompanhada pela palavra &#8220;Lisboa&#8221;, tudo isto emoldurado num acabamento esmaltado que lhe confere brilho e eleg\u00e2ncia. A sua textura de mosaico evoca os caracter\u00edsticos azulejos da cidade, tornando-a uma aut\u00eantica recorda\u00e7\u00e3o representativa da cultura portuguesa.<\/p>\n","protected":false},"featured_media":10111,"template":"","meta":{"_acf_changed":false},"product_brand":[],"product_cat":[513],"product_tag":[516],"class_list":{"0":"post-28681","1":"product","2":"type-product","3":"status-publish","4":"has-post-thumbnail","6":"product_cat-bols","7":"product_tag-animais","8":"pa_ciudad-lisboa","9":"pa_motivo-sardinhas","10":"pa_pais-portugal","12":"first","13":"instock","14":"shipping-taxable","15":"product-type-simple"},"acf":[],"_links":{"self":[{"href":"https:\/\/olemosaic.orbitalia.org\/pt-pt\/wp-json\/wp\/v2\/product\/28681","targetHints":{"allow":["GET"]}}],"collection":[{"href":"https:\/\/olemosaic.orbitalia.org\/pt-pt\/wp-json\/wp\/v2\/product"}],"about":[{"href":"https:\/\/olemosaic.orbitalia.org\/pt-pt\/wp-json\/wp\/v2\/types\/product"}],"wp:featuredmedia":[{"embeddable":true,"href":"https:\/\/olemosaic.orbitalia.org\/pt-pt\/wp-json\/wp\/v2\/media\/10111"}],"wp:attachment":[{"href":"https:\/\/olemosaic.orbitalia.org\/pt-pt\/wp-json\/wp\/v2\/media?parent=28681"}],"wp:term":[{"taxonomy":"product_brand","embeddable":true,"href":"https:\/\/olemosaic.orbitalia.org\/pt-pt\/wp-json\/wp\/v2\/product_brand?post=28681"},{"taxonomy":"product_cat","embeddable":true,"href":"https:\/\/olemosaic.orbitalia.org\/pt-pt\/wp-json\/wp\/v2\/product_cat?post=28681"},{"taxonomy":"product_tag","embeddable":true,"href":"https:\/\/olemosaic.orbitalia.org\/pt-pt\/wp-json\/wp\/v2\/product_tag?post=28681"}],"curies":[{"name":"wp","href":"https:\/\/api.w.org\/{rel}","templated":true}]}}