{"id":28677,"date":"2025-02-20T22:29:50","date_gmt":"2025-02-20T22:29:50","guid":{"rendered":"https:\/\/olemosaic.orbitalia.org\/producto\/bol-de-coco-azul-isla-menorca\/"},"modified":"2025-07-25T20:28:38","modified_gmt":"2025-07-25T18:28:38","slug":"taca-de-coco-azul-ilha-menorca","status":"publish","type":"product","link":"https:\/\/olemosaic.orbitalia.org\/pt-pt\/produto\/taca-de-coco-azul-ilha-menorca\/","title":{"rendered":"Ta\u00e7a de coco azul. Ilha. Menorca."},"content":{"rendered":"<p>Esta ta\u00e7a de coco azul \u00e9 um aut\u00eantico tesouro de Menorca, desenhada para capturar a ess\u00eancia desta ilha mediterr\u00e2nea. Elaborada com coco de alta qualidade, o seu interior apresenta uma paleta fresca de azuis que evoca as \u00e1guas cristalinas que banham as costas de Menorca. Os detalhes em tons mais claros criam um efeito visual harmonioso, que recorda as ondas a acariciar suavemente a margem. No centro, a silhueta dourada de Menorca destaca-se com eleg\u00e2ncia, oferecendo um contraste fascinante que acrescenta um toque de sofistica\u00e7\u00e3o ao design.<\/p>\n<p>Esta recorda\u00e7\u00e3o n\u00e3o \u00e9 apenas atraente \u00e0 vista, mas tamb\u00e9m reflete a rica cultura e natureza da ilha, tornando-a um souvenir significativo da experi\u00eancia em Menorca. Seja como elemento decorativo ou para servir deliciosos aperitivos, esta ta\u00e7a representa um peda\u00e7o de Menorca que os turistas querer\u00e3o levar consigo. Na Ol\u00e9 Mosaic, especializamo-nos na distribui\u00e7\u00e3o de souvenirs por grosso, e esta ta\u00e7a de coco \u00e9 uma excelente op\u00e7\u00e3o para lojas de presentes tur\u00edsticos que procuram produtos aut\u00eanticos e culturais. Perfeita para quem deseja oferecer aos seus clientes recorda\u00e7\u00f5es \u00fanicas e representativas de Menorca, tornando-a um item imprescind\u00edvel em qualquer cole\u00e7\u00e3o de souvenirs.<\/p>\n","protected":false},"excerpt":{"rendered":"<p>Ta\u00e7a de coco azul decorada com um elegante design inspirado na beleza natural de Menorca. Esta atraente ta\u00e7a, elaborada com coco, apresenta um acabamento interior em tons azuis que evoca as \u00e1guas cristalinas da ilha. No centro, destaca-se a silhueta de Menorca em dourado, criando um contraste visual encantador. Um souvenir ideal para levar um peda\u00e7o desta bela ilha mediterr\u00e2nea para o seu lar.<\/p>\n","protected":false},"featured_media":11897,"template":"","meta":{"_acf_changed":false},"product_brand":[],"product_cat":[513],"product_tag":[],"class_list":{"0":"post-28677","1":"product","2":"type-product","3":"status-publish","4":"has-post-thumbnail","6":"product_cat-bols","7":"pa_ciudad-menorca","8":"pa_motivo-ilhas","9":"pa_pais-espana","11":"first","12":"instock","13":"shipping-taxable","14":"product-type-simple"},"acf":[],"_links":{"self":[{"href":"https:\/\/olemosaic.orbitalia.org\/pt-pt\/wp-json\/wp\/v2\/product\/28677","targetHints":{"allow":["GET"]}}],"collection":[{"href":"https:\/\/olemosaic.orbitalia.org\/pt-pt\/wp-json\/wp\/v2\/product"}],"about":[{"href":"https:\/\/olemosaic.orbitalia.org\/pt-pt\/wp-json\/wp\/v2\/types\/product"}],"wp:featuredmedia":[{"embeddable":true,"href":"https:\/\/olemosaic.orbitalia.org\/pt-pt\/wp-json\/wp\/v2\/media\/11897"}],"wp:attachment":[{"href":"https:\/\/olemosaic.orbitalia.org\/pt-pt\/wp-json\/wp\/v2\/media?parent=28677"}],"wp:term":[{"taxonomy":"product_brand","embeddable":true,"href":"https:\/\/olemosaic.orbitalia.org\/pt-pt\/wp-json\/wp\/v2\/product_brand?post=28677"},{"taxonomy":"product_cat","embeddable":true,"href":"https:\/\/olemosaic.orbitalia.org\/pt-pt\/wp-json\/wp\/v2\/product_cat?post=28677"},{"taxonomy":"product_tag","embeddable":true,"href":"https:\/\/olemosaic.orbitalia.org\/pt-pt\/wp-json\/wp\/v2\/product_tag?post=28677"}],"curies":[{"name":"wp","href":"https:\/\/api.w.org\/{rel}","templated":true}]}}