{"id":28675,"date":"2025-02-20T23:29:49","date_gmt":"2025-02-20T22:29:49","guid":{"rendered":"https:\/\/olemosaic.orbitalia.org\/producto\/bol-de-coco-azul-isla-gran-canaria-2\/"},"modified":"2025-07-25T18:56:44","modified_gmt":"2025-07-25T16:56:44","slug":"taca-de-coco-azul-ilha-gran-canaria-2","status":"publish","type":"product","link":"https:\/\/olemosaic.orbitalia.org\/pt-pt\/produto\/taca-de-coco-azul-ilha-gran-canaria-2\/","title":{"rendered":"Ta\u00e7a de coco azul. Ilha. Gran Canaria. Fundo marinho."},"content":{"rendered":"<p>Esta ta\u00e7a de coco azul \u00e9 uma aut\u00eantica homenagem \u00e0 beleza da Gran Canaria, pois captura a ess\u00eancia vibrante da ilha com um design contempor\u00e2neo e colorido. Elaborada meticulosamente a partir da casca de coco, esta exclusiva ta\u00e7a \u00e9 pintada \u00e0 m\u00e3o num tom azul brilhante que evoca o c\u00e9u das Can\u00e1rias e o mar que rodeia a ilha. Decorada com um fundo preto que contrasta elegantemente, a ta\u00e7a apresenta o texto \u00abGran Canaria\u00bb no centro, rodeado de cora\u00e7\u00f5es com um acabamento brilhante, criando um efeito visual atraente que cativa o olhar.<\/p>\n<p>Al\u00e9m da sua beleza est\u00e9tica, a ta\u00e7a de coco \u00e9 uma pe\u00e7a vers\u00e1til, ideal para servir aperitivos ou como elemento decorativo no lar. O seu design celebra o folclore das Can\u00e1rias e representa um estilo de vida relaxado, t\u00edpico das ilhas. Este souvenir n\u00e3o \u00e9 apenas uma recorda\u00e7\u00e3o encantadora da Gran Canaria, mas tamb\u00e9m reflete a autenticidade do artesanato local, tornando-o o presente perfeito para turistas que procuram levar consigo uma parte da cultura can\u00e1ria.<\/p>\n<p>Na Ol\u00e9 Mosaic, como distribuidores de souvenirs por grosso, oferecemos produtos aut\u00eanticos que real\u00e7am a riqueza cultural das regi\u00f5es que representamos. Esta ta\u00e7a de coco azul \u00e9 uma op\u00e7\u00e3o ideal para lojas de presentes tur\u00edsticos que desejem oferecer aos seus clientes um presente aut\u00eantico e de qualidade, que encapsule a ess\u00eancia dos nossos destinos.<\/p>\n","protected":false},"excerpt":{"rendered":"<p>Ta\u00e7a de coco azul, uma homenagem \u00e0 beleza da Gran Canaria. Esta ta\u00e7a exclusiva, feita de casca de coco, tem um design artesanal, pintado \u00e0 m\u00e3o, com tons vibrantes de azul e preto, criando um efeito visual atraente. No centro, destaca-se a inscri\u00e7\u00e3o &#8220;Gran Canaria&#8221;, rodeada de cora\u00e7\u00f5es com um acabamento brilhante. Ideal para servir aperitivos ou como pe\u00e7a decorativa, combina a autenticidade do folclore can\u00e1rio com um design contempor\u00e2neo e colorido.<\/p>\n","protected":false},"featured_media":10199,"template":"","meta":{"_acf_changed":false},"product_brand":[],"product_cat":[513],"product_tag":[],"class_list":{"0":"post-28675","1":"product","2":"type-product","3":"status-publish","4":"has-post-thumbnail","6":"product_cat-bols","7":"pa_ciudad-gran-canaria","8":"pa_motivo-ilhas","9":"pa_pais-espana","11":"first","12":"instock","13":"shipping-taxable","14":"product-type-simple"},"acf":[],"_links":{"self":[{"href":"https:\/\/olemosaic.orbitalia.org\/pt-pt\/wp-json\/wp\/v2\/product\/28675","targetHints":{"allow":["GET"]}}],"collection":[{"href":"https:\/\/olemosaic.orbitalia.org\/pt-pt\/wp-json\/wp\/v2\/product"}],"about":[{"href":"https:\/\/olemosaic.orbitalia.org\/pt-pt\/wp-json\/wp\/v2\/types\/product"}],"wp:featuredmedia":[{"embeddable":true,"href":"https:\/\/olemosaic.orbitalia.org\/pt-pt\/wp-json\/wp\/v2\/media\/10199"}],"wp:attachment":[{"href":"https:\/\/olemosaic.orbitalia.org\/pt-pt\/wp-json\/wp\/v2\/media?parent=28675"}],"wp:term":[{"taxonomy":"product_brand","embeddable":true,"href":"https:\/\/olemosaic.orbitalia.org\/pt-pt\/wp-json\/wp\/v2\/product_brand?post=28675"},{"taxonomy":"product_cat","embeddable":true,"href":"https:\/\/olemosaic.orbitalia.org\/pt-pt\/wp-json\/wp\/v2\/product_cat?post=28675"},{"taxonomy":"product_tag","embeddable":true,"href":"https:\/\/olemosaic.orbitalia.org\/pt-pt\/wp-json\/wp\/v2\/product_tag?post=28675"}],"curies":[{"name":"wp","href":"https:\/\/api.w.org\/{rel}","templated":true}]}}