{"id":28633,"date":"2025-02-20T23:29:48","date_gmt":"2025-02-20T22:29:48","guid":{"rendered":"https:\/\/olemosaic.orbitalia.org\/producto\/bol-de-coco-azul-sardina-lisboa-3\/"},"modified":"2025-07-25T18:42:27","modified_gmt":"2025-07-25T16:42:27","slug":"taca-de-coco-azul-sardinha-lisboa-3","status":"publish","type":"product","link":"https:\/\/olemosaic.orbitalia.org\/pt-pt\/produto\/taca-de-coco-azul-sardinha-lisboa-3\/","title":{"rendered":"Ta\u00e7a de coco azul. Sardinha. Lisboa. Padr\u00e3o cora\u00e7\u00f5es."},"content":{"rendered":"<p>Esta ta\u00e7a de coco azul, decorada com uma sardinha, \u00e9 uma encantadora recorda\u00e7\u00e3o que encapsula a rica tradi\u00e7\u00e3o culin\u00e1ria lisboeta. Elaborada com materiais naturais, esta ta\u00e7a \u00fanica destaca-se pelo seu vibrante design interior, uma combina\u00e7\u00e3o de tonalidades azuis e verdes que evocam a beleza do oceano, emoldurado por cora\u00e7\u00f5es coloridos que lhe d\u00e3o um toque de alegria e autenticidade. No centro, a delicada figura de uma sardinha resplandece, simbolizando a abund\u00e2ncia do mar que tem sustentado a cultura portuguesa ao longo dos s\u00e9culos.<\/p>\n<p>Cada ta\u00e7a \u00e9 meticulosamente pintada \u00e0 m\u00e3o, o que garante que cada pe\u00e7a seja verdadeiramente singular e reflita o artesanato tradicional portugu\u00eas. A superf\u00edcie brilhante da ta\u00e7a n\u00e3o s\u00f3 lhe d\u00e1 um acabamento elegante, como tamb\u00e9m a torna um atraente elemento decorativo, perfeito tanto para servir como para exibir. Com o seu design encantador e a sua liga\u00e7\u00e3o \u00e0 gastronomia local, esta ta\u00e7a \u00e9 um tributo \u00e0 rica heran\u00e7a culin\u00e1ria de Lisboa e ao seu papel de destaque na gastronomia mediterr\u00e2nica.<\/p>\n<p>Na Ol\u00e9 Mosaic, especializamo-nos na distribui\u00e7\u00e3o de souvenirs por grosso que capturam a ess\u00eancia da cultura portuguesa. Esta ta\u00e7a de coco n\u00e3o s\u00f3 \u00e9 uma excelente escolha para turistas que procuram recorda\u00e7\u00f5es aut\u00eanticas, como tamb\u00e9m \u00e9 um produto ideal para lojas de presentes tur\u00edsticos que desejem oferecer artigos que realcem a beleza e a tradi\u00e7\u00e3o de Lisboa. Como grossistas de souvenirs, garantimos qualidade e autenticidade em cada um dos nossos produtos, assegurando assim a satisfa\u00e7\u00e3o dos seus clientes.<\/p>\n","protected":false},"excerpt":{"rendered":"<p>Ta\u00e7a de coco azul decorada com uma sardinha, inspirada na tradi\u00e7\u00e3o culin\u00e1ria lisboeta. Esta preciosa ta\u00e7a apresenta um design interior de cores vibrantes, com tons azuis, verdes e detalhes em forma de cora\u00e7\u00f5es que rodeiam a figura da sardinha, representando a riqueza do mar. Feita \u00e0 m\u00e3o com coco e design artesanal, pintada \u00e0 m\u00e3o, cada pe\u00e7a \u00e9 \u00fanica, ideal tanto para servir como para decorar. A sua superf\u00edcie brilhante e o toque art\u00edstico tornam-na uma atraente recorda\u00e7\u00e3o da cultura portuguesa.<\/p>\n","protected":false},"featured_media":10287,"template":"","meta":{"_acf_changed":false},"product_brand":[],"product_cat":[513],"product_tag":[516],"class_list":{"0":"post-28633","1":"product","2":"type-product","3":"status-publish","4":"has-post-thumbnail","6":"product_cat-bols","7":"product_tag-animais","8":"pa_ciudad-lisboa","9":"pa_motivo-sardinhas","10":"pa_pais-portugal","12":"first","13":"instock","14":"shipping-taxable","15":"product-type-simple"},"acf":[],"_links":{"self":[{"href":"https:\/\/olemosaic.orbitalia.org\/pt-pt\/wp-json\/wp\/v2\/product\/28633","targetHints":{"allow":["GET"]}}],"collection":[{"href":"https:\/\/olemosaic.orbitalia.org\/pt-pt\/wp-json\/wp\/v2\/product"}],"about":[{"href":"https:\/\/olemosaic.orbitalia.org\/pt-pt\/wp-json\/wp\/v2\/types\/product"}],"wp:featuredmedia":[{"embeddable":true,"href":"https:\/\/olemosaic.orbitalia.org\/pt-pt\/wp-json\/wp\/v2\/media\/10287"}],"wp:attachment":[{"href":"https:\/\/olemosaic.orbitalia.org\/pt-pt\/wp-json\/wp\/v2\/media?parent=28633"}],"wp:term":[{"taxonomy":"product_brand","embeddable":true,"href":"https:\/\/olemosaic.orbitalia.org\/pt-pt\/wp-json\/wp\/v2\/product_brand?post=28633"},{"taxonomy":"product_cat","embeddable":true,"href":"https:\/\/olemosaic.orbitalia.org\/pt-pt\/wp-json\/wp\/v2\/product_cat?post=28633"},{"taxonomy":"product_tag","embeddable":true,"href":"https:\/\/olemosaic.orbitalia.org\/pt-pt\/wp-json\/wp\/v2\/product_tag?post=28633"}],"curies":[{"name":"wp","href":"https:\/\/api.w.org\/{rel}","templated":true}]}}