{"id":28631,"date":"2025-02-20T23:29:48","date_gmt":"2025-02-20T22:29:48","guid":{"rendered":"https:\/\/olemosaic.orbitalia.org\/producto\/bol-de-coco-azul-salamandra-mallorca-2\/"},"modified":"2025-07-25T18:49:32","modified_gmt":"2025-07-25T16:49:32","slug":"taca-de-coco-azul-salamandra-maiorca-2","status":"publish","type":"product","link":"https:\/\/olemosaic.orbitalia.org\/pt-pt\/produto\/taca-de-coco-azul-salamandra-maiorca-2\/","title":{"rendered":"Ta\u00e7a de coco azul. Salamandra. Estilo mediterr\u00e2nico. Maiorca. Baleares."},"content":{"rendered":"<p>Esta ta\u00e7a de coco azul, decorada com uma salamandra, \u00e9 uma requintada pe\u00e7a artesanal que presta homenagem \u00e0 beleza natural de Maiorca. O seu design, pintado \u00e0 m\u00e3o, apresenta uma vibrante paleta de tons azuis que captura a ess\u00eancia do mar Mediterr\u00e2neo, criando um contraste atraente com a silhueta castanha da salamandra, que repousa no centro, s\u00edmbolo da fauna local. Esta ta\u00e7a n\u00e3o s\u00f3 \u00e9 um objeto funcional, ideal para servir aperitivos ou exibir decora\u00e7\u00f5es, como tamb\u00e9m se ergue como uma aut\u00eantica recorda\u00e7\u00e3o da ilha, que reflete a rica tradi\u00e7\u00e3o art\u00edstica e cultural de Maiorca.<\/p>\n<p>As curvas suaves da ta\u00e7a, juntamente com os motivos circulares em azul, evocam o movimento da \u00e1gua e a vida selvagem que abunda na regi\u00e3o, tornando esta pe\u00e7a uma representa\u00e7\u00e3o aut\u00eantica do seu meio envolvente. A salamandra, pintada com delicadeza, simboliza a liga\u00e7\u00e3o dos maiorquinos com a sua natureza e associa-se \u00e0 boa sorte e \u00e0 prote\u00e7\u00e3o, acrescentando um significado especial a esta obra.<\/p>\n<p>Na Ol\u00e9 Mosaic, oferecemos recorda\u00e7\u00f5es de alta qualidade por grosso, e esta ta\u00e7a de coco azul \u00e9 uma op\u00e7\u00e3o perfeita para lojas de presentes tur\u00edsticos que procuram recorda\u00e7\u00f5es requintadas que liguem os visitantes \u00e0 cultura local. Ao escolher esta ta\u00e7a, os turistas n\u00e3o s\u00f3 adquirem um objeto funcional, como tamb\u00e9m um peda\u00e7o da rica heran\u00e7a de Maiorca.<\/p>\n","protected":false},"excerpt":{"rendered":"<p>Ta\u00e7a de coco azul decorada com uma salamandra, uma pe\u00e7a artesanal inspirada na natureza de Maiorca. Esta ta\u00e7a apresenta um design artesanal, pintado \u00e0 m\u00e3o, com motivos em tons azuis, que contrastam de forma atraente com a silhueta castanha da salamandra, que se destaca no centro. Ideal para servir e decorar, esta pe\u00e7a combina tradi\u00e7\u00e3o e arte local, tornando-se uma recorda\u00e7\u00e3o \u00fanica da ilha.<\/p>\n","protected":false},"featured_media":11881,"template":"","meta":{"_acf_changed":false},"product_brand":[],"product_cat":[513],"product_tag":[516],"class_list":{"0":"post-28631","1":"product","2":"type-product","3":"status-publish","4":"has-post-thumbnail","6":"product_cat-bols","7":"product_tag-animais","8":"pa_ciudad-mallorca","9":"pa_motivo-salamandras","10":"pa_pais-espana","12":"first","13":"instock","14":"shipping-taxable","15":"product-type-simple"},"acf":[],"_links":{"self":[{"href":"https:\/\/olemosaic.orbitalia.org\/pt-pt\/wp-json\/wp\/v2\/product\/28631","targetHints":{"allow":["GET"]}}],"collection":[{"href":"https:\/\/olemosaic.orbitalia.org\/pt-pt\/wp-json\/wp\/v2\/product"}],"about":[{"href":"https:\/\/olemosaic.orbitalia.org\/pt-pt\/wp-json\/wp\/v2\/types\/product"}],"wp:featuredmedia":[{"embeddable":true,"href":"https:\/\/olemosaic.orbitalia.org\/pt-pt\/wp-json\/wp\/v2\/media\/11881"}],"wp:attachment":[{"href":"https:\/\/olemosaic.orbitalia.org\/pt-pt\/wp-json\/wp\/v2\/media?parent=28631"}],"wp:term":[{"taxonomy":"product_brand","embeddable":true,"href":"https:\/\/olemosaic.orbitalia.org\/pt-pt\/wp-json\/wp\/v2\/product_brand?post=28631"},{"taxonomy":"product_cat","embeddable":true,"href":"https:\/\/olemosaic.orbitalia.org\/pt-pt\/wp-json\/wp\/v2\/product_cat?post=28631"},{"taxonomy":"product_tag","embeddable":true,"href":"https:\/\/olemosaic.orbitalia.org\/pt-pt\/wp-json\/wp\/v2\/product_tag?post=28631"}],"curies":[{"name":"wp","href":"https:\/\/api.w.org\/{rel}","templated":true}]}}