{"id":28612,"date":"2025-02-20T23:29:48","date_gmt":"2025-02-20T22:29:48","guid":{"rendered":"https:\/\/olemosaic.orbitalia.org\/producto\/bol-de-coco-azul-tortuga-tenerife\/"},"modified":"2025-07-25T20:16:47","modified_gmt":"2025-07-25T18:16:47","slug":"taca-de-coco-azul-tartaruga-tenerife","status":"publish","type":"product","link":"https:\/\/olemosaic.orbitalia.org\/pt-pt\/produto\/taca-de-coco-azul-tartaruga-tenerife\/","title":{"rendered":"Ta\u00e7a de coco azul. Tartaruga. Tenerife."},"content":{"rendered":"<p>Esta ta\u00e7a de coco azul, adornada com uma encantadora tartaruga, \u00e9 um exemplo requintado de artesanato can\u00e1rio que captura a ess\u00eancia de Tenerife e a sua rica heran\u00e7a natural. Fabricada a partir de uma aut\u00eantica casca de coco, esta elegante ta\u00e7a destaca-se pelo seu design atraente pintado \u00e0 m\u00e3o, onde suaves tons azulados se combinam com delicados c\u00edrculos que evocam a imensid\u00e3o do oceano. No centro da ta\u00e7a sobressai a figura de uma tartaruga, que simboliza a biodiversidade marinha que rodeia a ilha, acompanhada pelo texto &#8220;TENERIFE&#8221;, refor\u00e7ando a liga\u00e7\u00e3o cultural com este belo destino.<\/p>\n<p>Esta ta\u00e7a n\u00e3o s\u00f3 \u00e9 ideal como pe\u00e7a decorativa, como tamb\u00e9m pode ser utilizada para desfrutar de aperitivos, tornando-se o centro das aten\u00e7\u00f5es em qualquer mesa. O seu acabamento artesanal e a sua tem\u00e1tica marinha fazem desta recorda\u00e7\u00e3o uma escolha perfeita para os turistas que procuram uma recorda\u00e7\u00e3o aut\u00eantica que reflita a beleza natural e a riqueza cultural de Tenerife. Na Ol\u00e9 Mosaic, somos especialistas na distribui\u00e7\u00e3o de recorda\u00e7\u00f5es por grosso, e esta ta\u00e7a de coco azul representa uma oportunidade \u00fanica para as lojas de presentes tur\u00edsticos que desejem oferecer produtos art\u00edsticos e de qualidade. A sua autenticidade e relev\u00e2ncia cultural tornam-na uma recorda\u00e7\u00e3o imprescind\u00edvel para quem deseja levar um pedacinho da magia can\u00e1ria para casa.<\/p>\n","protected":false},"excerpt":{"rendered":"<p>Ta\u00e7a de coco azul decorada com uma encantadora tartaruga, que representa a beleza de Tenerife. Esta elegante ta\u00e7a, realizada com uma casca de coco, apresenta um design artesanal, pintado \u00e0 m\u00e3o, com tons azulados e detalhes circulares que evocam o oceano. No centro, destaca-se a figura de uma tartaruga, acompanhada pelo texto &#8220;TENERIFE&#8221;, que real\u00e7a a liga\u00e7\u00e3o com a natureza marinha da ilha. Ideal como pe\u00e7a decorativa ou para desfrutar de aperitivos.<\/p>\n","protected":false},"featured_media":11933,"template":"","meta":{"_acf_changed":false},"product_brand":[],"product_cat":[513],"product_tag":[516],"class_list":{"0":"post-28612","1":"product","2":"type-product","3":"status-publish","4":"has-post-thumbnail","6":"product_cat-bols","7":"product_tag-animais","8":"pa_ciudad-tenerife","9":"pa_motivo-tartarugas","10":"pa_pais-espana","12":"first","13":"instock","14":"shipping-taxable","15":"product-type-simple"},"acf":[],"_links":{"self":[{"href":"https:\/\/olemosaic.orbitalia.org\/pt-pt\/wp-json\/wp\/v2\/product\/28612","targetHints":{"allow":["GET"]}}],"collection":[{"href":"https:\/\/olemosaic.orbitalia.org\/pt-pt\/wp-json\/wp\/v2\/product"}],"about":[{"href":"https:\/\/olemosaic.orbitalia.org\/pt-pt\/wp-json\/wp\/v2\/types\/product"}],"wp:featuredmedia":[{"embeddable":true,"href":"https:\/\/olemosaic.orbitalia.org\/pt-pt\/wp-json\/wp\/v2\/media\/11933"}],"wp:attachment":[{"href":"https:\/\/olemosaic.orbitalia.org\/pt-pt\/wp-json\/wp\/v2\/media?parent=28612"}],"wp:term":[{"taxonomy":"product_brand","embeddable":true,"href":"https:\/\/olemosaic.orbitalia.org\/pt-pt\/wp-json\/wp\/v2\/product_brand?post=28612"},{"taxonomy":"product_cat","embeddable":true,"href":"https:\/\/olemosaic.orbitalia.org\/pt-pt\/wp-json\/wp\/v2\/product_cat?post=28612"},{"taxonomy":"product_tag","embeddable":true,"href":"https:\/\/olemosaic.orbitalia.org\/pt-pt\/wp-json\/wp\/v2\/product_tag?post=28612"}],"curies":[{"name":"wp","href":"https:\/\/api.w.org\/{rel}","templated":true}]}}