{"id":28611,"date":"2025-02-20T22:29:48","date_gmt":"2025-02-20T22:29:48","guid":{"rendered":"https:\/\/olemosaic.orbitalia.org\/producto\/bol-de-coco-azul-salamandra-mallorca\/"},"modified":"2025-07-25T19:27:42","modified_gmt":"2025-07-25T17:27:42","slug":"taca-de-coco-azul-salamandra-maiorca","status":"publish","type":"product","link":"https:\/\/olemosaic.orbitalia.org\/pt-pt\/produto\/taca-de-coco-azul-salamandra-maiorca\/","title":{"rendered":"Ta\u00e7a de coco azul. Salamandra. Maiorca."},"content":{"rendered":"<p>Esta ta\u00e7a de coco azul, decorada com uma encantadora salamandra, \u00e9 uma aut\u00eantica ess\u00eancia de Maiorca, ideal para quem procura uma recorda\u00e7\u00e3o representativa desta bela ilha balear. Fabricada em cer\u00e2mica de alta qualidade, a ta\u00e7a resplandece num vibrante tom azul que evoca as \u00e1guas cristalinas do Mediterr\u00e2neo, captando a aten\u00e7\u00e3o de quem a observa. No centro, uma osga elegantemente delineada simboliza a rica fauna de Maiorca, rodeada de um design delicado que reflete a arte tradicional da ilha, destacando a destreza artesanal local. A inscri\u00e7\u00e3o &#8220;MALLORCA&#8221;, situada de forma proeminente, assegura que este objeto n\u00e3o seja apenas funcional, mas tamb\u00e9m uma recorda\u00e7\u00e3o constante da cultura maiorquina.<\/p>\n<p>Esta ta\u00e7a n\u00e3o \u00e9 apenas um utens\u00edlio, mas uma verdadeira pe\u00e7a de arte folcl\u00f3rica balear, perfeita tanto para uso pr\u00e1tico na cozinha como para ser um elemento decorativo atraente em qualquer casa. Na Ol\u00e9 Mosaic, orgulhamo-nos de oferecer produtos aut\u00eanticos, e esta ta\u00e7a de coco azul \u00e9 uma excelente op\u00e7\u00e3o para lojas de presentes tur\u00edsticos que desejem proporcionar aos seus clientes uma recorda\u00e7\u00e3o aut\u00eantica e de qualidade. Como grossista de recorda\u00e7\u00f5es, garantimos que esta ta\u00e7a ser\u00e1 um tesouro para os turistas que procurem levar um pedacinho de Maiorca.<\/p>\n","protected":false},"excerpt":{"rendered":"<p>Ta\u00e7a de coco azul decorada com uma encantadora salamandra, t\u00edpica de Maiorca. Este produto, realizado em cer\u00e2mica, apresenta uma cor azul vibrante que real\u00e7a o seu atrativo. A imagem da salamandra, acompanhada pela inscri\u00e7\u00e3o &#8220;MALLORCA&#8221;, situa-se no centro, rodeada por um design delicado que evoca a arte tradicional da ilha. Perfeita como elemento decorativo ou para uso funcional, esta ta\u00e7a \u00e9 uma aut\u00eantica pe\u00e7a de arte folcl\u00f3rica balear.<\/p>\n","protected":false},"featured_media":11771,"template":"","meta":{"_acf_changed":false},"product_brand":[],"product_cat":[513],"product_tag":[516],"class_list":{"0":"post-28611","1":"product","2":"type-product","3":"status-publish","4":"has-post-thumbnail","6":"product_cat-bols","7":"product_tag-animais","8":"pa_ciudad-mallorca","9":"pa_motivo-salamandras","10":"pa_pais-espana","12":"first","13":"instock","14":"shipping-taxable","15":"product-type-simple"},"acf":[],"_links":{"self":[{"href":"https:\/\/olemosaic.orbitalia.org\/pt-pt\/wp-json\/wp\/v2\/product\/28611","targetHints":{"allow":["GET"]}}],"collection":[{"href":"https:\/\/olemosaic.orbitalia.org\/pt-pt\/wp-json\/wp\/v2\/product"}],"about":[{"href":"https:\/\/olemosaic.orbitalia.org\/pt-pt\/wp-json\/wp\/v2\/types\/product"}],"wp:featuredmedia":[{"embeddable":true,"href":"https:\/\/olemosaic.orbitalia.org\/pt-pt\/wp-json\/wp\/v2\/media\/11771"}],"wp:attachment":[{"href":"https:\/\/olemosaic.orbitalia.org\/pt-pt\/wp-json\/wp\/v2\/media?parent=28611"}],"wp:term":[{"taxonomy":"product_brand","embeddable":true,"href":"https:\/\/olemosaic.orbitalia.org\/pt-pt\/wp-json\/wp\/v2\/product_brand?post=28611"},{"taxonomy":"product_cat","embeddable":true,"href":"https:\/\/olemosaic.orbitalia.org\/pt-pt\/wp-json\/wp\/v2\/product_cat?post=28611"},{"taxonomy":"product_tag","embeddable":true,"href":"https:\/\/olemosaic.orbitalia.org\/pt-pt\/wp-json\/wp\/v2\/product_tag?post=28611"}],"curies":[{"name":"wp","href":"https:\/\/api.w.org\/{rel}","templated":true}]}}