{"id":28610,"date":"2025-02-20T23:29:47","date_gmt":"2025-02-20T22:29:47","guid":{"rendered":"https:\/\/olemosaic.orbitalia.org\/producto\/bol-de-coco-azul-mariposa-3\/"},"modified":"2025-07-25T19:37:57","modified_gmt":"2025-07-25T17:37:57","slug":"taca-de-coco-azul-borboleta-3","status":"publish","type":"product","link":"https:\/\/olemosaic.orbitalia.org\/pt-pt\/produto\/taca-de-coco-azul-borboleta-3\/","title":{"rendered":"Ta\u00e7a de coco azul. Borboleta. Padr\u00e3o cora\u00e7\u00f5es."},"content":{"rendered":"<p>Esta ta\u00e7a de coco azul, adornada com uma elegante borboleta, \u00e9 uma aut\u00eantica recorda\u00e7\u00e3o representativa da arte popular da regi\u00e3o. O seu design destaca-se por um acabamento brilhante que combina um fundo preto salpicado de vibrantes tons azuis, criando um efeito visual impactante que capta a aten\u00e7\u00e3o instantaneamente. No interior, a ta\u00e7a apresenta no centro uma borboleta de um azul intenso, que simboliza a transforma\u00e7\u00e3o e a beleza, rodeada por uma moldura decorativa de delicados cora\u00e7\u00f5es azuis, real\u00e7ando o seu encanto e estilo.<\/p>\n<p>Al\u00e9m de ser um elemento decorativo atraente, esta pe\u00e7a \u00e9 funcional, perfeita para apresentar aperitivos ou como centro de mesa. A sua cria\u00e7\u00e3o segue t\u00e9cnicas artesanais tradicionais, refletindo a destreza dos artes\u00e3os da regi\u00e3o, o que a torna uma recorda\u00e7\u00e3o aut\u00eantica e significativa. Ao adquirir esta ta\u00e7a, n\u00e3o s\u00f3 leva para casa um objeto chamativo, como tamb\u00e9m uma parte da cultura e do folclore local, ideal para quem procura recorda\u00e7\u00f5es que contem uma hist\u00f3ria.<\/p>\n<p>Na Ol\u00e9 Mosaic, especializamo-nos na distribui\u00e7\u00e3o de recorda\u00e7\u00f5es por grosso, e esta ta\u00e7a de coco azul \u00e9 uma op\u00e7\u00e3o excecional para lojas de presentes tur\u00edsticos que desejam oferecer produtos aut\u00eanticos e de qualidade. Como grossistas de recorda\u00e7\u00f5es, garantimos que cada pe\u00e7a, como esta ta\u00e7a decorada, seja um reflexo perfeito da riqueza cultural da regi\u00e3o.<\/p>\n","protected":false},"excerpt":{"rendered":"<p>Ta\u00e7a de coco azul decorada com uma elegante borboleta, uma recorda\u00e7\u00e3o distintiva que captura a ess\u00eancia da arte popular. Esta ta\u00e7a apresenta um acabamento brilhante com um fundo preto salpicado de matizes azuis e uma moldura de cora\u00e7\u00f5es da mesma cor. A borboleta central, de um azul vibrante, destaca-se no seu interior, conferindo um toque art\u00edstico. Ideal para decorar ou como pe\u00e7a funcional, esta ta\u00e7a \u00e9 representativa da arte colorida da regi\u00e3o.<\/p>\n","protected":false},"featured_media":13437,"template":"","meta":{"_acf_changed":false},"product_brand":[],"product_cat":[513],"product_tag":[516],"class_list":{"0":"post-28610","1":"product","2":"type-product","3":"status-publish","4":"has-post-thumbnail","6":"product_cat-bols","7":"product_tag-animais","8":"pa_motivo-borboletas","10":"first","11":"instock","12":"shipping-taxable","13":"product-type-simple"},"acf":[],"_links":{"self":[{"href":"https:\/\/olemosaic.orbitalia.org\/pt-pt\/wp-json\/wp\/v2\/product\/28610","targetHints":{"allow":["GET"]}}],"collection":[{"href":"https:\/\/olemosaic.orbitalia.org\/pt-pt\/wp-json\/wp\/v2\/product"}],"about":[{"href":"https:\/\/olemosaic.orbitalia.org\/pt-pt\/wp-json\/wp\/v2\/types\/product"}],"wp:featuredmedia":[{"embeddable":true,"href":"https:\/\/olemosaic.orbitalia.org\/pt-pt\/wp-json\/wp\/v2\/media\/13437"}],"wp:attachment":[{"href":"https:\/\/olemosaic.orbitalia.org\/pt-pt\/wp-json\/wp\/v2\/media?parent=28610"}],"wp:term":[{"taxonomy":"product_brand","embeddable":true,"href":"https:\/\/olemosaic.orbitalia.org\/pt-pt\/wp-json\/wp\/v2\/product_brand?post=28610"},{"taxonomy":"product_cat","embeddable":true,"href":"https:\/\/olemosaic.orbitalia.org\/pt-pt\/wp-json\/wp\/v2\/product_cat?post=28610"},{"taxonomy":"product_tag","embeddable":true,"href":"https:\/\/olemosaic.orbitalia.org\/pt-pt\/wp-json\/wp\/v2\/product_tag?post=28610"}],"curies":[{"name":"wp","href":"https:\/\/api.w.org\/{rel}","templated":true}]}}