{"id":28605,"date":"2025-02-20T23:29:47","date_gmt":"2025-02-20T22:29:47","guid":{"rendered":"https:\/\/olemosaic.orbitalia.org\/producto\/bol-de-coco-azul-ibiscus-2\/"},"modified":"2025-07-25T20:03:09","modified_gmt":"2025-07-25T18:03:09","slug":"taca-de-coco-azul-hibisco-2","status":"publish","type":"product","link":"https:\/\/olemosaic.orbitalia.org\/pt-pt\/produto\/taca-de-coco-azul-hibisco-2\/","title":{"rendered":"Ta\u00e7a de coco azul. Hibisco. Estilo mediterr\u00e2nico. Portugal."},"content":{"rendered":"<p>Esta ta\u00e7a de coco azul decorada com um belo hibisco branco \u00e9 o complemento ideal para adicionar um toque tropical e art\u00edstico a qualquer canto da sua casa. Com um design cativante, esta ta\u00e7a \u00e9 elaborada artesanalmente com material de coco, o que garante a sua autenticidade e qualidade. O seu acabamento liso numa vibrante cor azul proporciona um fundo perfeito para a elegante flor de hibisco branca, que se destaca pela sua forma intrincada e detalhes delicados. Na borda, a ta\u00e7a apresenta uma ornamenta\u00e7\u00e3o em mosaico que adiciona um toque subtil de sofistica\u00e7\u00e3o e artesanato, tornando-a uma pe\u00e7a memor\u00e1vel.<\/p>\n<p>Esta recorda\u00e7\u00e3o n\u00e3o \u00e9 apenas funcional, mas tamb\u00e9m encapsula a ess\u00eancia do folclore das Cara\u00edbas, evocando paisagens ex\u00f3ticas e quentes, ideais para quem procura levar um pedacinho do tr\u00f3pico para casa. A sua est\u00e9tica vibrante e a sua liga\u00e7\u00e3o cultural tornam-na um presente ideal para turistas que desejam recordar a sua passagem pelos encantadores destinos caribenhos. Na Ol\u00e9 Mosaic, especializamo-nos na distribui\u00e7\u00e3o de recorda\u00e7\u00f5es por grosso, e esta ta\u00e7a de coco azul \u00e9 uma excelente op\u00e7\u00e3o para lojas de presentes tur\u00edsticos que procuram produtos \u00fanicos e de qualidade. Adicione \u00e0 sua oferta esta ta\u00e7a de coco, uma recorda\u00e7\u00e3o aut\u00eantica que celebra a tradi\u00e7\u00e3o e a arte das Cara\u00edbas.<\/p>\n","protected":false},"excerpt":{"rendered":"<p>Ta\u00e7a de coco azul decorada com um bonito hibisco branco, ideal para dar um toque tropical e art\u00edstico a qualquer canto da sua casa. Elaborada em material de coco, apresenta um acabamento liso com uma vibrante cor azul de fundo e uma subtil ornamenta\u00e7\u00e3o branca, acompanhada de detalhes em mosaico ao redor da borda. Este produto reflete a ess\u00eancia do folclore das Cara\u00edbas, tornando-se um atrativo souvenir que combina funcionalidade e est\u00e9tica.<\/p>\n","protected":false},"featured_media":13397,"template":"","meta":{"_acf_changed":false},"product_brand":[],"product_cat":[513],"product_tag":[],"class_list":{"0":"post-28605","1":"product","2":"type-product","3":"status-publish","4":"has-post-thumbnail","6":"product_cat-bols","7":"pa_motivo-hibisco","9":"first","10":"instock","11":"shipping-taxable","12":"product-type-simple"},"acf":[],"_links":{"self":[{"href":"https:\/\/olemosaic.orbitalia.org\/pt-pt\/wp-json\/wp\/v2\/product\/28605","targetHints":{"allow":["GET"]}}],"collection":[{"href":"https:\/\/olemosaic.orbitalia.org\/pt-pt\/wp-json\/wp\/v2\/product"}],"about":[{"href":"https:\/\/olemosaic.orbitalia.org\/pt-pt\/wp-json\/wp\/v2\/types\/product"}],"wp:featuredmedia":[{"embeddable":true,"href":"https:\/\/olemosaic.orbitalia.org\/pt-pt\/wp-json\/wp\/v2\/media\/13397"}],"wp:attachment":[{"href":"https:\/\/olemosaic.orbitalia.org\/pt-pt\/wp-json\/wp\/v2\/media?parent=28605"}],"wp:term":[{"taxonomy":"product_brand","embeddable":true,"href":"https:\/\/olemosaic.orbitalia.org\/pt-pt\/wp-json\/wp\/v2\/product_brand?post=28605"},{"taxonomy":"product_cat","embeddable":true,"href":"https:\/\/olemosaic.orbitalia.org\/pt-pt\/wp-json\/wp\/v2\/product_cat?post=28605"},{"taxonomy":"product_tag","embeddable":true,"href":"https:\/\/olemosaic.orbitalia.org\/pt-pt\/wp-json\/wp\/v2\/product_tag?post=28605"}],"curies":[{"name":"wp","href":"https:\/\/api.w.org\/{rel}","templated":true}]}}