{"id":28604,"date":"2025-02-20T23:29:47","date_gmt":"2025-02-20T22:29:47","guid":{"rendered":"https:\/\/olemosaic.orbitalia.org\/producto\/bol-de-coco-azul-flamenco-3\/"},"modified":"2025-07-25T21:14:41","modified_gmt":"2025-07-25T19:14:41","slug":"taca-de-coco-azul-flamingo-3","status":"publish","type":"product","link":"https:\/\/olemosaic.orbitalia.org\/pt-pt\/produto\/taca-de-coco-azul-flamingo-3\/","title":{"rendered":"Ta\u00e7a de coco azul. Flamingo. Arte andaluza."},"content":{"rendered":"<p>Esta ta\u00e7a de coco azul, decorada com um encantador motivo de flamingos, \u00e9 uma pe\u00e7a \u00fanica que traz um toque de cor e estilo a qualquer casa. Feita \u00e0 m\u00e3o com material de coco, destaca-se pelo seu design vibrante em tons de azul e preto, que funde a modernidade com a tradi\u00e7\u00e3o artesanal. O interior da ta\u00e7a apresenta um intrincado motivo decorativo onde os flamingos, elegantemente pintados, se erguem sobre um fundo azul, rodeados de pequenos detalhes em forma de cora\u00e7\u00f5es que adicionam um elemento l\u00fadico e rom\u00e2ntico.<\/p>\n<p>Este souvenir n\u00e3o \u00e9 apenas uma bela pe\u00e7a decorativa, mas tamb\u00e9m evoca a ess\u00eancia da paisagem espanhola, especialmente das regi\u00f5es costeiras, onde os flamingos s\u00e3o um s\u00edmbolo de beleza natural. O seu design elegante e fresco reflete o estilo de vida descontra\u00eddo que caracteriza as zonas mais quentes de Espanha, tornando-o uma recorda\u00e7\u00e3o representativa ideal para os turistas que desejam levar um peda\u00e7o desta cultura para casa.<\/p>\n<p>Na Ol\u00e9 Mosaic, o nosso compromisso \u00e9 oferecer souvenirs aut\u00eanticos e de qualidade, e esta ta\u00e7a de flamingos \u00e9 uma excelente op\u00e7\u00e3o para as lojas de presentes tur\u00edsticos que procuram produtos distintivos. Como grossistas de souvenirs de design excecional, asseguramos que cada pe\u00e7a seja um testemunho do patrim\u00f3nio e da criatividade espanhola, perfeita para aqueles que apreciam a beleza e o artesanato.<\/p>\n","protected":false},"excerpt":{"rendered":"<p>Ta\u00e7a de coco azul decorada com um encantador motivo de flamingos, ideal para adicionar um toque de cor e estilo a qualquer casa. Este produto, feito de coco, apresenta um design moderno com tons de azul e preto, combinado com pequenos detalhes em forma de cora\u00e7\u00f5es. Os flamingos, pintados com grande cuidado, conferem um ar fresco e elegante, tornando-o uma recorda\u00e7\u00e3o original que evoca a cultura espanhola.<\/p>\n","protected":false},"featured_media":13458,"template":"","meta":{"_acf_changed":false},"product_brand":[],"product_cat":[513],"product_tag":[516],"class_list":{"0":"post-28604","1":"product","2":"type-product","3":"status-publish","4":"has-post-thumbnail","6":"product_cat-bols","7":"product_tag-animais","8":"pa_motivo-flamingos","10":"first","11":"instock","12":"shipping-taxable","13":"product-type-simple"},"acf":[],"_links":{"self":[{"href":"https:\/\/olemosaic.orbitalia.org\/pt-pt\/wp-json\/wp\/v2\/product\/28604","targetHints":{"allow":["GET"]}}],"collection":[{"href":"https:\/\/olemosaic.orbitalia.org\/pt-pt\/wp-json\/wp\/v2\/product"}],"about":[{"href":"https:\/\/olemosaic.orbitalia.org\/pt-pt\/wp-json\/wp\/v2\/types\/product"}],"wp:featuredmedia":[{"embeddable":true,"href":"https:\/\/olemosaic.orbitalia.org\/pt-pt\/wp-json\/wp\/v2\/media\/13458"}],"wp:attachment":[{"href":"https:\/\/olemosaic.orbitalia.org\/pt-pt\/wp-json\/wp\/v2\/media?parent=28604"}],"wp:term":[{"taxonomy":"product_brand","embeddable":true,"href":"https:\/\/olemosaic.orbitalia.org\/pt-pt\/wp-json\/wp\/v2\/product_brand?post=28604"},{"taxonomy":"product_cat","embeddable":true,"href":"https:\/\/olemosaic.orbitalia.org\/pt-pt\/wp-json\/wp\/v2\/product_cat?post=28604"},{"taxonomy":"product_tag","embeddable":true,"href":"https:\/\/olemosaic.orbitalia.org\/pt-pt\/wp-json\/wp\/v2\/product_tag?post=28604"}],"curies":[{"name":"wp","href":"https:\/\/api.w.org\/{rel}","templated":true}]}}