{"id":28593,"date":"2025-02-20T23:29:47","date_gmt":"2025-02-20T22:29:47","guid":{"rendered":"https:\/\/olemosaic.orbitalia.org\/producto\/bol-de-coco-azul-tortuga-menorca\/"},"modified":"2025-07-25T18:53:15","modified_gmt":"2025-07-25T16:53:15","slug":"taca-de-coco-azul-tartaruga-menorca","status":"publish","type":"product","link":"https:\/\/olemosaic.orbitalia.org\/pt-pt\/produto\/taca-de-coco-azul-tartaruga-menorca\/","title":{"rendered":"Ta\u00e7a de coco azul. Tartaruga. Menorca."},"content":{"rendered":"<p>Esta ta\u00e7a de coco azul, decorada com um encantador design de tartaruga, \u00e9 uma pe\u00e7a que encarna a ess\u00eancia de Menorca. \u00c9 ideal para quem procura uma lembran\u00e7a aut\u00eantica que capte a beleza desta ilha mediterr\u00e2nica. O seu acabamento em delicados tons azuis evoca as \u00e1guas cristalinas do mar que rodeia Menorca, enquanto as manchas, dispostas de forma org\u00e2nica, conferem uma sensa\u00e7\u00e3o de movimento e fluidez, como as ondas do oceano. No centro da ta\u00e7a, a tartaruga, um s\u00edmbolo emblem\u00e1tico da fauna marina local, destaca-se com um design cuidadosamente elaborado, complementado pelo texto &#8220;MENORCA&#8221; que enfatiza a sua origem.<\/p>\n<p>Este artigo, fabricado um a um com coco, n\u00e3o s\u00f3 \u00e9 esteticamente atraente, como tamb\u00e9m funcional. \u00c9 perfeito para decorar qualquer lar ou para us\u00e1-lo diariamente. O artesanato por tr\u00e1s desta ta\u00e7a reflete a rica tradi\u00e7\u00e3o cultural de Menorca, onde cada pe\u00e7a conta uma hist\u00f3ria \u00fanica relacionada com a natureza e o ambiente marinho.<\/p>\n<p>Na Ol\u00e9 Mosaic, especializamo-nos na distribui\u00e7\u00e3o de lembran\u00e7as por grosso, e esta ta\u00e7a de coco \u00e9 uma excelente op\u00e7\u00e3o para as lojas de presentes tur\u00edsticos que procuram oferecer artigos aut\u00eanticos e representativos de Menorca. Como grossistas de produtos artesanais, garantimos a qualidade e a unicidade de cada artigo, o que torna esta ta\u00e7a uma recorda\u00e7\u00e3o excecional para qualquer visitante da ilha.<\/p>\n","protected":false},"excerpt":{"rendered":"<p>Ta\u00e7a de coco azul decorada com um design de tartaruga, que representa a ess\u00eancia de Menorca. Esta atraente ta\u00e7a apresenta um acabamento em tons azuis, com manchas que evocam o mar. A tartaruga, s\u00edmbolo da fauna marinha da ilha, est\u00e1 desenhada no centro da ta\u00e7a, juntamente com a palavra &#8220;MENORCA&#8221;. Fabricado em coco, este artigo artesanal combina funcionalidade e est\u00e9tica, ideal para complementar qualquer lar.<\/p>\n","protected":false},"featured_media":11913,"template":"","meta":{"_acf_changed":false},"product_brand":[],"product_cat":[513],"product_tag":[516],"class_list":{"0":"post-28593","1":"product","2":"type-product","3":"status-publish","4":"has-post-thumbnail","6":"product_cat-bols","7":"product_tag-animais","8":"pa_ciudad-menorca","9":"pa_motivo-tartarugas","10":"pa_pais-espana","12":"first","13":"instock","14":"shipping-taxable","15":"product-type-simple"},"acf":[],"_links":{"self":[{"href":"https:\/\/olemosaic.orbitalia.org\/pt-pt\/wp-json\/wp\/v2\/product\/28593","targetHints":{"allow":["GET"]}}],"collection":[{"href":"https:\/\/olemosaic.orbitalia.org\/pt-pt\/wp-json\/wp\/v2\/product"}],"about":[{"href":"https:\/\/olemosaic.orbitalia.org\/pt-pt\/wp-json\/wp\/v2\/types\/product"}],"wp:featuredmedia":[{"embeddable":true,"href":"https:\/\/olemosaic.orbitalia.org\/pt-pt\/wp-json\/wp\/v2\/media\/11913"}],"wp:attachment":[{"href":"https:\/\/olemosaic.orbitalia.org\/pt-pt\/wp-json\/wp\/v2\/media?parent=28593"}],"wp:term":[{"taxonomy":"product_brand","embeddable":true,"href":"https:\/\/olemosaic.orbitalia.org\/pt-pt\/wp-json\/wp\/v2\/product_brand?post=28593"},{"taxonomy":"product_cat","embeddable":true,"href":"https:\/\/olemosaic.orbitalia.org\/pt-pt\/wp-json\/wp\/v2\/product_cat?post=28593"},{"taxonomy":"product_tag","embeddable":true,"href":"https:\/\/olemosaic.orbitalia.org\/pt-pt\/wp-json\/wp\/v2\/product_tag?post=28593"}],"curies":[{"name":"wp","href":"https:\/\/api.w.org\/{rel}","templated":true}]}}