{"id":28590,"date":"2025-02-20T23:29:46","date_gmt":"2025-02-20T22:29:46","guid":{"rendered":"https:\/\/olemosaic.orbitalia.org\/producto\/bol-de-coco-azul-delfin-mallorca-4\/"},"modified":"2025-07-25T19:49:32","modified_gmt":"2025-07-25T17:49:32","slug":"taca-de-coco-azul-golfinho-maiorca-4","status":"publish","type":"product","link":"https:\/\/olemosaic.orbitalia.org\/pt-pt\/produto\/taca-de-coco-azul-golfinho-maiorca-4\/","title":{"rendered":"Ta\u00e7a de coco azul. Golfinho. Estilo mediterr\u00e2nico. Maiorca. Espanha."},"content":{"rendered":"<p>Esta ta\u00e7a de coco azul, decorada com um encantador golfinho, \u00e9 um aut\u00eantico tesouro de Maiorca que capta a ess\u00eancia do Mediterr\u00e2neo e serve como uma delicada recorda\u00e7\u00e3o das maravilhas da ilha. O design, pintado \u00e0 m\u00e3o, apresenta um vibrante rebordo azul que emoldura um festim de cora\u00e7\u00f5es em tons de rosa, verde e roxo, conferindo um ar alegre e colorido a qualquer espa\u00e7o. No centro da ta\u00e7a, um golfinho esculpido com um acabamento brilhante ergue-se majestoso, simbolizando a riqueza marinha e a biodiversidade do ambiente balear. Por baixo, a palavra &#8220;MALLORCA&#8221; est\u00e1 elegantemente incrustada, refor\u00e7ando o car\u00e1cter local da lembran\u00e7a.<\/p>\n<p>Esta ta\u00e7a de coco \u00e9 mais do que um simples objeto decorativo; \u00e9 uma liga\u00e7\u00e3o cultural com Maiorca, onde o golfinho \u00e9 um s\u00edmbolo essencial das suas \u00e1guas cristalinas e da vida marinha que as habita. Ideal para turistas que procuram uma recorda\u00e7\u00e3o \u00fanica e aut\u00eantica, esta ta\u00e7a representa a tradi\u00e7\u00e3o artesanal maiorquina. Na Ol\u00e9 Mosaic, como distribuidores de lembran\u00e7as por grosso, oferecemos artigos genu\u00ednos e de alta qualidade. Esta ta\u00e7a \u00e9 uma op\u00e7\u00e3o perfeita para lojas de presentes tur\u00edsticos que procuram produtos que combinam beleza, relev\u00e2ncia cultural e funcionalidade. N\u00e3o s\u00f3 embelezar\u00e1 o lar de quem a adquirir, como tamb\u00e9m evocar\u00e1 preciosas mem\u00f3rias da experi\u00eancia de visitar as costas de Maiorca.<\/p>\n","protected":false},"excerpt":{"rendered":"<p>Ta\u00e7a de coco azul decorada com um simp\u00e1tico golfinho, s\u00edmbolo do mar Mediterr\u00e2neo e origin\u00e1rio de Maiorca. Este artigo apresenta um design artesanal, pintado \u00e0 m\u00e3o, que se destaca pelo seu rebordo azul e pelos coloridos cora\u00e7\u00f5es em tons de rosa, verde e roxo. No centro, o golfinho exibe um acabamento brilhante, e a palavra &#8220;MALLORCA&#8221; est\u00e1 delicadamente incrustada na parte inferior da ta\u00e7a. Perfeita para dar um toque distintivo e alegre a qualquer lar.<\/p>\n","protected":false},"featured_media":10355,"template":"","meta":{"_acf_changed":false},"product_brand":[],"product_cat":[513],"product_tag":[516],"class_list":{"0":"post-28590","1":"product","2":"type-product","3":"status-publish","4":"has-post-thumbnail","6":"product_cat-bols","7":"product_tag-animais","8":"pa_ciudad-mallorca","9":"pa_motivo-golfinhos","10":"pa_pais-espana","12":"first","13":"instock","14":"shipping-taxable","15":"product-type-simple"},"acf":[],"_links":{"self":[{"href":"https:\/\/olemosaic.orbitalia.org\/pt-pt\/wp-json\/wp\/v2\/product\/28590","targetHints":{"allow":["GET"]}}],"collection":[{"href":"https:\/\/olemosaic.orbitalia.org\/pt-pt\/wp-json\/wp\/v2\/product"}],"about":[{"href":"https:\/\/olemosaic.orbitalia.org\/pt-pt\/wp-json\/wp\/v2\/types\/product"}],"wp:featuredmedia":[{"embeddable":true,"href":"https:\/\/olemosaic.orbitalia.org\/pt-pt\/wp-json\/wp\/v2\/media\/10355"}],"wp:attachment":[{"href":"https:\/\/olemosaic.orbitalia.org\/pt-pt\/wp-json\/wp\/v2\/media?parent=28590"}],"wp:term":[{"taxonomy":"product_brand","embeddable":true,"href":"https:\/\/olemosaic.orbitalia.org\/pt-pt\/wp-json\/wp\/v2\/product_brand?post=28590"},{"taxonomy":"product_cat","embeddable":true,"href":"https:\/\/olemosaic.orbitalia.org\/pt-pt\/wp-json\/wp\/v2\/product_cat?post=28590"},{"taxonomy":"product_tag","embeddable":true,"href":"https:\/\/olemosaic.orbitalia.org\/pt-pt\/wp-json\/wp\/v2\/product_tag?post=28590"}],"curies":[{"name":"wp","href":"https:\/\/api.w.org\/{rel}","templated":true}]}}